{"id":30588,"date":"2022-10-02T11:41:22","date_gmt":"2022-10-02T09:41:22","guid":{"rendered":"http:\/\/dev.claret.cat\/producte\/un-ano-con-los-picapinos\/"},"modified":"2023-01-27T23:56:56","modified_gmt":"2023-01-27T22:56:56","slug":"un-ano-con-los-picapinos-9788494565373","status":"publish","type":"product","link":"https:\/\/www.claret.cat\/es\/libro\/un-ano-con-los-picapinos-9788494565373\/","title":{"rendered":"UN A\u00d1O CON LOS PICAPINOS"},"content":{"rendered":"<p>Si escuchas un martilleo en el bosque, \u00e9l no est\u00e1 lejos. \u00a1Es el bonito pico picapinos con su inconfundible plumaje negro, blanco y rojo!<br \/> En este delicado \u00e1lbum informativo, acompa\u00f1amos a este h\u00e1bil constructor a lo largo de todo un a\u00f1o y aprendemos a conocer su h\u00e1bitat.<\/p>\n","protected":false},"excerpt":{"rendered":"<p>M\u00dcLLER, THOMAS<\/p>\n","protected":false},"featured_media":72730,"template":"","meta":{"_acf_changed":false,"om_disable_all_campaigns":false,"rs_blank_template":"","rs_page_bg_color":"","slide_template_v7":"","inline_featured_image":false,"_monsterinsights_skip_tracking":false,"_monsterinsights_sitenote_active":false,"_monsterinsights_sitenote_note":"","_monsterinsights_sitenote_category":0},"product_brand":[],"product_cat":[86],"product_tag":[],"class_list":{"0":"post-30588","1":"product","2":"type-product","3":"status-publish","4":"has-post-thumbnail","6":"product_cat-infantil","8":"first","9":"instock","10":"taxable","11":"shipping-taxable","12":"purchasable","13":"product-type-simple"},"acf":{"autor":"M\u00dcLLER, THOMAS","codart":"84945653","libros-coleccion":"SUSHI BOOKS","ediciones":"1","encuadernacion":"Carton\u00e9","fecha_de_publicacion":"01\/05\/2017","novedad":"1","paginas":"48","subtitulo":"","orden":"0","portada":"0","idioma":"spa","editorial":[{"ID":148459,"post_author":"3","post_date":"2022-10-14 11:58:24","post_date_gmt":"2022-10-14 09:58:24","post_content":"","post_title":"LOGUEZ EDICIONES","post_excerpt":"","post_status":"publish","comment_status":"closed","ping_status":"closed","post_password":"","post_name":"loguez-ediciones","to_ping":"","pinged":"","post_modified":"2022-10-14 11:58:24","post_modified_gmt":"2022-10-14 09:58:24","post_content_filtered":"","post_parent":0,"guid":"http:\/\/dev.claret.cat\/editorial\/loguez-ediciones\/","menu_order":0,"post_type":"editorial","post_mime_type":"","comment_count":"0","filter":"raw"}],"autores-libros":[{"ID":170351,"post_author":"3","post_date":"2022-10-14 22:34:37","post_date_gmt":"2022-10-14 20:34:37","post_content":"","post_title":"THOMAS M\u00dcLLER","post_excerpt":"","post_status":"publish","comment_status":"closed","ping_status":"closed","post_password":"","post_name":"thomas-muller","to_ping":"","pinged":"","post_modified":"2022-10-14 22:34:37","post_modified_gmt":"2022-10-14 20:34:37","post_content_filtered":"","post_parent":0,"guid":"http:\/\/dev.claret.cat\/autor\/thomas-muller\/","menu_order":0,"post_type":"autor","post_mime_type":"","comment_count":"0","filter":"raw"}]},"aioseo_notices":[],"_links":{"self":[{"href":"https:\/\/www.claret.cat\/es\/wp-json\/wp\/v2\/product\/30588","targetHints":{"allow":["GET"]}}],"collection":[{"href":"https:\/\/www.claret.cat\/es\/wp-json\/wp\/v2\/product"}],"about":[{"href":"https:\/\/www.claret.cat\/es\/wp-json\/wp\/v2\/types\/product"}],"wp:featuredmedia":[{"embeddable":true,"href":"https:\/\/www.claret.cat\/es\/wp-json\/wp\/v2\/media\/72730"}],"wp:attachment":[{"href":"https:\/\/www.claret.cat\/es\/wp-json\/wp\/v2\/media?parent=30588"}],"wp:term":[{"taxonomy":"product_brand","embeddable":true,"href":"https:\/\/www.claret.cat\/es\/wp-json\/wp\/v2\/product_brand?post=30588"},{"taxonomy":"product_cat","embeddable":true,"href":"https:\/\/www.claret.cat\/es\/wp-json\/wp\/v2\/product_cat?post=30588"},{"taxonomy":"product_tag","embeddable":true,"href":"https:\/\/www.claret.cat\/es\/wp-json\/wp\/v2\/product_tag?post=30588"}],"curies":[{"name":"wp","href":"https:\/\/api.w.org\/{rel}","templated":true}]}}