{"id":306202,"date":"2022-12-16T06:14:21","date_gmt":"2022-12-16T05:14:21","guid":{"rendered":"http:\/\/dev.claret.cat\/llibre\/tintin-el-cetro-de-ottokar-842610275\/"},"modified":"2025-02-28T12:00:21","modified_gmt":"2025-02-28T11:00:21","slug":"tintin-el-cetro-de-ottokar-9788426102751","status":"publish","type":"product","link":"https:\/\/www.claret.cat\/es\/libro\/tintin-el-cetro-de-ottokar-9788426102751\/","title":{"rendered":"TINTIN, EL CETRO DE OTTOKAR"},"content":{"rendered":"<p>Cuando Tint\u00edn recoge una cartera olvidada en un banco no puede imaginarse que ello le va a llevar al pa\u00eds de Syldavia, situado en el centro de los Balcanes. All\u00ed se entera de que hay una conspiraci\u00f3n para robar el cetro del rey, Muskar XII, sin el cual este no puede seguir reinando. Y su pa\u00eds vecino, Borduria, tiene claras intenciones de invasi\u00f3n. La trama est\u00e1 claramente influida por la \u00e9poca. La historia se public\u00f3 en Le Petit Vingti\u00e8me del 4 de agosto de 1938 al 10 de agosto del a\u00f1o siguiente. Los signos que anunciaban la Segunda Guerra Mundial eran numerosos y la Alemania de Hitler preparaba la invasi\u00f3n de Austria, que qued\u00f3 anexionada convirti\u00e9ndose en una provincia m\u00e1s del tercer Reich. Vemos en El cetro de Ottokar como Borduria intenta anexionarse al pa\u00eds de Syldavia, con la ayuda de un tal Musstler, (cuyo nombre es una composici\u00f3n de Hitler y Mussolini). Los bordurios pueden identificarse con los nazis en much\u00edsimos aspectos: los nombres, los uniformes, los aviones y por su t\u00e1ctica de infiltraci\u00f3n en Syldavia. En el a\u00f1o 1947 el \u00e1lbum fue redise\u00f1ado a color.<\/p>\n","protected":false},"excerpt":{"rendered":"<p>HERGE<\/p>\n","protected":false},"featured_media":306203,"template":"","meta":{"_acf_changed":false,"om_disable_all_campaigns":false,"rs_blank_template":"","rs_page_bg_color":"","slide_template_v7":"","inline_featured_image":false,"_monsterinsights_skip_tracking":false,"_monsterinsights_sitenote_active":false,"_monsterinsights_sitenote_note":"","_monsterinsights_sitenote_category":0},"product_brand":[],"product_cat":[108,558],"product_tag":[],"class_list":{"0":"post-306202","1":"product","2":"type-product","3":"status-publish","4":"has-post-thumbnail","6":"product_cat-comic","7":"product_cat-comic-3_infantil-juvenil-spa-spa","9":"first","10":"instock","11":"taxable","12":"shipping-taxable","13":"purchasable","14":"product-type-simple"},"acf":{"autor":"HERGE","codart":"842610275","libros-coleccion":"FORA DE COL.LECCI\u00d3","ediciones":"11","encuadernacion":"Carton\u00e9","fecha_de_publicacion":"01\/10\/1986","novedad":"0","paginas":"64","subtitulo":"","orden":"999","portada":"0","idioma":"spa","editorial":[{"ID":262205,"post_author":"3","post_date":"2022-10-24 11:21:19","post_date_gmt":"2022-10-24 09:21:19","post_content":"","post_title":"JOVENTUT, S.A.","post_excerpt":"","post_status":"publish","comment_status":"closed","ping_status":"closed","post_password":"","post_name":"joventut-s-a","to_ping":"","pinged":"","post_modified":"2022-10-24 11:21:19","post_modified_gmt":"2022-10-24 09:21:19","post_content_filtered":"","post_parent":0,"guid":"http:\/\/dev.claret.cat\/editorial\/joventut-s-a\/","menu_order":0,"post_type":"editorial","post_mime_type":"","comment_count":"0","filter":"raw"}],"autores-libros":[{"ID":157539,"post_author":"3","post_date":"2022-10-14 15:29:37","post_date_gmt":"2022-10-14 13:29:37","post_content":"","post_title":"HERG\u00c9","post_excerpt":"","post_status":"publish","comment_status":"closed","ping_status":"closed","post_password":"","post_name":"herge","to_ping":"","pinged":"","post_modified":"2022-10-14 15:29:37","post_modified_gmt":"2022-10-14 13:29:37","post_content_filtered":"","post_parent":0,"guid":"http:\/\/dev.claret.cat\/autor\/herge\/","menu_order":0,"post_type":"autor","post_mime_type":"","comment_count":"0","filter":"raw"}]},"aioseo_notices":[],"_links":{"self":[{"href":"https:\/\/www.claret.cat\/es\/wp-json\/wp\/v2\/product\/306202","targetHints":{"allow":["GET"]}}],"collection":[{"href":"https:\/\/www.claret.cat\/es\/wp-json\/wp\/v2\/product"}],"about":[{"href":"https:\/\/www.claret.cat\/es\/wp-json\/wp\/v2\/types\/product"}],"wp:featuredmedia":[{"embeddable":true,"href":"https:\/\/www.claret.cat\/es\/wp-json\/wp\/v2\/media\/306203"}],"wp:attachment":[{"href":"https:\/\/www.claret.cat\/es\/wp-json\/wp\/v2\/media?parent=306202"}],"wp:term":[{"taxonomy":"product_brand","embeddable":true,"href":"https:\/\/www.claret.cat\/es\/wp-json\/wp\/v2\/product_brand?post=306202"},{"taxonomy":"product_cat","embeddable":true,"href":"https:\/\/www.claret.cat\/es\/wp-json\/wp\/v2\/product_cat?post=306202"},{"taxonomy":"product_tag","embeddable":true,"href":"https:\/\/www.claret.cat\/es\/wp-json\/wp\/v2\/product_tag?post=306202"}],"curies":[{"name":"wp","href":"https:\/\/api.w.org\/{rel}","templated":true}]}}