{"id":30621,"date":"2022-10-02T11:41:54","date_gmt":"2022-10-02T09:41:54","guid":{"rendered":"http:\/\/dev.claret.cat\/producte\/quiereme-bonito-una-mirada-de-amor-y-respeto-a-la-infancia\/"},"modified":"2023-01-28T19:07:10","modified_gmt":"2023-01-28T18:07:10","slug":"quiereme-bonito-una-mirada-de-amor-y-respeto-a-la-infancia-9788494565878","status":"publish","type":"product","link":"https:\/\/www.claret.cat\/es\/libro\/quiereme-bonito-una-mirada-de-amor-y-respeto-a-la-infancia-9788494565878\/","title":{"rendered":"QUIEREME BONITO. UNA MIRADA DE AMOR Y RESPETO A LA INFANCIA"},"content":{"rendered":"<p>QUI\u00c9REME BONITO Es una herramienta pedag\u00f3gica que recuerda al mundo adulto los l\u00edmites, el respeto y el permiso al cuerpo a la hora de interactuar con los ni\u00f1os. Tambi\u00e9n da voz a la infancia para que exprese lo que siente, lo que piensa y lo que necesita, pero, sobre todo, su derecho a decir NO y con ello, confirmar la necesidad de ser acompa\u00f1ada con RESPETO y desde el ejemplo adulto.<br \/>Qui\u00e9reme Bonito es otra forma de amarlos de forma incondicional, es legarles una identidad basada en la confianza, la libertad y la seguridad.<\/p>\n","protected":false},"excerpt":{"rendered":"<p>AA.VV.<\/p>\n","protected":false},"featured_media":64362,"template":"","meta":{"_acf_changed":false,"om_disable_all_campaigns":false,"rs_blank_template":"","rs_page_bg_color":"","slide_template_v7":"","inline_featured_image":false,"_monsterinsights_skip_tracking":false,"_monsterinsights_sitenote_active":false,"_monsterinsights_sitenote_note":"","_monsterinsights_sitenote_category":0},"product_brand":[],"product_cat":[131,137],"product_tag":[],"class_list":{"0":"post-30621","1":"product","2":"type-product","3":"status-publish","4":"has-post-thumbnail","6":"product_cat-contes-per-infants-0-6-anys","7":"product_cat-escola-de-pares-infantil","9":"first","10":"instock","11":"taxable","12":"shipping-taxable","13":"purchasable","14":"product-type-simple"},"acf":{"autor":"AA.VV.","codart":"849456587","libros-coleccion":"","ediciones":"1","encuadernacion":"Carton\u00e9","fecha_de_publicacion":"01\/08\/2021","novedad":"1","paginas":"45","subtitulo":"","orden":"0","portada":"0","idioma":"spa","autores-libros":[{"ID":5199,"post_author":"3","post_date":"2022-07-28 17:16:54","post_date_gmt":"2022-07-28 15:16:54","post_content":"","post_title":"AA.VV.","post_excerpt":"","post_status":"publish","comment_status":"closed","ping_status":"closed","post_password":"","post_name":"aa-vv-3","to_ping":"","pinged":"","post_modified":"2022-07-28 17:16:54","post_modified_gmt":"2022-07-28 15:16:54","post_content_filtered":"","post_parent":0,"guid":"http:\/\/dev.claret.cat\/autor\/aa-vv-3\/","menu_order":0,"post_type":"autor","post_mime_type":"","comment_count":"0","filter":"raw"}],"editorial":[{"ID":147745,"post_author":"3","post_date":"2022-10-14 11:52:54","post_date_gmt":"2022-10-14 09:52:54","post_content":"","post_title":"DIVALENTIS","post_excerpt":"","post_status":"publish","comment_status":"closed","ping_status":"closed","post_password":"","post_name":"divalentis","to_ping":"","pinged":"","post_modified":"2022-10-14 11:52:54","post_modified_gmt":"2022-10-14 09:52:54","post_content_filtered":"","post_parent":0,"guid":"http:\/\/dev.claret.cat\/editorial\/divalentis\/","menu_order":0,"post_type":"editorial","post_mime_type":"","comment_count":"0","filter":"raw"}]},"aioseo_notices":[],"_links":{"self":[{"href":"https:\/\/www.claret.cat\/es\/wp-json\/wp\/v2\/product\/30621","targetHints":{"allow":["GET"]}}],"collection":[{"href":"https:\/\/www.claret.cat\/es\/wp-json\/wp\/v2\/product"}],"about":[{"href":"https:\/\/www.claret.cat\/es\/wp-json\/wp\/v2\/types\/product"}],"wp:featuredmedia":[{"embeddable":true,"href":"https:\/\/www.claret.cat\/es\/wp-json\/wp\/v2\/media\/64362"}],"wp:attachment":[{"href":"https:\/\/www.claret.cat\/es\/wp-json\/wp\/v2\/media?parent=30621"}],"wp:term":[{"taxonomy":"product_brand","embeddable":true,"href":"https:\/\/www.claret.cat\/es\/wp-json\/wp\/v2\/product_brand?post=30621"},{"taxonomy":"product_cat","embeddable":true,"href":"https:\/\/www.claret.cat\/es\/wp-json\/wp\/v2\/product_cat?post=30621"},{"taxonomy":"product_tag","embeddable":true,"href":"https:\/\/www.claret.cat\/es\/wp-json\/wp\/v2\/product_tag?post=30621"}],"curies":[{"name":"wp","href":"https:\/\/api.w.org\/{rel}","templated":true}]}}