{"id":306220,"date":"2022-12-16T06:15:11","date_gmt":"2022-12-16T05:15:11","guid":{"rendered":"http:\/\/dev.claret.cat\/llibre\/tintin-las-joyas-de-la-castafiore-842610383\/"},"modified":"2025-02-28T12:00:59","modified_gmt":"2025-02-28T11:00:59","slug":"tintin-las-joyas-de-la-castafiore-9788426103833","status":"publish","type":"product","link":"https:\/\/www.claret.cat\/es\/libro\/tintin-las-joyas-de-la-castafiore-9788426103833\/","title":{"rendered":"TINTIN, LAS JOYAS DE LA CASTAFIORE"},"content":{"rendered":"<p>La Castafiore anuncia su llegada a Moulinsart, y el capit\u00e1n intenta huir de viaje a toda prisa, pero tropieza con un escal\u00f3n roto que a\u00fan no han venido a arreglar y se rompe los ligamentos. Nace el rumor de una relaci\u00f3n sentimental entre la cantante y el \u201cviejo lobo de mar\u201d y se llena todo de paparazzis. Y desaparecen las joyas\u2026 En este \u00e1lbum no hay viajes ni grandes aventuras, y ah\u00ed est\u00e1 la gracia de Herg\u00e9 para conseguir mantener la intriga. Toda la acci\u00f3n sucede en Moulinsart, dentro y en los jardines y alrededores del castillo. Seg\u00fan nos cuenta el mismo Herg\u00e9: \u201cAl empezar este \u00e1lbum, mi intenci\u00f3n era tambi\u00e9n la de simplificar, la de entrenarme a narrar, esta vez, una historia en la que no pasase nada, sin recurrir al exotismo. Simplemente para ver si era capaz de mantener al lector en vilo hasta el final\u201d.<\/p>\n","protected":false},"excerpt":{"rendered":"<p>HERGE<\/p>\n","protected":false},"featured_media":306221,"template":"","meta":{"_acf_changed":false,"om_disable_all_campaigns":false,"rs_blank_template":"","rs_page_bg_color":"","slide_template_v7":"","inline_featured_image":false,"_monsterinsights_skip_tracking":false,"_monsterinsights_sitenote_active":false,"_monsterinsights_sitenote_note":"","_monsterinsights_sitenote_category":0},"product_brand":[],"product_cat":[108,558],"product_tag":[],"class_list":{"0":"post-306220","1":"product","2":"type-product","3":"status-publish","4":"has-post-thumbnail","6":"product_cat-comic","7":"product_cat-comic-3_infantil-juvenil-spa-spa","9":"first","10":"instock","11":"taxable","12":"shipping-taxable","13":"purchasable","14":"product-type-simple"},"acf":{"autor":"HERGE","codart":"842610383","libros-coleccion":"FORA DE COL.LECCI\u00d3","ediciones":"10","encuadernacion":"Carton\u00e9","fecha_de_publicacion":"01\/12\/1987","novedad":"0","paginas":"64","subtitulo":"","orden":"999","portada":"0","idioma":"spa","editorial":[{"ID":262205,"post_author":"3","post_date":"2022-10-24 11:21:19","post_date_gmt":"2022-10-24 09:21:19","post_content":"","post_title":"JOVENTUT, S.A.","post_excerpt":"","post_status":"publish","comment_status":"closed","ping_status":"closed","post_password":"","post_name":"joventut-s-a","to_ping":"","pinged":"","post_modified":"2022-10-24 11:21:19","post_modified_gmt":"2022-10-24 09:21:19","post_content_filtered":"","post_parent":0,"guid":"http:\/\/dev.claret.cat\/editorial\/joventut-s-a\/","menu_order":0,"post_type":"editorial","post_mime_type":"","comment_count":"0","filter":"raw"}],"autores-libros":[{"ID":157539,"post_author":"3","post_date":"2022-10-14 15:29:37","post_date_gmt":"2022-10-14 13:29:37","post_content":"","post_title":"HERG\u00c9","post_excerpt":"","post_status":"publish","comment_status":"closed","ping_status":"closed","post_password":"","post_name":"herge","to_ping":"","pinged":"","post_modified":"2022-10-14 15:29:37","post_modified_gmt":"2022-10-14 13:29:37","post_content_filtered":"","post_parent":0,"guid":"http:\/\/dev.claret.cat\/autor\/herge\/","menu_order":0,"post_type":"autor","post_mime_type":"","comment_count":"0","filter":"raw"}]},"aioseo_notices":[],"_links":{"self":[{"href":"https:\/\/www.claret.cat\/es\/wp-json\/wp\/v2\/product\/306220","targetHints":{"allow":["GET"]}}],"collection":[{"href":"https:\/\/www.claret.cat\/es\/wp-json\/wp\/v2\/product"}],"about":[{"href":"https:\/\/www.claret.cat\/es\/wp-json\/wp\/v2\/types\/product"}],"wp:featuredmedia":[{"embeddable":true,"href":"https:\/\/www.claret.cat\/es\/wp-json\/wp\/v2\/media\/306221"}],"wp:attachment":[{"href":"https:\/\/www.claret.cat\/es\/wp-json\/wp\/v2\/media?parent=306220"}],"wp:term":[{"taxonomy":"product_brand","embeddable":true,"href":"https:\/\/www.claret.cat\/es\/wp-json\/wp\/v2\/product_brand?post=306220"},{"taxonomy":"product_cat","embeddable":true,"href":"https:\/\/www.claret.cat\/es\/wp-json\/wp\/v2\/product_cat?post=306220"},{"taxonomy":"product_tag","embeddable":true,"href":"https:\/\/www.claret.cat\/es\/wp-json\/wp\/v2\/product_tag?post=306220"}],"curies":[{"name":"wp","href":"https:\/\/api.w.org\/{rel}","templated":true}]}}