{"id":306244,"date":"2022-12-16T06:16:13","date_gmt":"2022-12-16T05:16:13","guid":{"rendered":"http:\/\/dev.claret.cat\/llibre\/tintin-el-loto-azul-842610926\/"},"modified":"2025-02-28T12:01:30","modified_gmt":"2025-02-28T11:01:30","slug":"tintin-el-loto-azul-9788426109262","status":"publish","type":"product","link":"https:\/\/www.claret.cat\/es\/libro\/tintin-el-loto-azul-9788426109262\/","title":{"rendered":"TINTIN, EL LOTO AZUL"},"content":{"rendered":"<p>Tint\u00edn viajar\u00e1 esta vez a la milenaria China. En Shangai descubre el origen de un poderoso veneno que hace enloquecer. Se enfrenta con una terrible banda de traficantes de opio y con unos agentes japoneses que hasta el final del libro mantienen el suspense del lector. Al finalizar Los cigarros del fara\u00f3n, Herg\u00e9 hab\u00eda anunciado en \u201cLe Petit Vingti\u00e8me\u201d que Tint\u00edn iba a proseguir su viaje hacia Extremo Oriente. Entonces recibi\u00f3 una carta del Padre Gosset, capell\u00e1n de los estudiantes chinos en la Universidad de Lovaina, que le aconsej\u00f3 documentarse bien sobre China y su cultura y le present\u00f3 a Tchang Tchong-Jen, joven chino estudiante de arte en la Academia de Bellas Artes de Lovaina. Enseguida simpatizaron y se hicieron grandes amigos. (Podemos reconocerlo en el personaje Tchang, el chico chino amigo de Tint\u00edn). A trav\u00e9s de largas conversaciones con Tchang, Herg\u00e9 pudo adentrarse en el conocimiento de la cultura de China, alej\u00e1ndose de los t\u00f3picos sobre los chinos que ten\u00edan los europeos, absolutamente alejados de la realidad. La amistad con Tchang durar\u00eda toda la vida, tanto en la ficci\u00f3n como en la realidad. Este es el primer \u00e1lbum que Herg\u00e9 asumir\u00eda plenamente, y a partir de aqu\u00ed se document\u00f3 siempre en profundidad sobre los pa\u00edses a donde ten\u00eda que viajar Tint\u00edn.<\/p>\n","protected":false},"excerpt":{"rendered":"<p>HERGE<\/p>\n","protected":false},"featured_media":306245,"template":"","meta":{"_acf_changed":false,"om_disable_all_campaigns":false,"rs_blank_template":"","rs_page_bg_color":"","slide_template_v7":"","inline_featured_image":false,"_monsterinsights_skip_tracking":false,"_monsterinsights_sitenote_active":false,"_monsterinsights_sitenote_note":"","_monsterinsights_sitenote_category":0},"product_brand":[],"product_cat":[108,558],"product_tag":[],"class_list":{"0":"post-306244","1":"product","2":"type-product","3":"status-publish","4":"has-post-thumbnail","6":"product_cat-comic","7":"product_cat-comic-3_infantil-juvenil-spa-spa","9":"first","10":"instock","11":"taxable","12":"shipping-taxable","13":"purchasable","14":"product-type-simple"},"acf":{"autor":"HERGE","codart":"842610926","libros-coleccion":"FORA DE COL.LECCI\u00d3","ediciones":"10","encuadernacion":"Carton\u00e9","fecha_de_publicacion":"01\/12\/1986","novedad":"0","paginas":"64","subtitulo":"","orden":"999","portada":"0","idioma":"spa","editorial":[{"ID":262205,"post_author":"3","post_date":"2022-10-24 11:21:19","post_date_gmt":"2022-10-24 09:21:19","post_content":"","post_title":"JOVENTUT, S.A.","post_excerpt":"","post_status":"publish","comment_status":"closed","ping_status":"closed","post_password":"","post_name":"joventut-s-a","to_ping":"","pinged":"","post_modified":"2022-10-24 11:21:19","post_modified_gmt":"2022-10-24 09:21:19","post_content_filtered":"","post_parent":0,"guid":"http:\/\/dev.claret.cat\/editorial\/joventut-s-a\/","menu_order":0,"post_type":"editorial","post_mime_type":"","comment_count":"0","filter":"raw"}],"autores-libros":[{"ID":157539,"post_author":"3","post_date":"2022-10-14 15:29:37","post_date_gmt":"2022-10-14 13:29:37","post_content":"","post_title":"HERG\u00c9","post_excerpt":"","post_status":"publish","comment_status":"closed","ping_status":"closed","post_password":"","post_name":"herge","to_ping":"","pinged":"","post_modified":"2022-10-14 15:29:37","post_modified_gmt":"2022-10-14 13:29:37","post_content_filtered":"","post_parent":0,"guid":"http:\/\/dev.claret.cat\/autor\/herge\/","menu_order":0,"post_type":"autor","post_mime_type":"","comment_count":"0","filter":"raw"}]},"aioseo_notices":[],"_links":{"self":[{"href":"https:\/\/www.claret.cat\/es\/wp-json\/wp\/v2\/product\/306244","targetHints":{"allow":["GET"]}}],"collection":[{"href":"https:\/\/www.claret.cat\/es\/wp-json\/wp\/v2\/product"}],"about":[{"href":"https:\/\/www.claret.cat\/es\/wp-json\/wp\/v2\/types\/product"}],"wp:featuredmedia":[{"embeddable":true,"href":"https:\/\/www.claret.cat\/es\/wp-json\/wp\/v2\/media\/306245"}],"wp:attachment":[{"href":"https:\/\/www.claret.cat\/es\/wp-json\/wp\/v2\/media?parent=306244"}],"wp:term":[{"taxonomy":"product_brand","embeddable":true,"href":"https:\/\/www.claret.cat\/es\/wp-json\/wp\/v2\/product_brand?post=306244"},{"taxonomy":"product_cat","embeddable":true,"href":"https:\/\/www.claret.cat\/es\/wp-json\/wp\/v2\/product_cat?post=306244"},{"taxonomy":"product_tag","embeddable":true,"href":"https:\/\/www.claret.cat\/es\/wp-json\/wp\/v2\/product_tag?post=306244"}],"curies":[{"name":"wp","href":"https:\/\/api.w.org\/{rel}","templated":true}]}}