{"id":306307,"date":"2022-12-16T06:19:05","date_gmt":"2022-12-16T05:19:05","guid":{"rendered":"http:\/\/dev.claret.cat\/llibre\/tintin-lestel-misterios-842611183\/"},"modified":"2025-10-01T19:10:33","modified_gmt":"2025-10-01T17:10:33","slug":"tintin-lestel-misterios-9788426111838","status":"publish","type":"product","link":"https:\/\/www.claret.cat\/es\/libro\/tintin-lestel-misterios-9788426111838\/","title":{"rendered":"TINT\u00cdN, L&#8217;ESTEL MISTERI\u00d3S"},"content":{"rendered":"<p>Un aer\u00f2lit avan\u00e7a cap a la terra i molts presagien la fi del m\u00f3n. En Tint\u00edn va a l&#8217;observatori astron\u00f2mic on hi coneix el professor C\u00e0lix. Per sort, els presagis no s&#8217;acompleixen i nom\u00e9s arriba a la terra un fragment del meteorit que cau a l&#8217;oce\u00e0 \u00c0rtic. En adonar-se que en aquest fragment hi ha un element desconegut, el professor C\u00e0lix organitza una expedici\u00f3 amb el vaixell Aurora, en la qual hi formaran part en Tint\u00edn, i el capit\u00e0 Haddock.<br \/> L&#8217;estel misteri\u00f3s ser\u00e0 el primer \u00e0lbum dissenyat directament a color, i va ser publicat l&#8217;any 1942.<\/p>\n","protected":false},"excerpt":{"rendered":"<p>REMI, GEORGES<\/p>\n","protected":false},"featured_media":314226,"template":"","meta":{"_acf_changed":false,"om_disable_all_campaigns":false,"rs_blank_template":"","rs_page_bg_color":"","slide_template_v7":"","inline_featured_image":false,"_monsterinsights_skip_tracking":false,"_monsterinsights_sitenote_active":false,"_monsterinsights_sitenote_note":"","_monsterinsights_sitenote_category":0},"product_brand":[],"product_cat":[108,558],"product_tag":[],"class_list":{"0":"post-306307","1":"product","2":"type-product","3":"status-publish","4":"has-post-thumbnail","6":"product_cat-comic","7":"product_cat-comic-3_infantil-juvenil-spa-spa","9":"first","10":"instock","11":"taxable","12":"shipping-taxable","13":"purchasable","14":"product-type-simple"},"acf":{"autor":"REMI, GEORGES","codart":"842611183","libros-coleccion":"LAS AVENTURAS DE TINTIN CARTONE","ediciones":"1","encuadernacion":"Carton\u00e9","fecha_de_publicacion":"01\/10\/1989","novedad":"0","paginas":"62","subtitulo":"","orden":"999","portada":"0","idioma":"spa","editorial":[{"ID":6226,"post_author":"3","post_date":"2022-07-28 17:47:36","post_date_gmt":"2022-07-28 15:47:36","post_content":"","post_title":"EDITORIAL JUVENTUD","post_excerpt":"","post_status":"publish","comment_status":"closed","ping_status":"closed","post_password":"","post_name":"editorial-juventud","to_ping":"","pinged":"","post_modified":"2022-07-28 17:47:36","post_modified_gmt":"2022-07-28 15:47:36","post_content_filtered":"","post_parent":0,"guid":"http:\/\/dev.claret.cat\/editorial\/editorial-juventud\/","menu_order":0,"post_type":"editorial","post_mime_type":"","comment_count":"0","filter":"raw"}],"autores-libros":[{"ID":157539,"post_author":"3","post_date":"2022-10-14 15:29:37","post_date_gmt":"2022-10-14 13:29:37","post_content":"","post_title":"HERG\u00c9","post_excerpt":"","post_status":"publish","comment_status":"closed","ping_status":"closed","post_password":"","post_name":"herge","to_ping":"","pinged":"","post_modified":"2022-10-14 15:29:37","post_modified_gmt":"2022-10-14 13:29:37","post_content_filtered":"","post_parent":0,"guid":"http:\/\/dev.claret.cat\/autor\/herge\/","menu_order":0,"post_type":"autor","post_mime_type":"","comment_count":"0","filter":"raw"}],"booktrailer":"","resenas":""},"aioseo_notices":[],"_links":{"self":[{"href":"https:\/\/www.claret.cat\/es\/wp-json\/wp\/v2\/product\/306307","targetHints":{"allow":["GET"]}}],"collection":[{"href":"https:\/\/www.claret.cat\/es\/wp-json\/wp\/v2\/product"}],"about":[{"href":"https:\/\/www.claret.cat\/es\/wp-json\/wp\/v2\/types\/product"}],"wp:featuredmedia":[{"embeddable":true,"href":"https:\/\/www.claret.cat\/es\/wp-json\/wp\/v2\/media\/314226"}],"wp:attachment":[{"href":"https:\/\/www.claret.cat\/es\/wp-json\/wp\/v2\/media?parent=306307"}],"wp:term":[{"taxonomy":"product_brand","embeddable":true,"href":"https:\/\/www.claret.cat\/es\/wp-json\/wp\/v2\/product_brand?post=306307"},{"taxonomy":"product_cat","embeddable":true,"href":"https:\/\/www.claret.cat\/es\/wp-json\/wp\/v2\/product_cat?post=306307"},{"taxonomy":"product_tag","embeddable":true,"href":"https:\/\/www.claret.cat\/es\/wp-json\/wp\/v2\/product_tag?post=306307"}],"curies":[{"name":"wp","href":"https:\/\/api.w.org\/{rel}","templated":true}]}}