{"id":306326,"date":"2022-12-16T06:19:51","date_gmt":"2022-12-16T05:19:51","guid":{"rendered":"http:\/\/dev.claret.cat\/llibre\/sopa-de-carbassa-842613096\/"},"modified":"2026-03-05T17:59:13","modified_gmt":"2026-03-05T16:59:13","slug":"sopa-de-carbassa-9788426130969","status":"publish","type":"product","link":"https:\/\/www.claret.cat\/es\/libro\/sopa-de-carbassa-9788426130969\/","title":{"rendered":"SOPA DE CARBASSA"},"content":{"rendered":"<p>Enmig dun bosc, en una bonica cabanya hi viuen un Gat, un Esquirol i un \u00c0nec. Cada dia fan sopa de carbassa per sopar: el Gat trosseja la carbassa, lEsquirol remou la sopa i l\u00c0nec li posa la sal. Viuen els tres molt feli\u00e7os, tot tenint cadascun la seva tasca di\u00e0ria. Per\u00f2 un dia l\u00c0nec decideix canviar els papers, i s\u2019organitza un gran embolic entre els tres amics\u2026El tema de la conviv\u00e8ncia i l\u2019amistat dels amics floreix en aquest \u00e0lbum il\u00b7lustrat per la gran artista que \u00e9s Helen Cooper. La seva formaci\u00f3 com a professora de m\u00fasica i ceramista es reflecteixen en la cad\u00e8ncia harm\u00f2nica i est\u00e8tica d\u2019aquest conte dedicat a nens de 3 a 6 anys. Aquesta hist\u00f2ria continua a Un polsim de pebre.<\/p>\n","protected":false},"excerpt":{"rendered":"<p>COOPER, HELEN<\/p>\n","protected":false},"featured_media":1068701,"template":"","meta":{"_acf_changed":false,"om_disable_all_campaigns":false,"rs_blank_template":"","rs_page_bg_color":"","slide_template_v7":"","inline_featured_image":false,"_monsterinsights_skip_tracking":false,"_monsterinsights_sitenote_active":false,"_monsterinsights_sitenote_note":"","_monsterinsights_sitenote_category":0},"product_brand":[],"product_cat":[86,352],"product_tag":[],"class_list":{"0":"post-306326","1":"product","2":"type-product","3":"status-publish","4":"has-post-thumbnail","6":"product_cat-infantil","7":"product_cat-infantil-3_infantil-juvenil-spa","9":"first","10":"instock","11":"taxable","12":"shipping-taxable","13":"purchasable","14":"product-type-simple"},"acf":{"autor":"COOPER, HELEN","codart":"842613096","libros-coleccion":"FORA DE COL.LECCI\u00d3","ediciones":"1","encuadernacion":"[EditValue is null]","fecha_de_publicacion":"01\/11\/1998","novedad":"1","paginas":"32","subtitulo":"","orden":"999","portada":"0","idioma":"spa","editorial":[{"ID":262205,"post_author":"3","post_date":"2022-10-24 11:21:19","post_date_gmt":"2022-10-24 09:21:19","post_content":"","post_title":"JOVENTUT, S.A.","post_excerpt":"","post_status":"publish","comment_status":"closed","ping_status":"closed","post_password":"","post_name":"joventut-s-a","to_ping":"","pinged":"","post_modified":"2022-10-24 11:21:19","post_modified_gmt":"2022-10-24 09:21:19","post_content_filtered":"","post_parent":0,"guid":"http:\/\/dev.claret.cat\/editorial\/joventut-s-a\/","menu_order":0,"post_type":"editorial","post_mime_type":"","comment_count":"0","filter":"raw"}],"autores-libros":[{"ID":306325,"post_author":"3","post_date":"2022-12-16 06:19:49","post_date_gmt":"2022-12-16 05:19:49","post_content":"","post_title":"HELEN COOPER","post_excerpt":"","post_status":"publish","comment_status":"closed","ping_status":"closed","post_password":"","post_name":"helen-cooper-2","to_ping":"","pinged":"","post_modified":"2022-12-16 06:19:49","post_modified_gmt":"2022-12-16 05:19:49","post_content_filtered":"","post_parent":0,"guid":"http:\/\/dev.claret.cat\/autor\/helen-cooper-2\/","menu_order":0,"post_type":"autor","post_mime_type":"","comment_count":"0","filter":"raw"}],"booktrailer":"","resenas":""},"aioseo_notices":[],"_links":{"self":[{"href":"https:\/\/www.claret.cat\/es\/wp-json\/wp\/v2\/product\/306326","targetHints":{"allow":["GET"]}}],"collection":[{"href":"https:\/\/www.claret.cat\/es\/wp-json\/wp\/v2\/product"}],"about":[{"href":"https:\/\/www.claret.cat\/es\/wp-json\/wp\/v2\/types\/product"}],"wp:featuredmedia":[{"embeddable":true,"href":"https:\/\/www.claret.cat\/es\/wp-json\/wp\/v2\/media\/1068701"}],"wp:attachment":[{"href":"https:\/\/www.claret.cat\/es\/wp-json\/wp\/v2\/media?parent=306326"}],"wp:term":[{"taxonomy":"product_brand","embeddable":true,"href":"https:\/\/www.claret.cat\/es\/wp-json\/wp\/v2\/product_brand?post=306326"},{"taxonomy":"product_cat","embeddable":true,"href":"https:\/\/www.claret.cat\/es\/wp-json\/wp\/v2\/product_cat?post=306326"},{"taxonomy":"product_tag","embeddable":true,"href":"https:\/\/www.claret.cat\/es\/wp-json\/wp\/v2\/product_tag?post=306326"}],"curies":[{"name":"wp","href":"https:\/\/api.w.org\/{rel}","templated":true}]}}