{"id":306335,"date":"2022-12-16T06:20:07","date_gmt":"2022-12-16T05:20:07","guid":{"rendered":"http:\/\/dev.claret.cat\/llibre\/la-abuelita-en-el-manzano-842613225\/"},"modified":"2023-01-28T23:10:25","modified_gmt":"2023-01-28T22:10:25","slug":"la-abuelita-en-el-manzano-842613225","status":"publish","type":"product","link":"https:\/\/www.claret.cat\/es\/libro\/la-abuelita-en-el-manzano-842613225\/","title":{"rendered":"LA ABUELITA EN EL MANZANO"},"content":{"rendered":"<p>\u00bfQu\u00e9 puede hacer un ni\u00f1o si no tiene abuela? \u00a1Pues inventarla! Es lo que hace Andi, un ni\u00f1o lleno de imaginaci\u00f3n que anhela tener una abuela como todos los dem\u00e1s. Y encuentra una muy especial cada vez que se esconde en el manzano para alejarse de sus problemas\u2026 Con ella, Andi vive unas fant\u00e1sticas aventuras: un viaje en coche con muchos sobresaltos, una visita por la feria\u2026 Hasta que un d\u00eda, se muda a una casa de la vecindad la se\u00f1ora Fink, aquejada de reuma, y Andi se da cuenta de que con esa abuela no solo se pueden vivir aventuras, sino que tambi\u00e9n se puede confiar en ella y compartir muchas cosas.<\/p>\n<p>La abuelita en el manzano es un libro lleno de sentimiento, humor, ternura y fantas\u00eda. Mira Lobe describe con gran maestr\u00eda y delicadeza las preocupaciones de los ni\u00f1os, y entusiasmar\u00e1 a todos los lectores, peque\u00f1os y grandes.<br \/>La abuelita en el manzano obtuvo el premio al Mejor Libro Infantil en Austria en 1965.<\/p>\n","protected":false},"excerpt":{"rendered":"<p>LOBE<\/p>\n","protected":false},"featured_media":306336,"template":"","meta":{"_acf_changed":false,"om_disable_all_campaigns":false,"rs_blank_template":"","rs_page_bg_color":"","slide_template_v7":"","inline_featured_image":false,"_monsterinsights_skip_tracking":false,"_monsterinsights_sitenote_active":false,"_monsterinsights_sitenote_note":"","_monsterinsights_sitenote_category":0},"product_brand":[],"product_cat":[132,362],"product_tag":[],"class_list":{"0":"post-306335","1":"product","2":"type-product","3":"status-publish","4":"has-post-thumbnail","6":"product_cat-lectures-per-preadolescents-6-12-anys","7":"product_cat-libros-preadolescentes-6-12-anos","9":"first","10":"instock","11":"taxable","12":"shipping-taxable","13":"purchasable","14":"product-type-simple"},"acf":{"autor":"LOBE","codart":"842613225","libros-coleccion":"","ediciones":"11","encuadernacion":"R\u00fastica","fecha_de_publicacion":"01\/12\/2003","novedad":"0","paginas":"119","subtitulo":"","orden":"999","portada":"0","idioma":"spa","editorial":[{"ID":262208,"post_author":"3","post_date":"2022-10-24 11:21:21","post_date_gmt":"2022-10-24 09:21:21","post_content":"","post_title":"JUVENTUD, EDITORIAL S.A.","post_excerpt":"","post_status":"publish","comment_status":"closed","ping_status":"closed","post_password":"","post_name":"juventud-editorial-s-a","to_ping":"","pinged":"","post_modified":"2022-10-24 11:21:21","post_modified_gmt":"2022-10-24 09:21:21","post_content_filtered":"","post_parent":0,"guid":"http:\/\/dev.claret.cat\/editorial\/juventud-editorial-s-a\/","menu_order":0,"post_type":"editorial","post_mime_type":"","comment_count":"0","filter":"raw"}],"autores-libros":[{"ID":306334,"post_author":"3","post_date":"2022-12-16 06:20:06","post_date_gmt":"2022-12-16 05:20:06","post_content":"","post_title":"MIRA LOBE","post_excerpt":"","post_status":"publish","comment_status":"closed","ping_status":"closed","post_password":"","post_name":"mira-lobe","to_ping":"","pinged":"","post_modified":"2022-12-16 06:20:06","post_modified_gmt":"2022-12-16 05:20:06","post_content_filtered":"","post_parent":0,"guid":"http:\/\/dev.claret.cat\/autor\/mira-lobe\/","menu_order":0,"post_type":"autor","post_mime_type":"","comment_count":"0","filter":"raw"}]},"aioseo_notices":[],"_links":{"self":[{"href":"https:\/\/www.claret.cat\/es\/wp-json\/wp\/v2\/product\/306335","targetHints":{"allow":["GET"]}}],"collection":[{"href":"https:\/\/www.claret.cat\/es\/wp-json\/wp\/v2\/product"}],"about":[{"href":"https:\/\/www.claret.cat\/es\/wp-json\/wp\/v2\/types\/product"}],"wp:featuredmedia":[{"embeddable":true,"href":"https:\/\/www.claret.cat\/es\/wp-json\/wp\/v2\/media\/306336"}],"wp:attachment":[{"href":"https:\/\/www.claret.cat\/es\/wp-json\/wp\/v2\/media?parent=306335"}],"wp:term":[{"taxonomy":"product_brand","embeddable":true,"href":"https:\/\/www.claret.cat\/es\/wp-json\/wp\/v2\/product_brand?post=306335"},{"taxonomy":"product_cat","embeddable":true,"href":"https:\/\/www.claret.cat\/es\/wp-json\/wp\/v2\/product_cat?post=306335"},{"taxonomy":"product_tag","embeddable":true,"href":"https:\/\/www.claret.cat\/es\/wp-json\/wp\/v2\/product_tag?post=306335"}],"curies":[{"name":"wp","href":"https:\/\/api.w.org\/{rel}","templated":true}]}}