{"id":306425,"date":"2022-12-16T06:23:26","date_gmt":"2022-12-16T05:23:26","guid":{"rendered":"http:\/\/dev.claret.cat\/llibre\/el-bosque-9788426138644\/"},"modified":"2026-02-26T14:45:55","modified_gmt":"2026-02-26T13:45:55","slug":"el-bosque-9788426138644","status":"publish","type":"product","link":"https:\/\/www.claret.cat\/es\/libro\/el-bosque-9788426138644\/","title":{"rendered":"EL BOSQUE"},"content":{"rendered":"<p>En el bosque viven ciervos, zorros, erizos, jabal\u00edes, ardillas&#8230; tigres? \u00bfTigres? \u00a1No! \u00a1Los tigres no<br \/> viven en el bosque! \u00bfD\u00f3nde viven?  <\/p>\n<p> Las ardillas viven en el bosque, las ballenas en el mar, los chimpanc\u00e9s viven en la selva, las jirafas en la sabana&#8230; \u00bfSabes qu\u00e9 otros animales viven en cada lugar? En esta colecci\u00f3n descubrir\u00e1s a los animales en su entorno natural y familiar. A partir de 2 a\u00f1os.<\/p>\n","protected":false},"excerpt":{"rendered":"<p>ASENSIO, ALBERT<\/p>\n","protected":false},"featured_media":306426,"template":"","meta":{"_acf_changed":false,"om_disable_all_campaigns":false,"rs_blank_template":"","rs_page_bg_color":"","slide_template_v7":"","inline_featured_image":false,"_monsterinsights_skip_tracking":false,"_monsterinsights_sitenote_active":false,"_monsterinsights_sitenote_note":"","_monsterinsights_sitenote_category":0},"product_brand":[],"product_cat":[86,352],"product_tag":[],"class_list":{"0":"post-306425","1":"product","2":"type-product","3":"status-publish","4":"has-post-thumbnail","6":"product_cat-infantil","7":"product_cat-infantil-3_infantil-juvenil-spa","9":"first","10":"instock","11":"taxable","12":"shipping-taxable","13":"purchasable","14":"product-type-simple"},"acf":{"autor":"ASENSIO, ALBERT","codart":"842613864","libros-coleccion":"","ediciones":"1","encuadernacion":"R\u00fastica","fecha_de_publicacion":"01\/10\/2011","novedad":"0","paginas":"12","subtitulo":"","orden":"999","portada":"0","idioma":"spa","editorial":[{"ID":6226,"post_author":"3","post_date":"2022-07-28 17:47:36","post_date_gmt":"2022-07-28 15:47:36","post_content":"","post_title":"EDITORIAL JUVENTUD","post_excerpt":"","post_status":"publish","comment_status":"closed","ping_status":"closed","post_password":"","post_name":"editorial-juventud","to_ping":"","pinged":"","post_modified":"2022-07-28 17:47:36","post_modified_gmt":"2022-07-28 15:47:36","post_content_filtered":"","post_parent":0,"guid":"http:\/\/dev.claret.cat\/editorial\/editorial-juventud\/","menu_order":0,"post_type":"editorial","post_mime_type":"","comment_count":"0","filter":"raw"}],"autores-libros":[{"ID":149397,"post_author":"3","post_date":"2022-10-14 14:24:31","post_date_gmt":"2022-10-14 12:24:31","post_content":"","post_title":"ALBERT ASENSIO","post_excerpt":"","post_status":"publish","comment_status":"closed","ping_status":"closed","post_password":"","post_name":"albert-asensio","to_ping":"","pinged":"","post_modified":"2022-10-14 14:24:31","post_modified_gmt":"2022-10-14 12:24:31","post_content_filtered":"","post_parent":0,"guid":"http:\/\/dev.claret.cat\/autor\/albert-asensio\/","menu_order":0,"post_type":"autor","post_mime_type":"","comment_count":"0","filter":"raw"}],"booktrailer":"","resenas":""},"aioseo_notices":[],"_links":{"self":[{"href":"https:\/\/www.claret.cat\/es\/wp-json\/wp\/v2\/product\/306425","targetHints":{"allow":["GET"]}}],"collection":[{"href":"https:\/\/www.claret.cat\/es\/wp-json\/wp\/v2\/product"}],"about":[{"href":"https:\/\/www.claret.cat\/es\/wp-json\/wp\/v2\/types\/product"}],"wp:featuredmedia":[{"embeddable":true,"href":"https:\/\/www.claret.cat\/es\/wp-json\/wp\/v2\/media\/306426"}],"wp:attachment":[{"href":"https:\/\/www.claret.cat\/es\/wp-json\/wp\/v2\/media?parent=306425"}],"wp:term":[{"taxonomy":"product_brand","embeddable":true,"href":"https:\/\/www.claret.cat\/es\/wp-json\/wp\/v2\/product_brand?post=306425"},{"taxonomy":"product_cat","embeddable":true,"href":"https:\/\/www.claret.cat\/es\/wp-json\/wp\/v2\/product_cat?post=306425"},{"taxonomy":"product_tag","embeddable":true,"href":"https:\/\/www.claret.cat\/es\/wp-json\/wp\/v2\/product_tag?post=306425"}],"curies":[{"name":"wp","href":"https:\/\/api.w.org\/{rel}","templated":true}]}}