{"id":306792,"date":"2022-12-16T16:20:06","date_gmt":"2022-12-16T15:20:06","guid":{"rendered":"https:\/\/www.claret.cat\/llibre\/simbologia-del-temple-de-la-sagrada-familia-9788484784\/"},"modified":"2026-02-26T12:55:31","modified_gmt":"2026-02-26T11:55:31","slug":"simbologia-del-temple-de-la-sagrada-familia-9788484784043","status":"publish","type":"product","link":"https:\/\/www.claret.cat\/es\/libro\/simbologia-del-temple-de-la-sagrada-familia-9788484784043\/","title":{"rendered":"SIMBOLOGIA DEL TEMPLE DE LA SAGRADA FAMILIA"},"content":{"rendered":"<p>Quan Gaud\u00ed va decidir aixecar el temple definitiu ho va fer a consci\u00e8ncia. La seva construcci\u00f3 m\u00e9s famosa es plena d&#8221;al\u00b7legories, detalls, s\u00edmbols i missatges ocults que queden al descobert en aquesta guia que desxifra tots els secrets de la Sagrada Fam\u00edlia.<\/p>\n","protected":false},"excerpt":{"rendered":"<p>FARGAS, ALBERT; VIVAS, P<\/p>\n","protected":false},"featured_media":1086563,"template":"","meta":{"_acf_changed":false,"om_disable_all_campaigns":false,"rs_blank_template":"","rs_page_bg_color":"","slide_template_v7":"","inline_featured_image":false,"_monsterinsights_skip_tracking":false,"_monsterinsights_sitenote_active":false,"_monsterinsights_sitenote_note":"","_monsterinsights_sitenote_category":0},"product_brand":[],"product_cat":[110,560],"product_tag":[],"class_list":{"0":"post-306792","1":"product","2":"type-product","3":"status-publish","4":"has-post-thumbnail","6":"product_cat-art","7":"product_cat-arte","9":"first","10":"instock","11":"taxable","12":"shipping-taxable","13":"purchasable","14":"product-type-simple"},"acf":{"editorial":[{"ID":148898,"post_author":"3","post_date":"2022-10-14 12:01:51","post_date_gmt":"2022-10-14 10:01:51","post_content":"","post_title":"TRIANGLE POSTALS","post_excerpt":"","post_status":"publish","comment_status":"closed","ping_status":"closed","post_password":"","post_name":"triangle-postals","to_ping":"","pinged":"","post_modified":"2022-10-14 12:01:51","post_modified_gmt":"2022-10-14 10:01:51","post_content_filtered":"","post_parent":0,"guid":"http:\/\/dev.claret.cat\/editorial\/triangle-postals\/","menu_order":0,"post_type":"editorial","post_mime_type":"","comment_count":"0","filter":"raw"}],"autores-libros":[{"ID":306789,"post_author":"3","post_date":"2022-12-16 16:15:19","post_date_gmt":"2022-12-16 15:15:19","post_content":"","post_title":"PERE VIVAS","post_excerpt":"","post_status":"publish","comment_status":"closed","ping_status":"closed","post_password":"","post_name":"pere-vivas","to_ping":"","pinged":"","post_modified":"2022-12-16 16:15:19","post_modified_gmt":"2022-12-16 15:15:19","post_content_filtered":"","post_parent":0,"guid":"https:\/\/www.claret.cat\/autor\/pere-vivas\/","menu_order":0,"post_type":"autor","post_mime_type":"","comment_count":"0","filter":"raw"},{"ID":306788,"post_author":"3","post_date":"2022-12-16 16:15:18","post_date_gmt":"2022-12-16 15:15:18","post_content":"","post_title":"ALBERT FARGAS","post_excerpt":"","post_status":"publish","comment_status":"closed","ping_status":"closed","post_password":"","post_name":"albert-fargas","to_ping":"","pinged":"","post_modified":"2022-12-16 16:15:18","post_modified_gmt":"2022-12-16 15:15:18","post_content_filtered":"","post_parent":0,"guid":"https:\/\/www.claret.cat\/autor\/albert-fargas\/","menu_order":0,"post_type":"autor","post_mime_type":"","comment_count":"0","filter":"raw"}],"autor":"FARGAS, ALBERT; VIVAS, P","codart":"848478404","libros-coleccion":"","ediciones":"1","encuadernacion":"R\u00fastica","fecha_de_publicacion":"01\/09\/2009","novedad":"0","paginas":"199","subtitulo":"","orden":"999","portada":"0","idioma":"cat","booktrailer":"","resenas":""},"aioseo_notices":[],"_links":{"self":[{"href":"https:\/\/www.claret.cat\/es\/wp-json\/wp\/v2\/product\/306792","targetHints":{"allow":["GET"]}}],"collection":[{"href":"https:\/\/www.claret.cat\/es\/wp-json\/wp\/v2\/product"}],"about":[{"href":"https:\/\/www.claret.cat\/es\/wp-json\/wp\/v2\/types\/product"}],"wp:featuredmedia":[{"embeddable":true,"href":"https:\/\/www.claret.cat\/es\/wp-json\/wp\/v2\/media\/1086563"}],"wp:attachment":[{"href":"https:\/\/www.claret.cat\/es\/wp-json\/wp\/v2\/media?parent=306792"}],"wp:term":[{"taxonomy":"product_brand","embeddable":true,"href":"https:\/\/www.claret.cat\/es\/wp-json\/wp\/v2\/product_brand?post=306792"},{"taxonomy":"product_cat","embeddable":true,"href":"https:\/\/www.claret.cat\/es\/wp-json\/wp\/v2\/product_cat?post=306792"},{"taxonomy":"product_tag","embeddable":true,"href":"https:\/\/www.claret.cat\/es\/wp-json\/wp\/v2\/product_tag?post=306792"}],"curies":[{"name":"wp","href":"https:\/\/api.w.org\/{rel}","templated":true}]}}