{"id":306866,"date":"2022-12-16T17:15:13","date_gmt":"2022-12-16T16:15:13","guid":{"rendered":"https:\/\/www.claret.cat\/llibre\/on-es-el-wally-colleccio-on-es-wally-9788419048189\/"},"modified":"2025-06-03T19:05:32","modified_gmt":"2025-06-03T17:05:32","slug":"on-es-el-wally-colleccio-on-es-wally-9788419048189","status":"publish","type":"product","link":"https:\/\/www.claret.cat\/es\/libro\/on-es-el-wally-colleccio-on-es-wally-9788419048189\/","title":{"rendered":"ON \u00c9S EL WALLY? (COL\u00b7LECCI\u00d3 ON \u00c9S WALLY?)"},"content":{"rendered":"<p>Busca&#8221;l per terra, mar i aire&#8230; On \u00e9s el Wally en les seves aventures arreu del m\u00f3n? Quan va crear al Wally, Martin Handford no podia imaginar que aquest  personatge, amb les seves grans ulleres i el seu barret, esdevindria el fenomen mundial que ha arribat a ser. Centenars de milions  d&#8221;exemplars venuts confirmen que tothom est\u00e0 buscant a Wally. El cl\u00e0ssic On \u00e9s el Wally?, replet de fant\u00e0stica diversi\u00f3. Troba a  Wally (i als seus amics Woof, Wenda, el Mag Barbablanca i Odlaw) als bulliciosos indrets que visita.<\/p>\n","protected":false},"excerpt":{"rendered":"<p>HANDFORD, MARTIN<\/p>\n","protected":false},"featured_media":324855,"template":"","meta":{"_acf_changed":false,"om_disable_all_campaigns":false,"rs_blank_template":"","rs_page_bg_color":"","slide_template_v7":"","inline_featured_image":false,"_monsterinsights_skip_tracking":false,"_monsterinsights_sitenote_active":false,"_monsterinsights_sitenote_note":"","_monsterinsights_sitenote_category":0},"product_brand":[],"product_cat":[90,540],"product_tag":[],"class_list":{"0":"post-306866","1":"product","2":"type-product","3":"status-publish","4":"has-post-thumbnail","6":"product_cat-altres","7":"product_cat-otros","9":"first","10":"instock","11":"taxable","12":"shipping-taxable","13":"purchasable","14":"product-type-simple"},"acf":{"editorial":[{"ID":294535,"post_author":"3","post_date":"2022-12-12 12:50:10","post_date_gmt":"2022-12-12 11:50:10","post_content":"","post_title":"B de Blok","post_excerpt":"","post_status":"publish","comment_status":"closed","ping_status":"closed","post_password":"","post_name":"b-de-blok","to_ping":"","pinged":"","post_modified":"2022-12-12 12:50:10","post_modified_gmt":"2022-12-12 11:50:10","post_content_filtered":"","post_parent":0,"guid":"http:\/\/dev.claret.cat\/editorial\/b-de-blok\/","menu_order":0,"post_type":"editorial","post_mime_type":"","comment_count":"0","filter":"raw"}],"autor":"HANDFORD, MARTIN","codart":"841904818","libros-coleccion":"FORA DE COL.LECCI\u00d3","ediciones":"1","encuadernacion":"Carton\u00e9","fecha_de_publicacion":"01\/12\/2022","novedad":"1","paginas":"48","subtitulo":"","orden":"0","portada":"0","idioma":"cat","autores-libros":[{"ID":164289,"post_author":"3","post_date":"2022-10-14 17:45:53","post_date_gmt":"2022-10-14 15:45:53","post_content":"","post_title":"MARTIN HANDFORD","post_excerpt":"","post_status":"publish","comment_status":"closed","ping_status":"closed","post_password":"","post_name":"martin-handford","to_ping":"","pinged":"","post_modified":"2022-10-14 17:45:53","post_modified_gmt":"2022-10-14 15:45:53","post_content_filtered":"","post_parent":0,"guid":"http:\/\/dev.claret.cat\/autor\/martin-handford\/","menu_order":0,"post_type":"autor","post_mime_type":"","comment_count":"0","filter":"raw"}],"booktrailer":"","resenas":""},"aioseo_notices":[],"_links":{"self":[{"href":"https:\/\/www.claret.cat\/es\/wp-json\/wp\/v2\/product\/306866","targetHints":{"allow":["GET"]}}],"collection":[{"href":"https:\/\/www.claret.cat\/es\/wp-json\/wp\/v2\/product"}],"about":[{"href":"https:\/\/www.claret.cat\/es\/wp-json\/wp\/v2\/types\/product"}],"wp:featuredmedia":[{"embeddable":true,"href":"https:\/\/www.claret.cat\/es\/wp-json\/wp\/v2\/media\/324855"}],"wp:attachment":[{"href":"https:\/\/www.claret.cat\/es\/wp-json\/wp\/v2\/media?parent=306866"}],"wp:term":[{"taxonomy":"product_brand","embeddable":true,"href":"https:\/\/www.claret.cat\/es\/wp-json\/wp\/v2\/product_brand?post=306866"},{"taxonomy":"product_cat","embeddable":true,"href":"https:\/\/www.claret.cat\/es\/wp-json\/wp\/v2\/product_cat?post=306866"},{"taxonomy":"product_tag","embeddable":true,"href":"https:\/\/www.claret.cat\/es\/wp-json\/wp\/v2\/product_tag?post=306866"}],"curies":[{"name":"wp","href":"https:\/\/api.w.org\/{rel}","templated":true}]}}