{"id":306888,"date":"2022-12-16T17:25:52","date_gmt":"2022-12-16T16:25:52","guid":{"rendered":"https:\/\/www.claret.cat\/llibre\/vivir-la-eucaristia-que-nos-mando-celebrar-el-senor-9788493910805\/"},"modified":"2026-04-14T14:25:36","modified_gmt":"2026-04-14T12:25:36","slug":"vivir-la-eucaristia-que-nos-mando-celebrar-el-senor-9788493910808","status":"publish","type":"product","link":"https:\/\/www.claret.cat\/es\/libro\/vivir-la-eucaristia-que-nos-mando-celebrar-el-senor-9788493910808\/","title":{"rendered":"VIVIR LA EUCARIST\u00cdA QUE NOS MAND\u00d3 CELEBRAR EL SE\u00d1OR"},"content":{"rendered":"","protected":false},"excerpt":{"rendered":"<p>FARN\u00c9S SCHERER, PEDRO<\/p>\n","protected":false},"featured_media":1096696,"template":"","meta":{"_acf_changed":false,"om_disable_all_campaigns":false,"rs_blank_template":"","rs_page_bg_color":"","slide_template_v7":"","inline_featured_image":false,"_monsterinsights_skip_tracking":false,"_monsterinsights_sitenote_active":false,"_monsterinsights_sitenote_note":"","_monsterinsights_sitenote_category":0},"product_brand":[],"product_cat":[90,540],"product_tag":[],"class_list":{"0":"post-306888","1":"product","2":"type-product","3":"status-publish","4":"has-post-thumbnail","6":"product_cat-altres","7":"product_cat-otros","9":"first","10":"instock","11":"taxable","12":"shipping-taxable","13":"purchasable","14":"product-type-simple"},"acf":{"editorial":[{"ID":148181,"post_author":"3","post_date":"2022-10-14 11:56:16","post_date_gmt":"2022-10-14 09:56:16","post_content":"","post_title":"FUNDACI\u00d3N PEDRO FARN\u00c9S","post_excerpt":"","post_status":"publish","comment_status":"closed","ping_status":"closed","post_password":"","post_name":"fundacion-pedro-farnes","to_ping":"","pinged":"","post_modified":"2022-10-14 11:56:16","post_modified_gmt":"2022-10-14 09:56:16","post_content_filtered":"","post_parent":0,"guid":"http:\/\/dev.claret.cat\/editorial\/fundacion-pedro-farnes\/","menu_order":0,"post_type":"editorial","post_mime_type":"","comment_count":"0","filter":"raw"}],"autores-libros":[{"ID":269977,"post_author":"3","post_date":"2022-12-05 10:51:31","post_date_gmt":"2022-12-05 09:51:31","post_content":"","post_title":"PEDRO FARN\u00c9S SCHERER","post_excerpt":"","post_status":"publish","comment_status":"closed","ping_status":"closed","post_password":"","post_name":"pedro-farnes-scherer","to_ping":"","pinged":"","post_modified":"2022-12-05 10:51:31","post_modified_gmt":"2022-12-05 09:51:31","post_content_filtered":"","post_parent":0,"guid":"http:\/\/dev.claret.cat\/autor\/pedro-farnes-scherer\/","menu_order":0,"post_type":"autor","post_mime_type":"","comment_count":"0","filter":"raw"}],"autor":"FARN\u00c9S SCHERER, PEDRO","codart":"849391080","libros-coleccion":"","ediciones":"1","encuadernacion":"R\u00fastica","fecha_de_publicacion":"01\/09\/2011","novedad":"0","paginas":"262","subtitulo":"","orden":"999","portada":"0","idioma":"spa","booktrailer":"","resenas":""},"aioseo_notices":[],"_links":{"self":[{"href":"https:\/\/www.claret.cat\/es\/wp-json\/wp\/v2\/product\/306888","targetHints":{"allow":["GET"]}}],"collection":[{"href":"https:\/\/www.claret.cat\/es\/wp-json\/wp\/v2\/product"}],"about":[{"href":"https:\/\/www.claret.cat\/es\/wp-json\/wp\/v2\/types\/product"}],"wp:featuredmedia":[{"embeddable":true,"href":"https:\/\/www.claret.cat\/es\/wp-json\/wp\/v2\/media\/1096696"}],"wp:attachment":[{"href":"https:\/\/www.claret.cat\/es\/wp-json\/wp\/v2\/media?parent=306888"}],"wp:term":[{"taxonomy":"product_brand","embeddable":true,"href":"https:\/\/www.claret.cat\/es\/wp-json\/wp\/v2\/product_brand?post=306888"},{"taxonomy":"product_cat","embeddable":true,"href":"https:\/\/www.claret.cat\/es\/wp-json\/wp\/v2\/product_cat?post=306888"},{"taxonomy":"product_tag","embeddable":true,"href":"https:\/\/www.claret.cat\/es\/wp-json\/wp\/v2\/product_tag?post=306888"}],"curies":[{"name":"wp","href":"https:\/\/api.w.org\/{rel}","templated":true}]}}