{"id":307354,"date":"2022-12-17T19:05:01","date_gmt":"2022-12-17T18:05:01","guid":{"rendered":"https:\/\/www.claret.cat\/llibre\/nos-atrevemos-a-decir-9788414041734\/"},"modified":"2024-09-23T12:40:06","modified_gmt":"2024-09-23T10:40:06","slug":"nos-atrevemos-a-decir-9788414041734","status":"publish","type":"product","link":"https:\/\/www.claret.cat\/es\/libro\/nos-atrevemos-a-decir-9788414041734\/","title":{"rendered":"NOS ATREVEMOS A DECIR"},"content":{"rendered":"<p>En este libro encontrar\u00e1s un camino de oraci\u00f3n y reflexi\u00f3n para que lo transites con sosiego, paso a paso, disfrutando de cada nuevo hallazgo; para ello, \u00d3scar Alonso, ha recopilado la Lectura del Evangelio de cada d\u00eda y la ha acompa\u00f1ado de una oraci\u00f3n realizada ex profeso para cada d\u00eda.<\/p>\n","protected":false},"excerpt":{"rendered":"<p>ALONSO PENO, \u00d3SCAR<\/p>\n","protected":false},"featured_media":310935,"template":"","meta":{"_acf_changed":false,"om_disable_all_campaigns":false,"rs_blank_template":"","rs_page_bg_color":"","slide_template_v7":"","inline_featured_image":false,"_monsterinsights_skip_tracking":false,"_monsterinsights_sitenote_active":false,"_monsterinsights_sitenote_note":"","_monsterinsights_sitenote_category":0},"product_brand":[],"product_cat":[497,248],"product_tag":[],"class_list":{"0":"post-307354","1":"product","2":"type-product","3":"status-publish","4":"has-post-thumbnail","6":"product_cat-meditaciones","7":"product_cat-meditacions","9":"first","10":"instock","11":"taxable","12":"shipping-taxable","13":"purchasable","14":"product-type-simple"},"acf":{"editorial":[{"ID":6229,"post_author":"3","post_date":"2022-07-28 17:47:40","post_date_gmt":"2022-07-28 15:47:40","post_content":"","post_title":"Editorial Luis Vives (Edelvives)","post_excerpt":"","post_status":"publish","comment_status":"closed","ping_status":"closed","post_password":"","post_name":"editorial-luis-vives-edelvives","to_ping":"","pinged":"","post_modified":"2022-07-28 17:47:40","post_modified_gmt":"2022-07-28 15:47:40","post_content_filtered":"","post_parent":0,"guid":"http:\/\/dev.claret.cat\/editorial\/editorial-luis-vives-edelvives\/","menu_order":0,"post_type":"editorial","post_mime_type":"","comment_count":"0","filter":"raw"}],"autor":"ALONSO PENO, \u00d3SCAR","codart":"841404173","libros-coleccion":"LAUDE","ediciones":"1","encuadernacion":"R\u00fastica","fecha_de_publicacion":"01\/12\/2022","novedad":"1","paginas":"400","subtitulo":"","orden":"0","portada":"0","idioma":"spa","autores-libros":[{"ID":166295,"post_author":"3","post_date":"2022-10-14 18:02:00","post_date_gmt":"2022-10-14 16:02:00","post_content":"","post_title":"\u00d3SCAR ALONSO PENO","post_excerpt":"","post_status":"publish","comment_status":"closed","ping_status":"closed","post_password":"","post_name":"oscar-alonso-peno","to_ping":"","pinged":"","post_modified":"2022-10-14 18:02:00","post_modified_gmt":"2022-10-14 16:02:00","post_content_filtered":"","post_parent":0,"guid":"http:\/\/dev.claret.cat\/autor\/oscar-alonso-peno\/","menu_order":0,"post_type":"autor","post_mime_type":"","comment_count":"0","filter":"raw"}]},"aioseo_notices":[],"_links":{"self":[{"href":"https:\/\/www.claret.cat\/es\/wp-json\/wp\/v2\/product\/307354","targetHints":{"allow":["GET"]}}],"collection":[{"href":"https:\/\/www.claret.cat\/es\/wp-json\/wp\/v2\/product"}],"about":[{"href":"https:\/\/www.claret.cat\/es\/wp-json\/wp\/v2\/types\/product"}],"wp:featuredmedia":[{"embeddable":true,"href":"https:\/\/www.claret.cat\/es\/wp-json\/wp\/v2\/media\/310935"}],"wp:attachment":[{"href":"https:\/\/www.claret.cat\/es\/wp-json\/wp\/v2\/media?parent=307354"}],"wp:term":[{"taxonomy":"product_brand","embeddable":true,"href":"https:\/\/www.claret.cat\/es\/wp-json\/wp\/v2\/product_brand?post=307354"},{"taxonomy":"product_cat","embeddable":true,"href":"https:\/\/www.claret.cat\/es\/wp-json\/wp\/v2\/product_cat?post=307354"},{"taxonomy":"product_tag","embeddable":true,"href":"https:\/\/www.claret.cat\/es\/wp-json\/wp\/v2\/product_tag?post=307354"}],"curies":[{"name":"wp","href":"https:\/\/api.w.org\/{rel}","templated":true}]}}