{"id":30798,"date":"2022-10-02T11:44:13","date_gmt":"2022-10-02T09:44:13","guid":{"rendered":"http:\/\/dev.claret.cat\/producte\/lectio-divina-para-la-vida-diaria-3-los-salmos-y-los-canticos-de-laudes-y-visperas-semana-i\/"},"modified":"2024-05-23T12:36:56","modified_gmt":"2024-05-23T10:36:56","slug":"lectio-divina-para-la-vida-diaria-3-los-salmos-y-los-canticos-de-laudes-y-visperas-semana-i-9788481697247","status":"publish","type":"product","link":"https:\/\/www.claret.cat\/es\/libro\/lectio-divina-para-la-vida-diaria-3-los-salmos-y-los-canticos-de-laudes-y-visperas-semana-i-9788481697247\/","title":{"rendered":"LECTIO DIVINA PARA LA VIDA DIARIA. 3 LOS SALMOS Y LOS C\u00c1NTICOS DE LAUDES Y V\u00cdSPERAS. SEMANA I"},"content":{"rendered":"<p>Jes\u00fas fue educado, en la tradici\u00f3n del pueblo de Israel, para orar con los salmos y convirti\u00f3 el salterio en \u00absu libro de oraci\u00f3n\u00bb (D. Bonhoeffer). La Iglesia, siguiendo el ejemplo de su Maestro y Se\u00f1or, hizo suyas aquellas estupendas oraciones l\u00edricas inspiradas y exhort\u00f3 a los creyentes a aplicar los salmos no s\u00f3lo a las grandes festividades, sino tambi\u00e9n a las circunstancias de la vida de  Cada d\u00eda. As\u00ed fue como naci\u00f3 la liturgia de las horas. Este libro introduce al lector a rezar cristianamente los salmos de laudes y v\u00edsperas.<\/p>\n","protected":false},"excerpt":{"rendered":"<p>ZEVINI, GIORGIO<\/p>\n","protected":false},"featured_media":371931,"template":"","meta":{"_acf_changed":false,"om_disable_all_campaigns":false,"rs_blank_template":"","rs_page_bg_color":"","slide_template_v7":"","inline_featured_image":false,"_monsterinsights_skip_tracking":false,"_monsterinsights_sitenote_active":false,"_monsterinsights_sitenote_note":"","_monsterinsights_sitenote_category":0},"product_brand":[],"product_cat":[253,399,499,251,396,247],"product_tag":[],"class_list":{"0":"post-30798","1":"product","2":"type-product","3":"status-publish","4":"has-post-thumbnail","6":"product_cat-any-liturgic","7":"product_cat-any-liturgic-liturgia-1_espiritualidad","8":"product_cat-de-las-horas","9":"product_cat-de-les-hores","10":"product_cat-oracion","11":"product_cat-pregaria","13":"first","14":"instock","15":"taxable","16":"shipping-taxable","17":"purchasable","18":"product-type-simple"},"acf":{"autor":"ZEVINI, GIORGIO","codart":"848169724","libros-coleccion":"Lectio Divina","ediciones":"1","encuadernacion":"R\u00fastica","fecha_de_publicacion":"25\/04\/2007","novedad":"0","paginas":"415","subtitulo":"LOS SALMOS Y LOS C\u00c1NTICOS DE LAUDES Y V\u00cdSPERAS. SEMANA I","orden":"999","portada":"0","idioma":"spa","editorial":[{"ID":6390,"post_author":"3","post_date":"2022-07-28 17:51:08","post_date_gmt":"2022-07-28 15:51:08","post_content":"","post_title":"VERBO DIVINO","post_excerpt":"","post_status":"publish","comment_status":"closed","ping_status":"closed","post_password":"","post_name":"verbo-divino","to_ping":"","pinged":"","post_modified":"2022-07-28 17:51:08","post_modified_gmt":"2022-07-28 15:51:08","post_content_filtered":"","post_parent":0,"guid":"http:\/\/dev.claret.cat\/editorial\/verbo-divino\/","menu_order":0,"post_type":"editorial","post_mime_type":"","comment_count":"0","filter":"raw"}],"autores-libros":[{"ID":156932,"post_author":"3","post_date":"2022-10-14 15:24:47","post_date_gmt":"2022-10-14 13:24:47","post_content":"","post_title":"GIORGIO ZEVINI","post_excerpt":"","post_status":"publish","comment_status":"closed","ping_status":"closed","post_password":"","post_name":"giorgio-zevini","to_ping":"","pinged":"","post_modified":"2022-10-14 15:24:47","post_modified_gmt":"2022-10-14 13:24:47","post_content_filtered":"","post_parent":0,"guid":"http:\/\/dev.claret.cat\/autor\/giorgio-zevini\/","menu_order":0,"post_type":"autor","post_mime_type":"","comment_count":"0","filter":"raw"}]},"aioseo_notices":[],"_links":{"self":[{"href":"https:\/\/www.claret.cat\/es\/wp-json\/wp\/v2\/product\/30798","targetHints":{"allow":["GET"]}}],"collection":[{"href":"https:\/\/www.claret.cat\/es\/wp-json\/wp\/v2\/product"}],"about":[{"href":"https:\/\/www.claret.cat\/es\/wp-json\/wp\/v2\/types\/product"}],"wp:featuredmedia":[{"embeddable":true,"href":"https:\/\/www.claret.cat\/es\/wp-json\/wp\/v2\/media\/371931"}],"wp:attachment":[{"href":"https:\/\/www.claret.cat\/es\/wp-json\/wp\/v2\/media?parent=30798"}],"wp:term":[{"taxonomy":"product_brand","embeddable":true,"href":"https:\/\/www.claret.cat\/es\/wp-json\/wp\/v2\/product_brand?post=30798"},{"taxonomy":"product_cat","embeddable":true,"href":"https:\/\/www.claret.cat\/es\/wp-json\/wp\/v2\/product_cat?post=30798"},{"taxonomy":"product_tag","embeddable":true,"href":"https:\/\/www.claret.cat\/es\/wp-json\/wp\/v2\/product_tag?post=30798"}],"curies":[{"name":"wp","href":"https:\/\/api.w.org\/{rel}","templated":true}]}}