{"id":308048,"date":"2022-12-19T16:50:05","date_gmt":"2022-12-19T15:50:05","guid":{"rendered":"https:\/\/www.claret.cat\/llibre\/casacas-azules-20082010-9788419380586\/"},"modified":"2023-10-06T06:48:29","modified_gmt":"2023-10-06T04:48:29","slug":"casacas-azules-20082010-9788419380586","status":"publish","type":"product","link":"https:\/\/www.claret.cat\/es\/libro\/casacas-azules-20082010-9788419380586\/","title":{"rendered":"CASACAS AZULES 2008-2010"},"content":{"rendered":"<p>\u00bfQu\u00e9 pasa cuando dos ej\u00e9rcitos enfrentados se ven envueltos en una niebla tan densa que no deja distinguir amigos de enemigos?<br \/> Todo depender\u00e1 de la tenacidad (o el empecinamiento) de los oficiales al mando, como Blutch y Chesterfield tendr\u00e1n ocasi\u00f3n de comprobar en Azules en la niebla.<br \/> En Casacas de sangre azul, la nobleza francesa acudir\u00e1 en ayuda del ej\u00e9rcito nordista\u2026 cargada de acuarelas y, aunque pronto quedar\u00e1 claro que manejar un pincel es bastante m\u00e1s complicado que apretar un gatillo, ese no ser\u00e1 sino el primero de una serie de rocambolescos acontecimientos.<br \/> Para terminar, Cauvin y Lambil nos presentar\u00e1n a Miss Walker (Mary Walker, m\u00e9dica, feminista, sufragista y abolicionista), una de las muchas mujeres que participaron activamente en la guerra, siendo condecorada con la Medalla de Honor, y cuya reconocida labor continu\u00f3 mucho tiempo despu\u00e9s de que esta terminara.<\/p>\n","protected":false},"excerpt":{"rendered":"<p>CAUVIN, RAOUL\/ LAMBIL WILLY<\/p>\n","protected":false},"featured_media":310550,"template":"","meta":{"_acf_changed":false,"om_disable_all_campaigns":false,"rs_blank_template":"","rs_page_bg_color":"","slide_template_v7":"","inline_featured_image":false,"_monsterinsights_skip_tracking":false,"_monsterinsights_sitenote_active":false,"_monsterinsights_sitenote_note":"","_monsterinsights_sitenote_category":0},"product_brand":[],"product_cat":[558],"product_tag":[],"class_list":{"0":"post-308048","1":"product","2":"type-product","3":"status-publish","4":"has-post-thumbnail","6":"product_cat-comic-3_infantil-juvenil-spa-spa","8":"first","9":"instock","10":"taxable","11":"shipping-taxable","12":"purchasable","13":"product-type-simple"},"acf":{"editorial":[{"ID":148672,"post_author":"3","post_date":"2022-10-14 12:00:05","post_date_gmt":"2022-10-14 10:00:05","post_content":"","post_title":"Plan B Publicaciones","post_excerpt":"","post_status":"publish","comment_status":"closed","ping_status":"closed","post_password":"","post_name":"plan-b-publicaciones","to_ping":"","pinged":"","post_modified":"2022-10-14 12:00:05","post_modified_gmt":"2022-10-14 10:00:05","post_content_filtered":"","post_parent":0,"guid":"http:\/\/dev.claret.cat\/editorial\/plan-b-publicaciones\/","menu_order":0,"post_type":"editorial","post_mime_type":"","comment_count":"0","filter":"raw"}],"autor":"CAUVIN, RAOUL\/ LAMBIL WILLY","codart":"841938058","libros-coleccion":"FORA DE COL.LECCI\u00d3","ediciones":"1","encuadernacion":"Carton\u00e9","fecha_de_publicacion":"01\/12\/2022","novedad":"1","paginas":"10","subtitulo":"","orden":"0","portada":"0","idioma":"spa","autores-libros":[{"ID":167783,"post_author":"3","post_date":"2022-10-14 18:13:58","post_date_gmt":"2022-10-14 16:13:58","post_content":"","post_title":"RAOUL CAUVIN","post_excerpt":"","post_status":"publish","comment_status":"closed","ping_status":"closed","post_password":"","post_name":"raoul-cauvin","to_ping":"","pinged":"","post_modified":"2022-10-14 18:13:58","post_modified_gmt":"2022-10-14 16:13:58","post_content_filtered":"","post_parent":0,"guid":"http:\/\/dev.claret.cat\/autor\/raoul-cauvin\/","menu_order":0,"post_type":"autor","post_mime_type":"","comment_count":"0","filter":"raw"}]},"aioseo_notices":[],"_links":{"self":[{"href":"https:\/\/www.claret.cat\/es\/wp-json\/wp\/v2\/product\/308048","targetHints":{"allow":["GET"]}}],"collection":[{"href":"https:\/\/www.claret.cat\/es\/wp-json\/wp\/v2\/product"}],"about":[{"href":"https:\/\/www.claret.cat\/es\/wp-json\/wp\/v2\/types\/product"}],"wp:featuredmedia":[{"embeddable":true,"href":"https:\/\/www.claret.cat\/es\/wp-json\/wp\/v2\/media\/310550"}],"wp:attachment":[{"href":"https:\/\/www.claret.cat\/es\/wp-json\/wp\/v2\/media?parent=308048"}],"wp:term":[{"taxonomy":"product_brand","embeddable":true,"href":"https:\/\/www.claret.cat\/es\/wp-json\/wp\/v2\/product_brand?post=308048"},{"taxonomy":"product_cat","embeddable":true,"href":"https:\/\/www.claret.cat\/es\/wp-json\/wp\/v2\/product_cat?post=308048"},{"taxonomy":"product_tag","embeddable":true,"href":"https:\/\/www.claret.cat\/es\/wp-json\/wp\/v2\/product_tag?post=308048"}],"curies":[{"name":"wp","href":"https:\/\/api.w.org\/{rel}","templated":true}]}}