{"id":308086,"date":"2022-12-19T17:05:06","date_gmt":"2022-12-19T16:05:06","guid":{"rendered":"https:\/\/www.claret.cat\/llibre\/senor-jesucristo-9788430116836\/"},"modified":"2025-07-17T12:30:51","modified_gmt":"2025-07-17T10:30:51","slug":"senor-jesucristo-9788430116836","status":"publish","type":"product","link":"https:\/\/www.claret.cat\/es\/libro\/senor-jesucristo-9788430116836\/","title":{"rendered":"SE\u00d1OR JESUCRISTO"},"content":{"rendered":"<p>En alg\u00fan momento, los historiadores de la religi\u00f3n, los estudiosos de la Biblia y los te\u00f3logos de la fe cristiana se han visto urgidos a responder una pregunta enormemente compleja y, sin embargo, crucial: \u00bfC\u00f3mo, cu\u00e1ndo y por qu\u00e9 surgi\u00f3 la devoci\u00f3n a Jes\u00fas? O dicho con otras palabras, \u00bfa partir de qu\u00e9 momento se comenz\u00f3 a rendir culto a Jes\u00fas por considerarlo ya una persona divina?<br \/>El monumental estudio de Larry Hurtado aporta un arsenal de datos y, sobre todo, una nueva perspectiva en este tema tan delicado. As\u00ed, dejando en un segundo plano la preocupaci\u00f3n por la cuesti\u00f3n del Jes\u00fas hist\u00f3rico, se plantea de forma exhaustiva la funci\u00f3n que desempe\u00f1\u00f3 Jes\u00fas en la religi\u00f3n de los primeros creyentes cristianos.<br \/>Para llevar a cabo esta empresa, la investigaci\u00f3n no reh\u00faye ninguna de las fuentes antiguas: desde la Escritura y los escritos de figuras como Ignacio de Antioqu\u00eda o Justino, hasta textos ap\u00f3crifos como el Evangelio de Tom\u00e1s y el Evangelio de la verdad. Con todo, el inter\u00e9s mayor reside en la b\u00fasqueda y el esclarecimiento de las primeras confesiones de fe cristianas sobre Jes\u00fas, las oraciones dirigidas a \u00e9l, el uso de su nombre en los exorcismos, bautismos y curaciones, la invocaci\u00f3n ritual de Jes\u00fas como \u00abSe\u00f1or\u00bb, el martirio y otros fen\u00f3menos menos conocidos, como las posturas usadas al orar o la curiosa pr\u00e1ctica de los nomina sacra.<br \/>La aparici\u00f3n de Se\u00f1or Jesucristo inaugura, sin duda, una nueva etapa de la investigaci\u00f3n de la cristolog\u00eda primitiva y de los estudios sobre el primer cristianismo.<\/p>\n","protected":false},"excerpt":{"rendered":"<p>HURTADO, LARRY W.<\/p>\n","protected":false},"featured_media":975372,"template":"","meta":{"_acf_changed":false,"om_disable_all_campaigns":false,"rs_blank_template":"","rs_page_bg_color":"","slide_template_v7":"","inline_featured_image":false,"_monsterinsights_skip_tracking":false,"_monsterinsights_sitenote_active":false,"_monsterinsights_sitenote_note":"","_monsterinsights_sitenote_category":0},"product_brand":[],"product_cat":[234,487,414,276,283,511,275,413],"product_tag":[],"class_list":{"0":"post-308086","1":"product","2":"type-product","3":"status-publish","4":"has-post-thumbnail","6":"product_cat-cristocentrica","7":"product_cat-cristocentrica-espiritualidad-1_espiritualidad","8":"product_cat-cristologia-teologia-1_espiritualidad","9":"product_cat-cristologia-teologia","10":"product_cat-eclesiologia-teologia","11":"product_cat-eclesiologia-teologia-1_espiritualidad","12":"product_cat-fonamental","13":"product_cat-fundamental","15":"first","16":"instock","17":"taxable","18":"shipping-taxable","19":"purchasable","20":"product-type-simple"},"acf":{"editorial":[{"ID":6364,"post_author":"3","post_date":"2022-07-28 17:50:36","post_date_gmt":"2022-07-28 15:50:36","post_content":"","post_title":"S\u00edgueme","post_excerpt":"","post_status":"publish","comment_status":"closed","ping_status":"closed","post_password":"","post_name":"sigueme","to_ping":"","pinged":"","post_modified":"2022-07-28 17:50:36","post_modified_gmt":"2022-07-28 15:50:36","post_content_filtered":"","post_parent":0,"guid":"http:\/\/dev.claret.cat\/editorial\/sigueme\/","menu_order":0,"post_type":"editorial","post_mime_type":"","comment_count":"0","filter":"raw"}],"autores-libros":[{"ID":292759,"post_author":"3","post_date":"2022-12-11 02:02:02","post_date_gmt":"2022-12-11 01:02:02","post_content":"","post_title":"LARRY W. HURTADO","post_excerpt":"","post_status":"publish","comment_status":"closed","ping_status":"closed","post_password":"","post_name":"larry-w-hurtado","to_ping":"","pinged":"","post_modified":"2022-12-11 02:02:02","post_modified_gmt":"2022-12-11 01:02:02","post_content_filtered":"","post_parent":0,"guid":"http:\/\/dev.claret.cat\/autor\/larry-w-hurtado\/","menu_order":0,"post_type":"autor","post_mime_type":"","comment_count":"0","filter":"raw"}],"autor":"HURTADO, LARRY W.","codart":"843011683","libros-coleccion":"Biblioteca de Estudios B\u00edblicos","ediciones":"1","encuadernacion":"Carton\u00e9","fecha_de_publicacion":"17\/11\/2008","novedad":"0","paginas":"832","subtitulo":"LA DEVOCI\u00d3N A JES\u00daS EN EL CRISTIANISMO PRIMITIVO","orden":"999","portada":"0","idioma":"spa","booktrailer":"","resenas":""},"aioseo_notices":[],"_links":{"self":[{"href":"https:\/\/www.claret.cat\/es\/wp-json\/wp\/v2\/product\/308086","targetHints":{"allow":["GET"]}}],"collection":[{"href":"https:\/\/www.claret.cat\/es\/wp-json\/wp\/v2\/product"}],"about":[{"href":"https:\/\/www.claret.cat\/es\/wp-json\/wp\/v2\/types\/product"}],"wp:featuredmedia":[{"embeddable":true,"href":"https:\/\/www.claret.cat\/es\/wp-json\/wp\/v2\/media\/975372"}],"wp:attachment":[{"href":"https:\/\/www.claret.cat\/es\/wp-json\/wp\/v2\/media?parent=308086"}],"wp:term":[{"taxonomy":"product_brand","embeddable":true,"href":"https:\/\/www.claret.cat\/es\/wp-json\/wp\/v2\/product_brand?post=308086"},{"taxonomy":"product_cat","embeddable":true,"href":"https:\/\/www.claret.cat\/es\/wp-json\/wp\/v2\/product_cat?post=308086"},{"taxonomy":"product_tag","embeddable":true,"href":"https:\/\/www.claret.cat\/es\/wp-json\/wp\/v2\/product_tag?post=308086"}],"curies":[{"name":"wp","href":"https:\/\/api.w.org\/{rel}","templated":true}]}}