{"id":30814,"date":"2022-10-02T11:44:24","date_gmt":"2022-10-02T09:44:24","guid":{"rendered":"http:\/\/dev.claret.cat\/producte\/dialogos-semanales-con-jesus-ciclo-liturgico-a\/"},"modified":"2024-05-23T12:36:17","modified_gmt":"2024-05-23T10:36:17","slug":"dialogos-semanales-con-jesus-ciclo-liturgico-a-9788481697391","status":"publish","type":"product","link":"https:\/\/www.claret.cat\/es\/libro\/dialogos-semanales-con-jesus-ciclo-liturgico-a-9788481697391\/","title":{"rendered":"DI\u00c1LOGOS SEMANALES CON JES\u00daS. CICLO LIT\u00daRGICO A"},"content":{"rendered":"<p>Esta obra ofrece 25 sesiones para j\u00f3venes, centradas en las lecturas dominicales, organizadas en momentos de oraci\u00f3n, reflexi\u00f3n y acci\u00f3n, y animadas por el mismo esp\u00edritu que La Biblia cat\u00f3lica para j\u00f3venes. Contiene oraciones y pautas para orar personal y comunitariamente, comentarios b\u00edblicos y lit\u00fargicos, actividades comunitarias y celebraciones de fe, y reflexiones sobre la vida diaria, pautas para retiros, homil\u00edas, sesiones catequ\u00e9ticas&#8230;<br \/>Esas sesiones ha sido dise\u00f1adas con un proceso de Lectio Divina apropiado para j\u00f3venes.<\/p>\n","protected":false},"excerpt":{"rendered":"<p>MEDINA ARELLANO, JOS\u00c9 ANT<\/p>\n","protected":false},"featured_media":371941,"template":"","meta":{"_acf_changed":false,"om_disable_all_campaigns":false,"rs_blank_template":"","rs_page_bg_color":"","slide_template_v7":"","inline_featured_image":false,"_monsterinsights_skip_tracking":false,"_monsterinsights_sitenote_active":false,"_monsterinsights_sitenote_note":"","_monsterinsights_sitenote_category":0},"product_brand":[],"product_cat":[399,253,234,487,220,407,479,269],"product_tag":[],"class_list":{"0":"post-30814","1":"product","2":"type-product","3":"status-publish","4":"has-post-thumbnail","6":"product_cat-any-liturgic-liturgia-1_espiritualidad","7":"product_cat-any-liturgic","8":"product_cat-cristocentrica","9":"product_cat-cristocentrica-espiritualidad-1_espiritualidad","10":"product_cat-juvenil-catequesi","11":"product_cat-juvenil-pastoral-1_espiritualidad","12":"product_cat-juvenil-catequesis-1_espiritualidad","13":"product_cat-juvenil-pastoral","15":"first","16":"instock","17":"taxable","18":"shipping-taxable","19":"purchasable","20":"product-type-simple"},"acf":{"editorial":[{"ID":6390,"post_author":"3","post_date":"2022-07-28 17:51:08","post_date_gmt":"2022-07-28 15:51:08","post_content":"","post_title":"VERBO DIVINO","post_excerpt":"","post_status":"publish","comment_status":"closed","ping_status":"closed","post_password":"","post_name":"verbo-divino","to_ping":"","pinged":"","post_modified":"2022-07-28 17:51:08","post_modified_gmt":"2022-07-28 15:51:08","post_content_filtered":"","post_parent":0,"guid":"http:\/\/dev.claret.cat\/editorial\/verbo-divino\/","menu_order":0,"post_type":"editorial","post_mime_type":"","comment_count":"0","filter":"raw"}],"autor":"MEDINA ARELLANO, JOS\u00c9 ANT","codart":"848169739","libros-coleccion":"Palabra y Vida","ediciones":"1","encuadernacion":"R\u00fastica","fecha_de_publicacion":"27\/06\/2007","novedad":"0","paginas":"192","subtitulo":"ADVIENTO, NAVIDAD, CUARESMA Y PASCUA","orden":"1","portada":"0","idioma":"spa","autores-libros":[{"ID":160182,"post_author":"3","post_date":"2022-10-14 15:50:57","post_date_gmt":"2022-10-14 13:50:57","post_content":"","post_title":"JOS\u00c9 ANTONIO MEDINA ARELLANO","post_excerpt":"","post_status":"publish","comment_status":"closed","ping_status":"closed","post_password":"","post_name":"jose-antonio-medina-arellano","to_ping":"","pinged":"","post_modified":"2022-10-14 15:50:57","post_modified_gmt":"2022-10-14 13:50:57","post_content_filtered":"","post_parent":0,"guid":"http:\/\/dev.claret.cat\/autor\/jose-antonio-medina-arellano\/","menu_order":0,"post_type":"autor","post_mime_type":"","comment_count":"0","filter":"raw"},{"ID":152425,"post_author":"3","post_date":"2022-10-14 14:48:40","post_date_gmt":"2022-10-14 12:48:40","post_content":"","post_title":"CARMEN MAR\u00cdA CERVANTES","post_excerpt":"","post_status":"publish","comment_status":"closed","ping_status":"closed","post_password":"","post_name":"carmen-maria-cervantes","to_ping":"","pinged":"","post_modified":"2022-10-14 14:48:40","post_modified_gmt":"2022-10-14 12:48:40","post_content_filtered":"","post_parent":0,"guid":"http:\/\/dev.claret.cat\/autor\/carmen-maria-cervantes\/","menu_order":0,"post_type":"autor","post_mime_type":"","comment_count":"0","filter":"raw"}]},"aioseo_notices":[],"_links":{"self":[{"href":"https:\/\/www.claret.cat\/es\/wp-json\/wp\/v2\/product\/30814","targetHints":{"allow":["GET"]}}],"collection":[{"href":"https:\/\/www.claret.cat\/es\/wp-json\/wp\/v2\/product"}],"about":[{"href":"https:\/\/www.claret.cat\/es\/wp-json\/wp\/v2\/types\/product"}],"wp:featuredmedia":[{"embeddable":true,"href":"https:\/\/www.claret.cat\/es\/wp-json\/wp\/v2\/media\/371941"}],"wp:attachment":[{"href":"https:\/\/www.claret.cat\/es\/wp-json\/wp\/v2\/media?parent=30814"}],"wp:term":[{"taxonomy":"product_brand","embeddable":true,"href":"https:\/\/www.claret.cat\/es\/wp-json\/wp\/v2\/product_brand?post=30814"},{"taxonomy":"product_cat","embeddable":true,"href":"https:\/\/www.claret.cat\/es\/wp-json\/wp\/v2\/product_cat?post=30814"},{"taxonomy":"product_tag","embeddable":true,"href":"https:\/\/www.claret.cat\/es\/wp-json\/wp\/v2\/product_tag?post=30814"}],"curies":[{"name":"wp","href":"https:\/\/api.w.org\/{rel}","templated":true}]}}