{"id":30824,"date":"2022-10-02T11:44:30","date_gmt":"2022-10-02T09:44:30","guid":{"rendered":"http:\/\/dev.claret.cat\/producte\/hasta-los-confines-de-la-tierra\/"},"modified":"2026-01-26T17:21:33","modified_gmt":"2026-01-26T16:21:33","slug":"hasta-los-confines-de-la-tierra-9788481697452","status":"publish","type":"product","link":"https:\/\/www.claret.cat\/es\/libro\/hasta-los-confines-de-la-tierra-9788481697452\/","title":{"rendered":"HASTA LOS CONFINES DE LA TIERRA"},"content":{"rendered":"<p>En este tercer volumen, Andr\u00f3nico y su familia terminan de comentar el libro de los Hechos de los Ap\u00f3stoles (actuales cap\u00edtulos 19-28). Los grandes viajes misioneros de Pablo (comentados en \u201cEl macedonio\u201d) ceden ahora el puesto a largos per\u00edodos sedentarios (dos a\u00f1os en \u00c9feso, dos en Cesarea, dos en Roma) y a los viajes finales (de \u00c9feso a Corinto, de Corinto a Jerusal\u00e9n, de Cesarea a Roma). Los bienios de \u00c9feso y Cesarea, sobre los que Lucas ofrece pocos datos, sugieren a Andr\u00f3nico la posibilidad de rellenarlos con la lectura de cartas de Pablo escritas en esos momentos: 1 y 2 Corintios, Romanos, Filem\u00f3n y Filipenses.<br \/>Los ap\u00e9ndices de este tercer tomo se centran en cuatro cartas de Pablo, trat\u00e1ndolas de manera muy desigual. Los ocho primeros est\u00e1n dedicados a diversos temas de la primera carta a los corintios; el 9 ofrece una posible reconstrucci\u00f3n de los conflictos y viajes subyacentes a 2 Corintios; el 10, una gu\u00eda de lectura a la carta a los filipenses; el 11 presenta los ocho primeros cap\u00edtulos de la carta a los romanos, con una mezcla de ficci\u00f3n y exposici\u00f3n; el 12 intenta responder, sin conseguirlo, al misterio que plantea el final abrupto de Lucas: \u00bfqu\u00e9 le ocurri\u00f3 a Pablo tras la llegada a Roma?; el 13, en una tarea igualmente descabellada, ofrece una nota sobre la cronolog\u00eda paulina.<\/p>\n","protected":false},"excerpt":{"rendered":"<p>SICRE D\u00cdAZ, JOS\u00c9 LUIS<\/p>\n","protected":false},"featured_media":1078204,"template":"","meta":{"_acf_changed":false,"om_disable_all_campaigns":false,"rs_blank_template":"","rs_page_bg_color":"","slide_template_v7":"","inline_featured_image":false,"_monsterinsights_skip_tracking":false,"_monsterinsights_sitenote_active":false,"_monsterinsights_sitenote_note":"","_monsterinsights_sitenote_category":0},"product_brand":[],"product_cat":[412,274,205,466,130,360],"product_tag":[],"class_list":{"0":"post-30824","1":"product","2":"type-product","3":"status-publish","4":"has-post-thumbnail","6":"product_cat-estudios-sagrada-escritura","7":"product_cat-estudis-sagrada-escriptura","8":"product_cat-fets-dels-apostols","9":"product_cat-hechos-de-los-apostoles","10":"product_cat-novella-historica-i-ficcio","11":"product_cat-novela-historica-y-ficcion","13":"first","14":"instock","15":"taxable","16":"shipping-taxable","17":"purchasable","18":"product-type-simple"},"acf":{"autor":"SICRE D\u00cdAZ, JOS\u00c9 LUIS","codart":"848169745","libros-coleccion":"Materiales de Trabajo","ediciones":"1","encuadernacion":"R\u00fastica","fecha_de_publicacion":"27\/06\/2007","novedad":"0","paginas":"432","subtitulo":"III LA PROFEC\u00cdA","orden":"999","portada":"0","idioma":"spa","editorial":[{"ID":6390,"post_author":"3","post_date":"2022-07-28 17:51:08","post_date_gmt":"2022-07-28 15:51:08","post_content":"","post_title":"VERBO DIVINO","post_excerpt":"","post_status":"publish","comment_status":"closed","ping_status":"closed","post_password":"","post_name":"verbo-divino","to_ping":"","pinged":"","post_modified":"2022-07-28 17:51:08","post_modified_gmt":"2022-07-28 15:51:08","post_content_filtered":"","post_parent":0,"guid":"http:\/\/dev.claret.cat\/editorial\/verbo-divino\/","menu_order":0,"post_type":"editorial","post_mime_type":"","comment_count":"0","filter":"raw"}],"autores-libros":[{"ID":160374,"post_author":"3","post_date":"2022-10-14 15:52:33","post_date_gmt":"2022-10-14 13:52:33","post_content":"","post_title":"JOS\u00c9 LUIS SICRE","post_excerpt":"","post_status":"publish","comment_status":"closed","ping_status":"closed","post_password":"","post_name":"jose-luis-sicre","to_ping":"","pinged":"","post_modified":"2022-10-14 15:52:33","post_modified_gmt":"2022-10-14 13:52:33","post_content_filtered":"","post_parent":0,"guid":"http:\/\/dev.claret.cat\/autor\/jose-luis-sicre\/","menu_order":0,"post_type":"autor","post_mime_type":"","comment_count":"0","filter":"raw"}],"booktrailer":"","resenas":""},"aioseo_notices":[],"_links":{"self":[{"href":"https:\/\/www.claret.cat\/es\/wp-json\/wp\/v2\/product\/30824","targetHints":{"allow":["GET"]}}],"collection":[{"href":"https:\/\/www.claret.cat\/es\/wp-json\/wp\/v2\/product"}],"about":[{"href":"https:\/\/www.claret.cat\/es\/wp-json\/wp\/v2\/types\/product"}],"wp:featuredmedia":[{"embeddable":true,"href":"https:\/\/www.claret.cat\/es\/wp-json\/wp\/v2\/media\/1078204"}],"wp:attachment":[{"href":"https:\/\/www.claret.cat\/es\/wp-json\/wp\/v2\/media?parent=30824"}],"wp:term":[{"taxonomy":"product_brand","embeddable":true,"href":"https:\/\/www.claret.cat\/es\/wp-json\/wp\/v2\/product_brand?post=30824"},{"taxonomy":"product_cat","embeddable":true,"href":"https:\/\/www.claret.cat\/es\/wp-json\/wp\/v2\/product_cat?post=30824"},{"taxonomy":"product_tag","embeddable":true,"href":"https:\/\/www.claret.cat\/es\/wp-json\/wp\/v2\/product_tag?post=30824"}],"curies":[{"name":"wp","href":"https:\/\/api.w.org\/{rel}","templated":true}]}}