{"id":308293,"date":"2022-12-19T19:40:05","date_gmt":"2022-12-19T18:40:05","guid":{"rendered":"https:\/\/www.claret.cat\/llibre\/educar-se-debe-pero-se-puede-9788417185879\/"},"modified":"2023-10-06T08:52:06","modified_gmt":"2023-10-06T06:52:06","slug":"educar-se-debe-pero-se-puede-9788417185879","status":"publish","type":"product","link":"https:\/\/www.claret.cat\/es\/libro\/educar-se-debe-pero-se-puede-9788417185879\/","title":{"rendered":"EDUCAR, SE DEBE, PERO \u00bfSE PUEDE?"},"content":{"rendered":"<p>La cuesti\u00f3n educativa no puede afrontarse ni resolverse como si fuera un problema \u201csectorial\u201d. Es un problema de toda la sociedad y debe afrontarse como tal. No bastan \u201crecetas educativas\u201d. Hace falta una reflexi\u00f3n sobre grandes cuestiones de fondo: el bien com\u00fan, el sentido del vivir, la presencia de Dios. Este es uno de los puntos decisivos que nos ayuda a comprender el libro del profesor Angelini (de la \u201cPresentaci\u00f3n\u201d de Carlos Granados). La educaci\u00f3n conoce, en las sociedades occidentales, unas dificultades bastante consistentes. Son tan consistentes que llevan a plantearse una pregunta radical: \u00bfes a\u00fan posible educar? Las dificultades se presentan claramente a todos y, sin embargo, la sociedad parece desconocerlas. De hecho, no est\u00e1n presentes en la discusi\u00f3n p\u00fablica. En todo caso, no se reconoce que tales dificultades supongan una emergencia que compromete de modo radical el futuro de nuestra sociedad. No falta bibliograf\u00eda sobre educaci\u00f3n. Pero se preocupa en su mayor\u00eda de cuestiones sectoriales: la marginaci\u00f3n social, la rebeld\u00eda, la droga, la violencia, las patolog\u00edas psicol\u00f3gicas, la adolescencia. Se ignoran con frecuencia dos cuestiones graves: que las dificultades educativas tienen su ra\u00edz en el sistema de relaciones de la sociedad adulta; que las dificultades que encuentra la educaci\u00f3n deben ser reconducidas al entramado familiar de base.<\/p>\n","protected":false},"excerpt":{"rendered":"<p>ANGELINI, GIUSEPPE<\/p>\n","protected":false},"featured_media":311861,"template":"","meta":{"_acf_changed":false,"om_disable_all_campaigns":false,"rs_blank_template":"","rs_page_bg_color":"","slide_template_v7":"","inline_featured_image":false,"_monsterinsights_skip_tracking":false,"_monsterinsights_sitenote_active":false,"_monsterinsights_sitenote_note":"","_monsterinsights_sitenote_category":0},"product_brand":[],"product_cat":[451,380],"product_tag":[],"class_list":{"0":"post-308293","1":"product","2":"type-product","3":"status-publish","4":"has-post-thumbnail","6":"product_cat-estudios-e-investigacion-pedagogia-2_humanidades","7":"product_cat-historia-y-corrientes","9":"first","10":"instock","11":"taxable","12":"shipping-taxable","13":"purchasable","14":"product-type-simple"},"acf":{"autor":"ANGELINI, GIUSEPPE","codart":"841718587","libros-coleccion":"Didaskalos pedagog\u00eda","ediciones":"1","encuadernacion":"R\u00fastica","fecha_de_publicacion":"01\/06\/2022","novedad":"1","paginas":"320","subtitulo":"","orden":"0","portada":"0","idioma":"spa","editorial":[{"ID":6184,"post_author":"3","post_date":"2022-07-28 17:46:42","post_date_gmt":"2022-07-28 15:46:42","post_content":"","post_title":"Didaskalos","post_excerpt":"","post_status":"publish","comment_status":"closed","ping_status":"closed","post_password":"","post_name":"didaskalos","to_ping":"","pinged":"","post_modified":"2022-07-28 17:46:42","post_modified_gmt":"2022-07-28 15:46:42","post_content_filtered":"","post_parent":0,"guid":"http:\/\/dev.claret.cat\/editorial\/didaskalos\/","menu_order":0,"post_type":"editorial","post_mime_type":"","comment_count":"0","filter":"raw"}]},"aioseo_notices":[],"_links":{"self":[{"href":"https:\/\/www.claret.cat\/es\/wp-json\/wp\/v2\/product\/308293","targetHints":{"allow":["GET"]}}],"collection":[{"href":"https:\/\/www.claret.cat\/es\/wp-json\/wp\/v2\/product"}],"about":[{"href":"https:\/\/www.claret.cat\/es\/wp-json\/wp\/v2\/types\/product"}],"wp:featuredmedia":[{"embeddable":true,"href":"https:\/\/www.claret.cat\/es\/wp-json\/wp\/v2\/media\/311861"}],"wp:attachment":[{"href":"https:\/\/www.claret.cat\/es\/wp-json\/wp\/v2\/media?parent=308293"}],"wp:term":[{"taxonomy":"product_brand","embeddable":true,"href":"https:\/\/www.claret.cat\/es\/wp-json\/wp\/v2\/product_brand?post=308293"},{"taxonomy":"product_cat","embeddable":true,"href":"https:\/\/www.claret.cat\/es\/wp-json\/wp\/v2\/product_cat?post=308293"},{"taxonomy":"product_tag","embeddable":true,"href":"https:\/\/www.claret.cat\/es\/wp-json\/wp\/v2\/product_tag?post=308293"}],"curies":[{"name":"wp","href":"https:\/\/api.w.org\/{rel}","templated":true}]}}