{"id":30901,"date":"2022-10-02T11:45:29","date_gmt":"2022-10-02T09:45:29","guid":{"rendered":"http:\/\/dev.claret.cat\/producte\/variedades-de-la-experiencia-religiosa-un-estudio-de-la-naturaleza-humana\/"},"modified":"2024-04-13T11:20:08","modified_gmt":"2024-04-13T09:20:08","slug":"variedades-de-la-experiencia-religiosa-un-estudio-de-la-naturaleza-humana-9788498796445","status":"publish","type":"product","link":"https:\/\/www.claret.cat\/es\/libro\/variedades-de-la-experiencia-religiosa-un-estudio-de-la-naturaleza-humana-9788498796445\/","title":{"rendered":"VARIEDADES DE LA EXPERIENCIA RELIGIOSA. UN ESTUDIO DE LA NATURALEZA HUMANA"},"content":{"rendered":"<p>William James (1842-1910) emprende en esta obra una exploraci\u00f3n pionera de la religi\u00f3n a la luz de la psicolog\u00eda y de la experiencia individual, sobre todo en sus vertientes moral y est\u00e9tica. Sus finos an\u00e1lisis del fen\u00f3meno religioso, basados en un rico material de testimonios y vivencias, constituyen un momento se\u00f1alado en la evoluci\u00f3n de su filosof\u00eda del pragmatismo.<\/p>\n","protected":false},"excerpt":{"rendered":"<p>JAMES, WILLIAM<\/p>\n","protected":false},"featured_media":309875,"template":"","meta":{"_acf_changed":false,"om_disable_all_campaigns":false,"rs_blank_template":"","rs_page_bg_color":"","slide_template_v7":"","inline_featured_image":false,"_monsterinsights_skip_tracking":false,"_monsterinsights_sitenote_active":false,"_monsterinsights_sitenote_note":"","_monsterinsights_sitenote_category":0},"product_brand":[],"product_cat":[347,81,76,342],"product_tag":[],"class_list":{"0":"post-30901","1":"product","2":"type-product","3":"status-publish","4":"has-post-thumbnail","6":"product_cat-psicologia-2_humanidades","7":"product_cat-psicologia","8":"product_cat-teologia","9":"product_cat-teologia-1_espiritualidad","11":"first","12":"instock","13":"taxable","14":"shipping-taxable","15":"purchasable","16":"product-type-simple"},"acf":{"autor":"JAMES, WILLIAM","codart":"849879644","libros-coleccion":"FORA DE COL.LECCI\u00d3","ediciones":"1","encuadernacion":"Carton\u00e9","fecha_de_publicacion":"01\/11\/2017","novedad":"1","paginas":"432","subtitulo":"UN ESTUDIO DE LA NATURALEZA HUMANA","orden":"0","portada":"0","idioma":"spa","editorial":[{"ID":6237,"post_author":"3","post_date":"2022-07-28 17:47:53","post_date_gmt":"2022-07-28 15:47:53","post_content":"","post_title":"Editorial Trotta","post_excerpt":"","post_status":"publish","comment_status":"closed","ping_status":"closed","post_password":"","post_name":"editorial-trotta","to_ping":"","pinged":"","post_modified":"2022-07-28 17:47:53","post_modified_gmt":"2022-07-28 15:47:53","post_content_filtered":"","post_parent":0,"guid":"http:\/\/dev.claret.cat\/editorial\/editorial-trotta\/","menu_order":0,"post_type":"editorial","post_mime_type":"","comment_count":"0","filter":"raw"}],"autores-libros":[{"ID":171320,"post_author":"3","post_date":"2022-10-14 22:42:27","post_date_gmt":"2022-10-14 20:42:27","post_content":"","post_title":"WILLIAM JAMES","post_excerpt":"","post_status":"publish","comment_status":"closed","ping_status":"closed","post_password":"","post_name":"william-james","to_ping":"","pinged":"","post_modified":"2022-10-14 22:42:27","post_modified_gmt":"2022-10-14 20:42:27","post_content_filtered":"","post_parent":0,"guid":"http:\/\/dev.claret.cat\/autor\/william-james\/","menu_order":0,"post_type":"autor","post_mime_type":"","comment_count":"0","filter":"raw"}]},"aioseo_notices":[],"_links":{"self":[{"href":"https:\/\/www.claret.cat\/es\/wp-json\/wp\/v2\/product\/30901","targetHints":{"allow":["GET"]}}],"collection":[{"href":"https:\/\/www.claret.cat\/es\/wp-json\/wp\/v2\/product"}],"about":[{"href":"https:\/\/www.claret.cat\/es\/wp-json\/wp\/v2\/types\/product"}],"wp:featuredmedia":[{"embeddable":true,"href":"https:\/\/www.claret.cat\/es\/wp-json\/wp\/v2\/media\/309875"}],"wp:attachment":[{"href":"https:\/\/www.claret.cat\/es\/wp-json\/wp\/v2\/media?parent=30901"}],"wp:term":[{"taxonomy":"product_brand","embeddable":true,"href":"https:\/\/www.claret.cat\/es\/wp-json\/wp\/v2\/product_brand?post=30901"},{"taxonomy":"product_cat","embeddable":true,"href":"https:\/\/www.claret.cat\/es\/wp-json\/wp\/v2\/product_cat?post=30901"},{"taxonomy":"product_tag","embeddable":true,"href":"https:\/\/www.claret.cat\/es\/wp-json\/wp\/v2\/product_tag?post=30901"}],"curies":[{"name":"wp","href":"https:\/\/api.w.org\/{rel}","templated":true}]}}