{"id":309451,"date":"2022-12-20T08:50:14","date_gmt":"2022-12-20T07:50:14","guid":{"rendered":"https:\/\/www.claret.cat\/llibre\/antologia-de-cuentos-de-terror-1-9788491040903\/"},"modified":"2023-01-28T21:14:18","modified_gmt":"2023-01-28T20:14:18","slug":"antologia-de-cuentos-de-terror-1-9788491040903","status":"publish","type":"product","link":"https:\/\/www.claret.cat\/es\/libro\/antologia-de-cuentos-de-terror-1-9788491040903\/","title":{"rendered":"ANTOLOG\u00cdA DE CUENTOS DE TERROR, 1"},"content":{"rendered":"<p>La historia del cuento de miedo \u00abes la historia de un instante fugaz que va desde que la raz\u00f3n abre la puerta de lo oculto hasta que lo oculto empieza a manifestarse dentro de la raz\u00f3n\u00bb. Esta  &quot; Antolog\u00eda de cuentos de terror &quot; , seleccionada por Rafael Llopis, uno de los m\u00e1ximos especialistas y conocedores del g\u00e9nero en Espa\u00f1a, se ordena cronol\u00f3gicamente y se divide en dos tomos. Este primero va desde Daniel Defoe a Ambrose Bierce y recoge, adem\u00e1s, relatos g\u00f3ticos, rom\u00e1nticos y del maestro Edgar Allan Poe.<\/p>\n<p> \u00cdndice de cuentos<\/p>\n<p> LOPE DE VEGA: La posada de mal hospedaje<\/p>\n<p> DANIEL DEFOE: La aparici\u00f3n de Mrs. Veal<\/p>\n<p> DONATIEN ALPHONSE FRAN\u00c7OIS DE SADE: Rodrigo o La torre encantada<\/p>\n<p> WALTER SCOTT: Relato de Willie el Vagabundo<\/p>\n<p> MATTHEW GREGORY LEWIS: Historia de don Ram\u00f3n, marqu\u00e9s de Las Cisternas, o la monja ensangrentada &#8211; Cap\u00edtulo IV<\/p>\n<p> CHARLES NODIER: El valle del hombre muerto<\/p>\n<p> FREDERICK MARRYAT: Una narraci\u00f3n de los Montes Hartz<\/p>\n<p> JOHN WILLIAM POLIDORI: El vampiro<\/p>\n<p> AGUST\u00cdN P\u00c9REZ-ZARAGOZA: La princesa de Lipno o el retrete del placer criminal<\/p>\n<p> EDGAR ALLAN POE: Sombra &#8211; Silencio &#8211; Morella<\/p>\n<p> CHARLES DICKENS: Una extra\u00f1a entrevista<\/p>\n<p> JOSEPH SHERIDAN LE FANU: El fantasma de Madam Crowl &#8211; El vigilante &#8211; Un extra\u00f1o suceso en la vida de Schalken el pintor<\/p>\n<p> MARGARET OLIPHANT: La puerta abierta<\/p>\n<p> PEDRO ANTONIO DE ALARC\u00d3N: La mujer alta<\/p>\n<p> GUSTAVO ADOLFO B\u00c9CQUER: Cartas desde mi celda ( &quot; Carta octava &quot; )<\/p>\n<p> AMBROSE BIERCE: El desconocido<\/p>\n","protected":false},"excerpt":{"rendered":"<p>DEFOE, DANIEL\/BIERCE, AMBROSE<\/p>\n","protected":false},"featured_media":309452,"template":"","meta":{"_acf_changed":false,"om_disable_all_campaigns":false,"rs_blank_template":"","rs_page_bg_color":"","slide_template_v7":"","inline_featured_image":false,"_monsterinsights_skip_tracking":false,"_monsterinsights_sitenote_active":false,"_monsterinsights_sitenote_note":"","_monsterinsights_sitenote_category":0},"product_brand":[],"product_cat":[90,540],"product_tag":[],"class_list":{"0":"post-309451","1":"product","2":"type-product","3":"status-publish","4":"has-post-thumbnail","6":"product_cat-altres","7":"product_cat-otros","9":"first","10":"instock","11":"taxable","12":"shipping-taxable","13":"purchasable","14":"product-type-simple"},"acf":{"editorial":[{"ID":147398,"post_author":"3","post_date":"2022-10-14 11:50:16","post_date_gmt":"2022-10-14 09:50:16","post_content":"","post_title":"ALIANZA EDITORIAL, S. A.","post_excerpt":"","post_status":"publish","comment_status":"closed","ping_status":"closed","post_password":"","post_name":"alianza-editorial-s-a","to_ping":"","pinged":"","post_modified":"2022-10-14 11:50:16","post_modified_gmt":"2022-10-14 09:50:16","post_content_filtered":"","post_parent":0,"guid":"http:\/\/dev.claret.cat\/editorial\/alianza-editorial-s-a\/","menu_order":0,"post_type":"editorial","post_mime_type":"","comment_count":"0","filter":"raw"}],"autores-libros":[{"ID":149994,"post_author":"3","post_date":"2022-10-14 14:29:22","post_date_gmt":"2022-10-14 12:29:22","post_content":"","post_title":"AMBROSE BIERCE","post_excerpt":"","post_status":"publish","comment_status":"closed","ping_status":"closed","post_password":"","post_name":"ambrose-bierce","to_ping":"","pinged":"","post_modified":"2022-10-14 14:29:22","post_modified_gmt":"2022-10-14 12:29:22","post_content_filtered":"","post_parent":0,"guid":"http:\/\/dev.claret.cat\/autor\/ambrose-bierce\/","menu_order":0,"post_type":"autor","post_mime_type":"","comment_count":"0","filter":"raw"},{"ID":153571,"post_author":"3","post_date":"2022-10-14 14:57:49","post_date_gmt":"2022-10-14 12:57:49","post_content":"","post_title":"DANIEL DEFOE","post_excerpt":"","post_status":"publish","comment_status":"closed","ping_status":"closed","post_password":"","post_name":"daniel-defoe","to_ping":"","pinged":"","post_modified":"2022-10-14 14:57:49","post_modified_gmt":"2022-10-14 12:57:49","post_content_filtered":"","post_parent":0,"guid":"http:\/\/dev.claret.cat\/autor\/daniel-defoe\/","menu_order":0,"post_type":"autor","post_mime_type":"","comment_count":"0","filter":"raw"}],"autor":"DEFOE, DANIEL\/BIERCE, AMBROSE","codart":"849104090","libros-coleccion":"","ediciones":"1","encuadernacion":"R\u00fastica","fecha_de_publicacion":"01\/09\/2015","novedad":"0","paginas":"499","subtitulo":"DE DANIEL DEFOE A AMBROSE BIERCE","orden":"999","portada":"0","idioma":"spa"},"aioseo_notices":[],"_links":{"self":[{"href":"https:\/\/www.claret.cat\/es\/wp-json\/wp\/v2\/product\/309451","targetHints":{"allow":["GET"]}}],"collection":[{"href":"https:\/\/www.claret.cat\/es\/wp-json\/wp\/v2\/product"}],"about":[{"href":"https:\/\/www.claret.cat\/es\/wp-json\/wp\/v2\/types\/product"}],"wp:featuredmedia":[{"embeddable":true,"href":"https:\/\/www.claret.cat\/es\/wp-json\/wp\/v2\/media\/309452"}],"wp:attachment":[{"href":"https:\/\/www.claret.cat\/es\/wp-json\/wp\/v2\/media?parent=309451"}],"wp:term":[{"taxonomy":"product_brand","embeddable":true,"href":"https:\/\/www.claret.cat\/es\/wp-json\/wp\/v2\/product_brand?post=309451"},{"taxonomy":"product_cat","embeddable":true,"href":"https:\/\/www.claret.cat\/es\/wp-json\/wp\/v2\/product_cat?post=309451"},{"taxonomy":"product_tag","embeddable":true,"href":"https:\/\/www.claret.cat\/es\/wp-json\/wp\/v2\/product_tag?post=309451"}],"curies":[{"name":"wp","href":"https:\/\/api.w.org\/{rel}","templated":true}]}}