{"id":309454,"date":"2022-12-20T08:50:21","date_gmt":"2022-12-20T07:50:21","guid":{"rendered":"https:\/\/www.claret.cat\/llibre\/antologia-de-cuentos-de-terror-2-9788491040910\/"},"modified":"2023-01-28T20:11:00","modified_gmt":"2023-01-28T19:11:00","slug":"antologia-de-cuentos-de-terror-2-9788491040910","status":"publish","type":"product","link":"https:\/\/www.claret.cat\/es\/libro\/antologia-de-cuentos-de-terror-2-9788491040910\/","title":{"rendered":"ANTOLOG\u00cdA DE CUENTOS DE TERROR, 2"},"content":{"rendered":"<p>La historia del cuento de miedo \u00abes la historia de un instante fugaz que va desde que la raz\u00f3n abre la puerta de lo oculto hasta que lo oculto empieza a manifestarse dentro de la raz\u00f3n\u00bb. Esta  &quot; Antolog\u00eda de cuentos de terror &quot; , seleccionada por Rafael Llopis, uno de los m\u00e1ximos especialistas y conocedores del g\u00e9nero en Espa\u00f1a, se ordena cronol\u00f3gicamente y se divide en dos tomos. Este segundo va de Bram Stoker -el autor de &#8216;Dr\u00e1cula&#8217;- hasta H. P. Lovecraft, m\u00e1ximo exponente del horror sobrenatural.<\/p>\n<p> \u00cdndice de cuentos<\/p>\n<p> BRAM STOKER: La Casa del Juez<\/p>\n<p> MONTAGUE RHODES JAMES: Hab\u00eda un hombre junto a un cementerio &#8211; Un episodio en la historia de la catedral &#8211; El diario de Mr. Poynter<\/p>\n<p> ARTHUR MACHEN: El gran dios Pan &#8211; El pueblo blanco<\/p>\n<p> ALGERNON BLACKWOOD: Antiguas brujer\u00edas &#8211; Los sauces<\/p>\n<p> OLIVER ONIONS: Dos bagatelas<\/p>\n<p> WENCESLAO FERN\u00c1NDEZ FLORES: El claro del bosque<\/p>\n<p> HOWARD PHILLIPS LOVECRAFT: Las ratas de las paredes &#8211; El extra\u00f1o &#8211; La ciudad sin nombre<\/p>\n<p> NOEL CLARAS\u00d3: El jard\u00edn del Montarto<\/p>\n","protected":false},"excerpt":{"rendered":"<p>STOKER, BRAM\/LOVECRAFT, H. P.<\/p>\n","protected":false},"featured_media":309455,"template":"","meta":{"_acf_changed":false,"om_disable_all_campaigns":false,"rs_blank_template":"","rs_page_bg_color":"","slide_template_v7":"","inline_featured_image":false,"_monsterinsights_skip_tracking":false,"_monsterinsights_sitenote_active":false,"_monsterinsights_sitenote_note":"","_monsterinsights_sitenote_category":0},"product_brand":[],"product_cat":[127,357],"product_tag":[],"class_list":{"0":"post-309454","1":"product","2":"type-product","3":"status-publish","4":"has-post-thumbnail","6":"product_cat-novella-contemporania","7":"product_cat-novela-contemporanea","9":"first","10":"instock","11":"taxable","12":"shipping-taxable","13":"purchasable","14":"product-type-simple"},"acf":{"editorial":[{"ID":147398,"post_author":"3","post_date":"2022-10-14 11:50:16","post_date_gmt":"2022-10-14 09:50:16","post_content":"","post_title":"ALIANZA EDITORIAL, S. A.","post_excerpt":"","post_status":"publish","comment_status":"closed","ping_status":"closed","post_password":"","post_name":"alianza-editorial-s-a","to_ping":"","pinged":"","post_modified":"2022-10-14 11:50:16","post_modified_gmt":"2022-10-14 09:50:16","post_content_filtered":"","post_parent":0,"guid":"http:\/\/dev.claret.cat\/editorial\/alianza-editorial-s-a\/","menu_order":0,"post_type":"editorial","post_mime_type":"","comment_count":"0","filter":"raw"}],"autores-libros":[{"ID":151858,"post_author":"3","post_date":"2022-10-14 14:44:11","post_date_gmt":"2022-10-14 12:44:11","post_content":"","post_title":"BRAM STOKER","post_excerpt":"","post_status":"publish","comment_status":"closed","ping_status":"closed","post_password":"","post_name":"bram-stoker","to_ping":"","pinged":"","post_modified":"2022-10-14 14:44:11","post_modified_gmt":"2022-10-14 12:44:11","post_content_filtered":"","post_parent":0,"guid":"http:\/\/dev.claret.cat\/autor\/bram-stoker\/","menu_order":0,"post_type":"autor","post_mime_type":"","comment_count":"0","filter":"raw"},{"ID":157297,"post_author":"3","post_date":"2022-10-14 15:27:42","post_date_gmt":"2022-10-14 13:27:42","post_content":"","post_title":"H. P. LOVECRAFT","post_excerpt":"","post_status":"publish","comment_status":"closed","ping_status":"closed","post_password":"","post_name":"h-p-lovecraft","to_ping":"","pinged":"","post_modified":"2022-10-14 15:27:42","post_modified_gmt":"2022-10-14 13:27:42","post_content_filtered":"","post_parent":0,"guid":"http:\/\/dev.claret.cat\/autor\/h-p-lovecraft\/","menu_order":0,"post_type":"autor","post_mime_type":"","comment_count":"0","filter":"raw"}],"autor":"STOKER, BRAM\/LOVECRAFT, H. P.","codart":"849104091","libros-coleccion":"","ediciones":"1","encuadernacion":"R\u00fastica","fecha_de_publicacion":"01\/09\/2015","novedad":"0","paginas":"482","subtitulo":"DE BRAM STOKER A H. P. LOVECRAFT","orden":"999","portada":"0","idioma":"spa"},"aioseo_notices":[],"_links":{"self":[{"href":"https:\/\/www.claret.cat\/es\/wp-json\/wp\/v2\/product\/309454","targetHints":{"allow":["GET"]}}],"collection":[{"href":"https:\/\/www.claret.cat\/es\/wp-json\/wp\/v2\/product"}],"about":[{"href":"https:\/\/www.claret.cat\/es\/wp-json\/wp\/v2\/types\/product"}],"wp:featuredmedia":[{"embeddable":true,"href":"https:\/\/www.claret.cat\/es\/wp-json\/wp\/v2\/media\/309455"}],"wp:attachment":[{"href":"https:\/\/www.claret.cat\/es\/wp-json\/wp\/v2\/media?parent=309454"}],"wp:term":[{"taxonomy":"product_brand","embeddable":true,"href":"https:\/\/www.claret.cat\/es\/wp-json\/wp\/v2\/product_brand?post=309454"},{"taxonomy":"product_cat","embeddable":true,"href":"https:\/\/www.claret.cat\/es\/wp-json\/wp\/v2\/product_cat?post=309454"},{"taxonomy":"product_tag","embeddable":true,"href":"https:\/\/www.claret.cat\/es\/wp-json\/wp\/v2\/product_tag?post=309454"}],"curies":[{"name":"wp","href":"https:\/\/api.w.org\/{rel}","templated":true}]}}