{"id":309601,"date":"2022-12-20T09:00:51","date_gmt":"2022-12-20T08:00:51","guid":{"rendered":"https:\/\/www.claret.cat\/llibre\/biblia-per-a-la-mainada-estoig-primera-comunio-9990014110011\/"},"modified":"2024-05-02T18:55:07","modified_gmt":"2024-05-02T16:55:07","slug":"biblia-per-a-la-mainada-estoig-primera-comunio-9990014110011","status":"publish","type":"product","link":"https:\/\/www.claret.cat\/es\/libro\/biblia-per-a-la-mainada-estoig-primera-comunio-9990014110011\/","title":{"rendered":"B\u00cdBLIA PER A LA MAINADA (ESTOIG PRIMERA COMUNI\u00d3)"},"content":{"rendered":"<p>La B\u00edblia \u00e9s un llibre dif\u00edcil i complex tant per als adults com, no cal dir, per als infants. Per aix\u00f2, ens ha semblat essencial que els infants, des de ben petits, puguessin tenir acc\u00e9s a aquest tresor transm\u00e8s pels creients de generaci\u00f3 en generaci\u00f3.<br \/>Hem conservat les grans p\u00e0gines de la B\u00edblia a partir de les paraules clau f\u00e0cilment assimilables per part dels infants, amb l\u2019ajut dels dibuixos. Aquests dibuixos no tenen la pretensi\u00f3 de reflectir, sempre i amb exactitud, les dades de l\u2019arqueologia i de la hist\u00f2ria. S\u00f3n, ja de bones a primeres, una lectura dels mateixos textos, en ordre a posar de relleu el seu missatge i la seva riquesa simb\u00f2lica.<br \/>Hem donat m\u00e9s import\u00e0ncia als textos narratius. Per aquesta via hem volgut manifestar una de les originalitats m\u00e9s profundes de l\u2019Escriptura, \u00e9s a dir, mostrar l\u2019obra de D\u00e9u a favor dels homes, des de la creaci\u00f3 del m\u00f3n fins a la vinguda de Jesucrist.<br \/>\u00c9s evident el paper dels pares per ajudar l\u2019infant a llegir aquest llibre. Al final de cada cap\u00edtol, trobaran elements que els permetran integrar cada p\u00e0gina a dins d\u2019un relat o narraci\u00f3.<\/p>\n","protected":false},"excerpt":{"rendered":"<p>PALAU, DANIEL; BLANCH, IG<\/p>\n","protected":false},"featured_media":0,"template":"","meta":{"_acf_changed":false,"om_disable_all_campaigns":false,"rs_blank_template":"","rs_page_bg_color":"","slide_template_v7":"","inline_featured_image":false,"_monsterinsights_skip_tracking":false,"_monsterinsights_sitenote_active":false,"_monsterinsights_sitenote_note":"","_monsterinsights_sitenote_category":0},"product_brand":[],"product_cat":[90,581,540],"product_tag":[],"class_list":{"0":"post-309601","1":"product","2":"type-product","3":"status-publish","5":"product_cat-altres","6":"product_cat-editorial-claret","7":"product_cat-otros","9":"first","10":"outofstock","11":"taxable","12":"shipping-taxable","13":"purchasable","14":"product-type-simple"},"acf":{"editorial":[{"ID":6158,"post_author":"3","post_date":"2022-07-28 17:46:08","post_date_gmt":"2022-07-28 15:46:08","post_content":"","post_title":"CLARET","post_excerpt":"","post_status":"publish","comment_status":"closed","ping_status":"closed","post_password":"","post_name":"claret","to_ping":"","pinged":"","post_modified":"2022-07-28 17:46:08","post_modified_gmt":"2022-07-28 15:46:08","post_content_filtered":"","post_parent":0,"guid":"http:\/\/dev.claret.cat\/editorial\/claret\/","menu_order":0,"post_type":"editorial","post_mime_type":"","comment_count":"0","filter":"raw"}],"autores-libros":[{"ID":8308,"post_author":"3","post_date":"2022-09-30 09:47:36","post_date_gmt":"2022-09-30 07:47:36","post_content":"","post_title":"DANIEL PALAU","post_excerpt":"","post_status":"publish","comment_status":"closed","ping_status":"closed","post_password":"","post_name":"daniel-palau","to_ping":"","pinged":"","post_modified":"2022-09-30 09:47:36","post_modified_gmt":"2022-09-30 07:47:36","post_content_filtered":"","post_parent":0,"guid":"http:\/\/dev.claret.cat\/autor\/daniel-palau\/","menu_order":0,"post_type":"autor","post_mime_type":"","comment_count":"0","filter":"raw"},{"ID":157794,"post_author":"3","post_date":"2022-10-14 15:31:41","post_date_gmt":"2022-10-14 13:31:41","post_content":"","post_title":"IGNASI BLANCH","post_excerpt":"","post_status":"publish","comment_status":"closed","ping_status":"closed","post_password":"","post_name":"ignasi-blanch","to_ping":"","pinged":"","post_modified":"2022-10-14 15:31:41","post_modified_gmt":"2022-10-14 13:31:41","post_content_filtered":"","post_parent":0,"guid":"http:\/\/dev.claret.cat\/autor\/ignasi-blanch\/","menu_order":0,"post_type":"autor","post_mime_type":"","comment_count":"0","filter":"raw"}],"autor":"PALAU, DANIEL; BLANCH, IG","codart":"001411001","libros-coleccion":"","ediciones":"1","encuadernacion":"Carton\u00e9","fecha_de_publicacion":"15\/04\/2008","novedad":"0","paginas":"264","subtitulo":"","orden":"999","portada":"0","idioma":"cat"},"aioseo_notices":[],"_links":{"self":[{"href":"https:\/\/www.claret.cat\/es\/wp-json\/wp\/v2\/product\/309601","targetHints":{"allow":["GET"]}}],"collection":[{"href":"https:\/\/www.claret.cat\/es\/wp-json\/wp\/v2\/product"}],"about":[{"href":"https:\/\/www.claret.cat\/es\/wp-json\/wp\/v2\/types\/product"}],"wp:attachment":[{"href":"https:\/\/www.claret.cat\/es\/wp-json\/wp\/v2\/media?parent=309601"}],"wp:term":[{"taxonomy":"product_brand","embeddable":true,"href":"https:\/\/www.claret.cat\/es\/wp-json\/wp\/v2\/product_brand?post=309601"},{"taxonomy":"product_cat","embeddable":true,"href":"https:\/\/www.claret.cat\/es\/wp-json\/wp\/v2\/product_cat?post=309601"},{"taxonomy":"product_tag","embeddable":true,"href":"https:\/\/www.claret.cat\/es\/wp-json\/wp\/v2\/product_tag?post=309601"}],"curies":[{"name":"wp","href":"https:\/\/api.w.org\/{rel}","templated":true}]}}