{"id":309840,"date":"2022-12-20T13:30:02","date_gmt":"2022-12-20T12:30:02","guid":{"rendered":"https:\/\/www.claret.cat\/llibre\/educar-la-mirada-9788417185992\/"},"modified":"2023-10-06T07:29:28","modified_gmt":"2023-10-06T05:29:28","slug":"educar-la-mirada-9788417185992","status":"publish","type":"product","link":"https:\/\/www.claret.cat\/es\/libro\/educar-la-mirada-9788417185992\/","title":{"rendered":"EDUCAR LA MIRADA"},"content":{"rendered":"<p>C\u00f3mo ense\u00f1ar a mirar y por qu\u00e9 es tan importante una pedagog\u00eda de la mirada? \u201cEn su mirada \u2014dice Romano Guardini\u2014 vive el hombre todo; por eso los problemas vitales giran en torno a la mirada\u201d. Es importante que los educadores redescubran la importancia de \u201cense\u00f1ar a ver\u201d. Un ni\u00f1o puede mirar para \u201cdominar\u201d, es decir, violentando lo que existe con su mirada controladora; o mirar para \u201cponerse al servicio\u201d, es decir, para obedecer a la exigencia de sentido de lo que le ofrece la realidad. Las dos contribuciones que siguen, y que tratan precisamente de este asunto, se enmarcan en un ciclo de conferencias ofrecido por los colegios Mater Salvatoris y Stella Maris College. Juan Jos\u00e9 P\u00e9rez-Soba afronta el tema de \u201cEducar en la belleza\u201d y se refiere al modo en que es posible educar el ojo del alumno para que pueda contemplar lo bello. La belleza proporciona al alumno una experiencia de integridad y de bondad. Sin tener que recurrir al imperativo moral, lo bello atrae al ni\u00f1o, le conmociona y le introduce f\u00e1cilmente en un modo nuevo de conocer la verdad y de amar las cosas buenas. Juan Antonio Granados escribe sobre lo que significa \u201cEducar la mirada para leer\u201d y para que el ni\u00f1o aprenda a interpretar los relatos. El esfuerzo de mirada que requieren la contemplaci\u00f3n y la lectura es distinto, pero \u00edntimamente relacionado. La lectura exige del ojo una interpretaci\u00f3n; pide al alumno situarse en una trama de relaciones.<\/p>\n","protected":false},"excerpt":{"rendered":"<p>GRANADOS GARC\u00cdA, JUAN ANTONIO \/ P\u00c9REZ SOBA, JUAN JOS\u00c9<\/p>\n","protected":false},"featured_media":311863,"template":"","meta":{"_acf_changed":false,"om_disable_all_campaigns":false,"rs_blank_template":"","rs_page_bg_color":"","slide_template_v7":"","inline_featured_image":false,"_monsterinsights_skip_tracking":false,"_monsterinsights_sitenote_active":false,"_monsterinsights_sitenote_note":"","_monsterinsights_sitenote_category":0},"product_brand":[],"product_cat":[540],"product_tag":[],"class_list":{"0":"post-309840","1":"product","2":"type-product","3":"status-publish","4":"has-post-thumbnail","6":"product_cat-otros","8":"first","9":"instock","10":"taxable","11":"shipping-taxable","12":"purchasable","13":"product-type-simple"},"acf":{"editorial":[{"ID":6184,"post_author":"3","post_date":"2022-07-28 17:46:42","post_date_gmt":"2022-07-28 15:46:42","post_content":"","post_title":"Didaskalos","post_excerpt":"","post_status":"publish","comment_status":"closed","ping_status":"closed","post_password":"","post_name":"didaskalos","to_ping":"","pinged":"","post_modified":"2022-07-28 17:46:42","post_modified_gmt":"2022-07-28 15:46:42","post_content_filtered":"","post_parent":0,"guid":"http:\/\/dev.claret.cat\/editorial\/didaskalos\/","menu_order":0,"post_type":"editorial","post_mime_type":"","comment_count":"0","filter":"raw"}],"autor":"GRANADOS GARC\u00cdA, JUAN ANTONIO \/ P\u00c9REZ SOBA, JUAN JOS\u00c9","codart":"841718599","libros-coleccion":"Didaskalos pedagog\u00eda","ediciones":"1","encuadernacion":"R\u00fastica","fecha_de_publicacion":"01\/10\/2022","novedad":"1","paginas":"78","subtitulo":"PARA CONTEMPLAR LA BELLEZA E INTERPRETAR EL RELATO","orden":"0","portada":"0","idioma":"spa","autores-libros":[{"ID":160945,"post_author":"3","post_date":"2022-10-14 15:57:09","post_date_gmt":"2022-10-14 13:57:09","post_content":"","post_title":"JUAN ANTONIO GRANADOS GARC\u00cdA","post_excerpt":"","post_status":"publish","comment_status":"closed","ping_status":"closed","post_password":"","post_name":"juan-antonio-granados-garcia","to_ping":"","pinged":"","post_modified":"2022-10-14 15:57:09","post_modified_gmt":"2022-10-14 13:57:09","post_content_filtered":"","post_parent":0,"guid":"http:\/\/dev.claret.cat\/autor\/juan-antonio-granados-garcia\/","menu_order":0,"post_type":"autor","post_mime_type":"","comment_count":"0","filter":"raw"}]},"aioseo_notices":[],"_links":{"self":[{"href":"https:\/\/www.claret.cat\/es\/wp-json\/wp\/v2\/product\/309840","targetHints":{"allow":["GET"]}}],"collection":[{"href":"https:\/\/www.claret.cat\/es\/wp-json\/wp\/v2\/product"}],"about":[{"href":"https:\/\/www.claret.cat\/es\/wp-json\/wp\/v2\/types\/product"}],"wp:featuredmedia":[{"embeddable":true,"href":"https:\/\/www.claret.cat\/es\/wp-json\/wp\/v2\/media\/311863"}],"wp:attachment":[{"href":"https:\/\/www.claret.cat\/es\/wp-json\/wp\/v2\/media?parent=309840"}],"wp:term":[{"taxonomy":"product_brand","embeddable":true,"href":"https:\/\/www.claret.cat\/es\/wp-json\/wp\/v2\/product_brand?post=309840"},{"taxonomy":"product_cat","embeddable":true,"href":"https:\/\/www.claret.cat\/es\/wp-json\/wp\/v2\/product_cat?post=309840"},{"taxonomy":"product_tag","embeddable":true,"href":"https:\/\/www.claret.cat\/es\/wp-json\/wp\/v2\/product_tag?post=309840"}],"curies":[{"name":"wp","href":"https:\/\/api.w.org\/{rel}","templated":true}]}}