{"id":310,"date":"2022-07-27T15:12:11","date_gmt":"2022-07-27T13:12:11","guid":{"rendered":"http:\/\/dev.claret.cat\/producto\/cancons-del-mon-el-meu-primer-llibre-de-sons-9788413891323\/"},"modified":"2025-12-17T19:55:25","modified_gmt":"2025-12-17T18:55:25","slug":"cancons-del-mon-el-meu-primer-llibre-de-sons-9788413891323","status":"publish","type":"product","link":"https:\/\/www.claret.cat\/es\/libro\/cancons-del-mon-el-meu-primer-llibre-de-sons-9788413891323\/","title":{"rendered":"CAN\u00c7ONS DEL M\u00d3N. EL MEU PRIMER LLIBRE DE SONS"},"content":{"rendered":"<p>6 imatges per mirar \u00b7 6 can\u00e7ons per escoltar<br \/> El meu primer llibre de sons!\u00a0Prem els botons i sentir\u00e0s les can\u00e7ons de 6 pa\u00efsos diferents!<br \/> Amb sons de gran qualitat\u00a0despertar els sentits dels m\u00e9s petits.\u00a0<br \/> En aquest llibre trobar\u00e0s les can\u00e7ons de l&#8221;Argentina, Ben\u00edn, Madagascar, Gr\u00e8cia, R\u00fassia i Bulg\u00e0ria. Els botons estan adaptats a mans petites, que aprendran des de molt aviat a trobar el bot\u00f3 i fer-lo sonar de manera aut\u00f2noma. Les imatges s\u00f3n molt grans perqu\u00e8 els nadons les reconeguin f\u00e0cilment.<br \/> Il\u00b7lustrat per Elsa Fouquier.<br \/> Recomanat a partir d&#8221;1 any.<br \/> T\u00edtols de la col\u00b7lecci\u00f3 El meu primer llibre de sons: <\/p>\n<p> La granja. El meu primer llibre de sons<br \/> Els animalets. El meu primer llibre de sons<br \/> Descobreixo l&#8221;orquestra<\/p>\n","protected":false},"excerpt":{"rendered":"<p>FOUQUIER, ELSA<\/p>\n","protected":false},"featured_media":1071200,"template":"","meta":{"_acf_changed":false,"om_disable_all_campaigns":false,"rs_blank_template":"","rs_page_bg_color":"","slide_template_v7":"","inline_featured_image":false,"_monsterinsights_skip_tracking":false,"_monsterinsights_sitenote_active":false,"_monsterinsights_sitenote_note":"","_monsterinsights_sitenote_category":0},"product_brand":[],"product_cat":[131,361],"product_tag":[],"class_list":{"0":"post-310","1":"product","2":"type-product","3":"status-publish","4":"has-post-thumbnail","6":"product_cat-contes-per-infants-0-6-anys","7":"product_cat-cuentos-para-ninos-0-6-anos","9":"first","10":"outofstock","11":"taxable","12":"shipping-taxable","13":"purchasable","14":"product-type-simple"},"acf":{"autor":"FOUQUIER, ELSA","codart":"841389132","ediciones":"1","encuadernacion":"Carton\u00e9","fecha_de_publicacion":"01\/06\/2022","novedad":"0","paginas":"12","subtitulo":"","orden":"0","portada":"0","idioma":"cat","libros-coleccion":"","autores-libros":[{"ID":5444,"post_author":"3","post_date":"2022-07-28 17:24:05","post_date_gmt":"2022-07-28 15:24:05","post_content":"","post_title":"ELSA FOUQUIER","post_excerpt":"","post_status":"publish","comment_status":"closed","ping_status":"closed","post_password":"","post_name":"elsa-fouquier","to_ping":"","pinged":"","post_modified":"2022-07-28 17:24:05","post_modified_gmt":"2022-07-28 15:24:05","post_content_filtered":"","post_parent":0,"guid":"http:\/\/dev.claret.cat\/autor\/elsa-fouquier\/","menu_order":0,"post_type":"autor","post_mime_type":"","comment_count":"0","filter":"raw"}],"editorial":[{"ID":6249,"post_author":"3","post_date":"2022-07-28 17:48:09","post_date_gmt":"2022-07-28 15:48:09","post_content":"","post_title":"Estrella Polar","post_excerpt":"","post_status":"publish","comment_status":"closed","ping_status":"closed","post_password":"","post_name":"estrella-polar","to_ping":"","pinged":"","post_modified":"2022-07-28 17:48:09","post_modified_gmt":"2022-07-28 15:48:09","post_content_filtered":"","post_parent":0,"guid":"http:\/\/dev.claret.cat\/editorial\/estrella-polar\/","menu_order":0,"post_type":"editorial","post_mime_type":"","comment_count":"0","filter":"raw"}],"booktrailer":"","resenas":""},"aioseo_notices":[],"_links":{"self":[{"href":"https:\/\/www.claret.cat\/es\/wp-json\/wp\/v2\/product\/310","targetHints":{"allow":["GET"]}}],"collection":[{"href":"https:\/\/www.claret.cat\/es\/wp-json\/wp\/v2\/product"}],"about":[{"href":"https:\/\/www.claret.cat\/es\/wp-json\/wp\/v2\/types\/product"}],"wp:featuredmedia":[{"embeddable":true,"href":"https:\/\/www.claret.cat\/es\/wp-json\/wp\/v2\/media\/1071200"}],"wp:attachment":[{"href":"https:\/\/www.claret.cat\/es\/wp-json\/wp\/v2\/media?parent=310"}],"wp:term":[{"taxonomy":"product_brand","embeddable":true,"href":"https:\/\/www.claret.cat\/es\/wp-json\/wp\/v2\/product_brand?post=310"},{"taxonomy":"product_cat","embeddable":true,"href":"https:\/\/www.claret.cat\/es\/wp-json\/wp\/v2\/product_cat?post=310"},{"taxonomy":"product_tag","embeddable":true,"href":"https:\/\/www.claret.cat\/es\/wp-json\/wp\/v2\/product_tag?post=310"}],"curies":[{"name":"wp","href":"https:\/\/api.w.org\/{rel}","templated":true}]}}