{"id":31005,"date":"2022-10-02T11:47:01","date_gmt":"2022-10-02T09:47:01","guid":{"rendered":"http:\/\/dev.claret.cat\/producte\/el-papa-francisco-y-las-familias\/"},"modified":"2024-05-02T10:02:22","modified_gmt":"2024-05-02T08:02:22","slug":"el-papa-francisco-y-las-familias-9788428543910","status":"publish","type":"product","link":"https:\/\/www.claret.cat\/es\/libro\/el-papa-francisco-y-las-familias-9788428543910\/","title":{"rendered":"EL PAPA FRANCISCO Y LAS FAMILIAS"},"content":{"rendered":"<p>Este libro recoge lo que el Papa Francisco ha expresado sobre la familia en los cinco primeros meses de su Pontificado, presentado por grandes temas: el matrimonio, la educaci\u00f3n, el papel de los abuelos, la transmisi\u00f3n de la fe por parte de los padres, la necesidad de ver el mundo entero como una gran familia&#8230; Para el Pont\u00edfice, la familia no s\u00f3lo es una de las bases de la sociedad, sino la clave fundamental para la supervivencia de la humanidad. Los textos est\u00e1n tomados de los escritos, discursos y homil\u00edas del Papa, y tambi\u00e9n de sus meditaciones, con un tono m\u00e1s coloquial, en la celebraci\u00f3n eucar\u00edstica matinal en la capilla de la Casa de Santa Marta en el Vaticano.<\/p>\n","protected":false},"excerpt":{"rendered":"<p>TOSO, PAOLA DAL<\/p>\n","protected":false},"featured_media":334718,"template":"","meta":{"_acf_changed":false,"om_disable_all_campaigns":false,"rs_blank_template":"","rs_page_bg_color":"","slide_template_v7":"","inline_featured_image":false,"_monsterinsights_skip_tracking":false,"_monsterinsights_sitenote_active":false,"_monsterinsights_sitenote_note":"","_monsterinsights_sitenote_category":0},"product_brand":[],"product_cat":[90,540],"product_tag":[],"class_list":{"0":"post-31005","1":"product","2":"type-product","3":"status-publish","4":"has-post-thumbnail","6":"product_cat-altres","7":"product_cat-otros","9":"first","10":"instock","11":"taxable","12":"shipping-taxable","13":"purchasable","14":"product-type-simple"},"acf":{"autor":"TOSO, PAOLA DAL","codart":"842854391","libros-coleccion":"","ediciones":"1","encuadernacion":"R\u00fastica","fecha_de_publicacion":"22\/01\/2014","novedad":"0","paginas":"128","subtitulo":"","orden":"999","portada":"0","idioma":"spa","editorial":[{"ID":6356,"post_author":"3","post_date":"2022-07-28 17:50:26","post_date_gmt":"2022-07-28 15:50:26","post_content":"","post_title":"SAN PABLO COMUNICACI\u00d3N","post_excerpt":"","post_status":"publish","comment_status":"closed","ping_status":"closed","post_password":"","post_name":"san-pablo-comunicacion","to_ping":"","pinged":"","post_modified":"2022-07-28 17:50:26","post_modified_gmt":"2022-07-28 15:50:26","post_content_filtered":"","post_parent":0,"guid":"http:\/\/dev.claret.cat\/editorial\/san-pablo-comunicacion\/","menu_order":0,"post_type":"editorial","post_mime_type":"","comment_count":"0","filter":"raw"}],"autores-libros":[{"ID":166539,"post_author":"3","post_date":"2022-10-14 18:04:05","post_date_gmt":"2022-10-14 16:04:05","post_content":"","post_title":"PAOLA DAL TOSO","post_excerpt":"","post_status":"publish","comment_status":"closed","ping_status":"closed","post_password":"","post_name":"paola-dal-toso","to_ping":"","pinged":"","post_modified":"2022-10-14 18:04:05","post_modified_gmt":"2022-10-14 16:04:05","post_content_filtered":"","post_parent":0,"guid":"http:\/\/dev.claret.cat\/autor\/paola-dal-toso\/","menu_order":0,"post_type":"autor","post_mime_type":"","comment_count":"0","filter":"raw"}]},"aioseo_notices":[],"_links":{"self":[{"href":"https:\/\/www.claret.cat\/es\/wp-json\/wp\/v2\/product\/31005","targetHints":{"allow":["GET"]}}],"collection":[{"href":"https:\/\/www.claret.cat\/es\/wp-json\/wp\/v2\/product"}],"about":[{"href":"https:\/\/www.claret.cat\/es\/wp-json\/wp\/v2\/types\/product"}],"wp:featuredmedia":[{"embeddable":true,"href":"https:\/\/www.claret.cat\/es\/wp-json\/wp\/v2\/media\/334718"}],"wp:attachment":[{"href":"https:\/\/www.claret.cat\/es\/wp-json\/wp\/v2\/media?parent=31005"}],"wp:term":[{"taxonomy":"product_brand","embeddable":true,"href":"https:\/\/www.claret.cat\/es\/wp-json\/wp\/v2\/product_brand?post=31005"},{"taxonomy":"product_cat","embeddable":true,"href":"https:\/\/www.claret.cat\/es\/wp-json\/wp\/v2\/product_cat?post=31005"},{"taxonomy":"product_tag","embeddable":true,"href":"https:\/\/www.claret.cat\/es\/wp-json\/wp\/v2\/product_tag?post=31005"}],"curies":[{"name":"wp","href":"https:\/\/api.w.org\/{rel}","templated":true}]}}