{"id":310502,"date":"2022-12-20T17:00:17","date_gmt":"2022-12-20T16:00:17","guid":{"rendered":"https:\/\/www.claret.cat\/llibre\/guia-turistica-de-lunivers-9788413561899\/"},"modified":"2023-10-06T09:19:53","modified_gmt":"2023-10-06T07:19:53","slug":"guia-turistica-de-lunivers-9788413561899","status":"publish","type":"product","link":"https:\/\/www.claret.cat\/es\/libro\/guia-turistica-de-lunivers-9788413561899\/","title":{"rendered":"GUIA TUR\u00cdSTICA DE L&#8217;UNIVERS"},"content":{"rendered":"<p>AQUESTA GUIA OFEREIX ALS ASTROTURISTES LES INFORMACIONS ESSENCIALS PER SABER, PLANETA PER PLANETA, ASTRE PER ASTRE, QU\u00c8 HEU DE VISITAR, QUINES EXCURSIONS PROJECTAR, COM ORGANITZAR EL CREUER DE LA MILLOR MANERA POSSIBLE SOBRE LA BASE DEL VOSTRE DESIG D&#8221;AVENTURA. Aqu\u00ed trobareu els millors destins per escalar les muntanyes o els volcans m\u00e9s alts del Sistema Solar, o patinar sobre gel, o dedicar-vos a les cures termals, o assistir a imponents erupcions volc\u00e0niques, o banyar-vos en un oce\u00e0 de met\u00e0 l\u00edquid. I podreu anar m\u00e9s enll\u00e0 del nostre sistema planetari, i arribar a explorar la Gal\u00e0xia, els diferents tipus d&#8221;estrelles que la poblen, els planetes extrasolars m\u00e9s extrems, per sortir finalment a l&#8221;espai intergal\u00e0ctic i visitar els cossos m\u00e9s allunyats de l&#8221;Univers. No es tracta d&#8221;una novel\u00b7la de ci\u00e8ncia-ficci\u00f3 ni d&#8221;un manual d&#8221;astronomia. \u00c9s una manera d&#8221;afrontar aquesta espl\u00e8ndida disciplina amb la mirada del turista curi\u00f3s a la recerca de nous horitzons, amb ganes de quedar bocabadat davant les espectaculars sorpreses que el cosmos \u00e9s capa\u00e7 d&#8221;oferir.  * El llibre _Guida tur\u00edstica dell&#8221;universo_ ha estat tradu\u00efda a 5 lleng\u00fces.<\/p>\n","protected":false},"excerpt":{"rendered":"<p>RICCI, EMILIANO<\/p>\n","protected":false},"featured_media":580831,"template":"","meta":{"_acf_changed":false,"om_disable_all_campaigns":false,"rs_blank_template":"","rs_page_bg_color":"","slide_template_v7":"","inline_featured_image":false,"_monsterinsights_skip_tracking":false,"_monsterinsights_sitenote_active":false,"_monsterinsights_sitenote_note":"","_monsterinsights_sitenote_category":0},"product_brand":[],"product_cat":[104],"product_tag":[],"class_list":{"0":"post-310502","1":"product","2":"type-product","3":"status-publish","4":"has-post-thumbnail","6":"product_cat-ciencia","8":"first","9":"instock","10":"taxable","11":"shipping-taxable","12":"purchasable","13":"product-type-simple"},"acf":{"editorial":[{"ID":6171,"post_author":"3","post_date":"2022-07-28 17:46:25","post_date_gmt":"2022-07-28 15:46:25","post_content":"","post_title":"COSSETANIA EDICIONS","post_excerpt":"","post_status":"publish","comment_status":"closed","ping_status":"closed","post_password":"","post_name":"cossetania-edicions","to_ping":"","pinged":"","post_modified":"2022-07-28 17:46:25","post_modified_gmt":"2022-07-28 15:46:25","post_content_filtered":"","post_parent":0,"guid":"http:\/\/dev.claret.cat\/editorial\/cossetania-edicions\/","menu_order":0,"post_type":"editorial","post_mime_type":"","comment_count":"0","filter":"raw"}],"autor":"RICCI, EMILIANO","codart":"841356189","libros-coleccion":"Prisma","ediciones":"1","encuadernacion":"R\u00fastica","fecha_de_publicacion":"01\/05\/2022","novedad":"1","paginas":"253","subtitulo":"DESCOBRIR L'ESPAI, ENTRE MONS ALIEN\u00cdGENES I MONSTRES CELESTES","orden":"0","portada":"0","idioma":"cat","autores-libros":[{"ID":154970,"post_author":"3","post_date":"2022-10-14 15:09:07","post_date_gmt":"2022-10-14 13:09:07","post_content":"","post_title":"EMILIANO RICCI","post_excerpt":"","post_status":"publish","comment_status":"closed","ping_status":"closed","post_password":"","post_name":"emiliano-ricci","to_ping":"","pinged":"","post_modified":"2022-10-14 15:09:07","post_modified_gmt":"2022-10-14 13:09:07","post_content_filtered":"","post_parent":0,"guid":"http:\/\/dev.claret.cat\/autor\/emiliano-ricci\/","menu_order":0,"post_type":"autor","post_mime_type":"","comment_count":"0","filter":"raw"}]},"aioseo_notices":[],"_links":{"self":[{"href":"https:\/\/www.claret.cat\/es\/wp-json\/wp\/v2\/product\/310502","targetHints":{"allow":["GET"]}}],"collection":[{"href":"https:\/\/www.claret.cat\/es\/wp-json\/wp\/v2\/product"}],"about":[{"href":"https:\/\/www.claret.cat\/es\/wp-json\/wp\/v2\/types\/product"}],"wp:featuredmedia":[{"embeddable":true,"href":"https:\/\/www.claret.cat\/es\/wp-json\/wp\/v2\/media\/580831"}],"wp:attachment":[{"href":"https:\/\/www.claret.cat\/es\/wp-json\/wp\/v2\/media?parent=310502"}],"wp:term":[{"taxonomy":"product_brand","embeddable":true,"href":"https:\/\/www.claret.cat\/es\/wp-json\/wp\/v2\/product_brand?post=310502"},{"taxonomy":"product_cat","embeddable":true,"href":"https:\/\/www.claret.cat\/es\/wp-json\/wp\/v2\/product_cat?post=310502"},{"taxonomy":"product_tag","embeddable":true,"href":"https:\/\/www.claret.cat\/es\/wp-json\/wp\/v2\/product_tag?post=310502"}],"curies":[{"name":"wp","href":"https:\/\/api.w.org\/{rel}","templated":true}]}}