{"id":310959,"date":"2022-12-21T16:30:12","date_gmt":"2022-12-21T15:30:12","guid":{"rendered":"https:\/\/www.claret.cat\/llibre\/un-viatge-de-cinema-9788491364627\/"},"modified":"2024-07-10T11:41:37","modified_gmt":"2024-07-10T09:41:37","slug":"un-viatge-de-cinema-9788491364627","status":"publish","type":"product","link":"https:\/\/www.claret.cat\/es\/libro\/un-viatge-de-cinema-9788491364627\/","title":{"rendered":"UN VIATGE DE CINEMA"},"content":{"rendered":"<p>En Lluc, la Patricia, en Marc i la Maria s\u2019embarquen en una aventura que canviar\u00e0 les seves vides. Ens portaran a explorar el m\u00f3n i les seves complexitats. De la m\u00e0 dels seus mentors, escriuran un diari de viv\u00e8ncies personals narrades en primera persona. Volen ajudar-nos a cercar respostes i solucions als reptes de la societat d\u2019avui, per construir-la dia a dia, amb just\u00edcia, equitat i sostenibilitat, des d\u2019una mirada atenta a l\u2019altre. Si et deixes interpel\u00b7lar, aquest llibre interactiu far\u00e0 que tu en siguis el protagonista. Junts descobrirem els valors essencials de les diferents cultures que ens uneixen i ens comprometen en la millora de l\u2019entorn i el creixement personal a trav\u00e9s del cinema. Les autores, docents i apassionades del set\u00e8 art, faciliten un ample ventall de pel\u00b7l\u00edcules i recursos cinematogr\u00e0fics per a dinamitzar equips de treball en l\u2019\u00e0mbit de l\u2019educaci\u00f3 en valors i el respecte per les cultures.<\/p>\n","protected":false},"excerpt":{"rendered":"<p>ASSUMPTA MONTSERRAT; MONTSERRAT CLAVERAS<\/p>\n","protected":false},"featured_media":974247,"template":"","meta":{"_acf_changed":false,"om_disable_all_campaigns":false,"rs_blank_template":"","rs_page_bg_color":"","slide_template_v7":"","inline_featured_image":false,"_monsterinsights_skip_tracking":false,"_monsterinsights_sitenote_active":false,"_monsterinsights_sitenote_note":"","_monsterinsights_sitenote_category":0},"product_brand":[],"product_cat":[376,178,561,112,581,451,186],"product_tag":[],"class_list":{"0":"post-310959","1":"product","2":"type-product","3":"status-publish","4":"has-post-thumbnail","6":"product_cat-autores-psicologia-2_humanidades","7":"product_cat-autors-psicologia","8":"product_cat-cine-y-television","9":"product_cat-cinema-i-televisio","10":"product_cat-editorial-claret","11":"product_cat-estudios-e-investigacion-pedagogia-2_humanidades","12":"product_cat-estudis-i-investigacio-pedagogia-2_humanitats","14":"first","15":"instock","16":"taxable","17":"shipping-taxable","18":"purchasable","19":"product-type-simple"},"acf":{"editorial":[{"ID":6158,"post_author":"3","post_date":"2022-07-28 17:46:08","post_date_gmt":"2022-07-28 15:46:08","post_content":"","post_title":"CLARET","post_excerpt":"","post_status":"publish","comment_status":"closed","ping_status":"closed","post_password":"","post_name":"claret","to_ping":"","pinged":"","post_modified":"2022-07-28 17:46:08","post_modified_gmt":"2022-07-28 15:46:08","post_content_filtered":"","post_parent":0,"guid":"http:\/\/dev.claret.cat\/editorial\/claret\/","menu_order":0,"post_type":"editorial","post_mime_type":"","comment_count":"0","filter":"raw"}],"autor":"ASSUMPTA MONTSERRAT; MONTSERRAT CLAVERAS","codart":"849136462","libros-coleccion":"","ediciones":"1","encuadernacion":"R\u00fastica","fecha_de_publicacion":"19\/01\/2023","novedad":"1","paginas":"162","subtitulo":"","orden":"0","portada":"1","idioma":"cat","autores-libros":[{"ID":380370,"post_author":"3","post_date":"2023-02-02 13:03:21","post_date_gmt":"2023-02-02 12:03:21","post_content":"","post_title":"MONTSERRAT CLAVERAS","post_excerpt":"","post_status":"publish","comment_status":"closed","ping_status":"closed","post_password":"","post_name":"montserrat-claveras-2","to_ping":"","pinged":"","post_modified":"2023-02-02 13:03:21","post_modified_gmt":"2023-02-02 12:03:21","post_content_filtered":"","post_parent":0,"guid":"https:\/\/www.claret.cat\/autor\/montserrat-claveras-2\/","menu_order":0,"post_type":"autor","post_mime_type":"","comment_count":"0","filter":"raw"},{"ID":380369,"post_author":"3","post_date":"2023-02-02 13:03:20","post_date_gmt":"2023-02-02 12:03:20","post_content":"","post_title":"ASSUMPTA MONTSERRAT","post_excerpt":"","post_status":"publish","comment_status":"closed","ping_status":"closed","post_password":"","post_name":"assumpta-montserrat-2","to_ping":"","pinged":"","post_modified":"2023-02-02 13:03:20","post_modified_gmt":"2023-02-02 12:03:20","post_content_filtered":"","post_parent":0,"guid":"https:\/\/www.claret.cat\/autor\/assumpta-montserrat-2\/","menu_order":0,"post_type":"autor","post_mime_type":"","comment_count":"0","filter":"raw"}],"traductores-libros":"","ilustradores-libros":"","formato":"","linkebook":"","ficha":"849136462_1685024095.pdf","muestra":"","presentacion":"","booktrailer":"","resenas":"<p>Flama, 19\/01\/2023<\/p>\n<p><a href=\"https:\/\/www.flama.info\/modules.php?name=news&amp;amp;idnew=42307&amp;amp;back=1\" rel=\"noopener noreferrer\" target=\"_blank\">https:\/\/www.flama.info\/modules.php?name=news&amp;amp;idnew=42307&amp;amp;back=1<\/a><\/p>\n<p><\/p>\n<p>Catalunya Religi\u00f3, 25\/01\/2023<\/p>\n<p><a href=\"https:\/\/www.catalunyareligio.cat\/ca\/nou-llibre-editorial-claret-proposa-als\" rel=\"noopener noreferrer\" target=\"_blank\">https:\/\/www.catalunyareligio.cat\/ca\/nou-llibre-editorial-claret-proposa-als<\/a><\/p>\n<p><\/p>\n<p>Catalunya Cristiana, 19\/02\/2023<\/p>\n<p><a href=\"https:\/\/drive.google.com\/file\/d\/19dxarUP9xNG5WUf0licEle7uRotwOQ8d\/view?usp=sharing\" rel=\"noopener noreferrer\" target=\"_blank\">https:\/\/drive.google.com\/file\/d\/19dxarUP9xNG5WUf0licEle7uRotwOQ8d\/view?usp=sharing<\/a><\/p>\n<p><\/p>\n<p>Catalunya Cristiana, 19\/02\/2023<\/p>\n<p><a href=\"https:\/\/drive.google.com\/file\/d\/1ytUEtCK2aPHmqn43jsH7U-AyasElSXBk\/view?usp=sharing\" rel=\"noopener noreferrer\" target=\"_blank\">https:\/\/drive.google.com\/file\/d\/1ytUEtCK2aPHmqn43jsH7U-AyasElSXBk\/view?usp=sharing<\/a><\/p>\n","recomendamos":"","mas_vendido":"","precioebook":"0","ebookportada":false},"aioseo_notices":[],"_links":{"self":[{"href":"https:\/\/www.claret.cat\/es\/wp-json\/wp\/v2\/product\/310959","targetHints":{"allow":["GET"]}}],"collection":[{"href":"https:\/\/www.claret.cat\/es\/wp-json\/wp\/v2\/product"}],"about":[{"href":"https:\/\/www.claret.cat\/es\/wp-json\/wp\/v2\/types\/product"}],"wp:featuredmedia":[{"embeddable":true,"href":"https:\/\/www.claret.cat\/es\/wp-json\/wp\/v2\/media\/974247"}],"wp:attachment":[{"href":"https:\/\/www.claret.cat\/es\/wp-json\/wp\/v2\/media?parent=310959"}],"wp:term":[{"taxonomy":"product_brand","embeddable":true,"href":"https:\/\/www.claret.cat\/es\/wp-json\/wp\/v2\/product_brand?post=310959"},{"taxonomy":"product_cat","embeddable":true,"href":"https:\/\/www.claret.cat\/es\/wp-json\/wp\/v2\/product_cat?post=310959"},{"taxonomy":"product_tag","embeddable":true,"href":"https:\/\/www.claret.cat\/es\/wp-json\/wp\/v2\/product_tag?post=310959"}],"curies":[{"name":"wp","href":"https:\/\/api.w.org\/{rel}","templated":true}]}}