{"id":31159,"date":"2022-10-02T11:48:51","date_gmt":"2022-10-02T09:48:51","guid":{"rendered":"http:\/\/dev.claret.cat\/producte\/oraciones-a-maria-50-cartas-50-oraciones\/"},"modified":"2026-04-14T12:00:11","modified_gmt":"2026-04-14T10:00:11","slug":"oraciones-a-maria-50-cartas-50-oraciones-9788428828864","status":"publish","type":"product","link":"https:\/\/www.claret.cat\/es\/libro\/oraciones-a-maria-50-cartas-50-oraciones-9788428828864\/","title":{"rendered":"ORACIONES A MAR\u00cdA. 50 CARTAS, 50 ORACIONES"},"content":{"rendered":"<p>A lo largo de los siglos, millones de cristianos han llamado a Mar\u00eda, la Madre de Jes\u00fas, de formas muy distintas (Madre de Dios&#8230;, Reina de la paz) y le han pedido que interceda ante Dios por ellos: &#8216;Santa Mar\u00eda, ruega por nosotros.&#8217; Tambi\u00e9n nosotros podemos llamarla con nombres bien bonitos y dirigirnos a ella con cari\u00f1o cada d\u00eda, antes de dormir o en cualquier otro momento.Oraciones\u00a0para felicitar a Mar\u00eda\u00a0por ser la Madre de Jes\u00fas, para saludarla con palabras y expresiones de cari\u00f1o, para pedirle que presente ante Dios nuestras necesidades, para proclamar sus alabanzas&#8230; As\u00ed lo hicieron los cristianos a lo largo de la historia. Y as\u00ed lo podemos hacer nosotros hoy.<\/p>\n","protected":false},"excerpt":{"rendered":"<p>PATXI AYERRA, MARI; OTERO, HERMINIO<\/p>\n","protected":false},"featured_media":337439,"template":"","meta":{"_acf_changed":false,"om_disable_all_campaigns":false,"rs_blank_template":"","rs_page_bg_color":"","slide_template_v7":"","inline_featured_image":false,"_monsterinsights_skip_tracking":false,"_monsterinsights_sitenote_active":false,"_monsterinsights_sitenote_note":"","_monsterinsights_sitenote_category":0},"product_brand":[],"product_cat":[90,540],"product_tag":[],"class_list":{"0":"post-31159","1":"product","2":"type-product","3":"status-publish","4":"has-post-thumbnail","6":"product_cat-altres","7":"product_cat-otros","9":"first","10":"instock","11":"taxable","12":"shipping-taxable","13":"purchasable","14":"product-type-simple"},"acf":{"autor":"PATXI AYERRA, MARI; OTERO, HERMINIO","codart":"842882886","libros-coleccion":"","ediciones":"1","encuadernacion":"R\u00fastica","fecha_de_publicacion":"30\/11\/2015","novedad":"0","paginas":"50","subtitulo":"50 CARTAS, 50 ORACIONES","orden":"999","portada":"0","idioma":"spa","editorial":[{"ID":6335,"post_author":"3","post_date":"2022-07-28 17:49:59","post_date_gmt":"2022-07-28 15:49:59","post_content":"","post_title":"PPC altres","post_excerpt":"","post_status":"publish","comment_status":"closed","ping_status":"closed","post_password":"","post_name":"ppc-altres","to_ping":"","pinged":"","post_modified":"2022-07-28 17:49:59","post_modified_gmt":"2022-07-28 15:49:59","post_content_filtered":"","post_parent":0,"guid":"http:\/\/dev.claret.cat\/editorial\/ppc-altres\/","menu_order":0,"post_type":"editorial","post_mime_type":"","comment_count":"0","filter":"raw"}],"autores-libros":[{"ID":5538,"post_author":"3","post_date":"2022-07-28 17:26:08","post_date_gmt":"2022-07-28 15:26:08","post_content":"","post_title":"HERMINIO OTERO","post_excerpt":"","post_status":"publish","comment_status":"closed","ping_status":"closed","post_password":"","post_name":"herminio-otero","to_ping":"","pinged":"","post_modified":"2022-07-28 17:26:08","post_modified_gmt":"2022-07-28 15:26:08","post_content_filtered":"","post_parent":0,"guid":"http:\/\/dev.claret.cat\/autor\/herminio-otero\/","menu_order":0,"post_type":"autor","post_mime_type":"","comment_count":"0","filter":"raw"},{"ID":163503,"post_author":"3","post_date":"2022-10-14 17:39:33","post_date_gmt":"2022-10-14 15:39:33","post_content":"","post_title":"MARI PATXI AYERRA","post_excerpt":"","post_status":"publish","comment_status":"closed","ping_status":"closed","post_password":"","post_name":"mari-patxi-ayerra-2","to_ping":"","pinged":"","post_modified":"2022-10-14 17:39:33","post_modified_gmt":"2022-10-14 15:39:33","post_content_filtered":"","post_parent":0,"guid":"http:\/\/dev.claret.cat\/autor\/mari-patxi-ayerra-2\/","menu_order":0,"post_type":"autor","post_mime_type":"","comment_count":"0","filter":"raw"}],"booktrailer":"","resenas":""},"aioseo_notices":[],"_links":{"self":[{"href":"https:\/\/www.claret.cat\/es\/wp-json\/wp\/v2\/product\/31159","targetHints":{"allow":["GET"]}}],"collection":[{"href":"https:\/\/www.claret.cat\/es\/wp-json\/wp\/v2\/product"}],"about":[{"href":"https:\/\/www.claret.cat\/es\/wp-json\/wp\/v2\/types\/product"}],"wp:featuredmedia":[{"embeddable":true,"href":"https:\/\/www.claret.cat\/es\/wp-json\/wp\/v2\/media\/337439"}],"wp:attachment":[{"href":"https:\/\/www.claret.cat\/es\/wp-json\/wp\/v2\/media?parent=31159"}],"wp:term":[{"taxonomy":"product_brand","embeddable":true,"href":"https:\/\/www.claret.cat\/es\/wp-json\/wp\/v2\/product_brand?post=31159"},{"taxonomy":"product_cat","embeddable":true,"href":"https:\/\/www.claret.cat\/es\/wp-json\/wp\/v2\/product_cat?post=31159"},{"taxonomy":"product_tag","embeddable":true,"href":"https:\/\/www.claret.cat\/es\/wp-json\/wp\/v2\/product_tag?post=31159"}],"curies":[{"name":"wp","href":"https:\/\/api.w.org\/{rel}","templated":true}]}}