{"id":31162,"date":"2022-10-02T11:48:53","date_gmt":"2022-10-02T09:48:53","guid":{"rendered":"http:\/\/dev.claret.cat\/producte\/iglesia-servidora-de-los-pobres\/"},"modified":"2024-05-02T06:28:11","modified_gmt":"2024-05-02T04:28:11","slug":"iglesia-servidora-de-los-pobres-9788428828871","status":"publish","type":"product","link":"https:\/\/www.claret.cat\/es\/libro\/iglesia-servidora-de-los-pobres-9788428828871\/","title":{"rendered":"IGLESIA, SERVIDORA DE LOS POBRES"},"content":{"rendered":"<p>En Iglesia, servidora de los pobres, la Conferencia Episcopal Espa\u00f1ola nos ofrece un mensaje de tono prof\u00e9tico que analiza nuestra realidad, origen de tanto sufrimiento a causa de la pobreza y la exclusi\u00f3n social, y nos ofrece propuestas esperanzadoras de acci\u00f3n y compromiso para transformarla a la luz de la Doctrina Social de la Iglesia.<\/p>\n","protected":false},"excerpt":{"rendered":"<p>CONFERENCIA EPISCOPAL ESPA\u00d1OLA, \/ ALTABA GARGALLO, VICENTE<\/p>\n","protected":false},"featured_media":337441,"template":"","meta":{"_acf_changed":false,"om_disable_all_campaigns":false,"rs_blank_template":"","rs_page_bg_color":"","slide_template_v7":"","inline_featured_image":false,"_monsterinsights_skip_tracking":false,"_monsterinsights_sitenote_active":false,"_monsterinsights_sitenote_note":"","_monsterinsights_sitenote_category":0},"product_brand":[],"product_cat":[90,540],"product_tag":[],"class_list":{"0":"post-31162","1":"product","2":"type-product","3":"status-publish","4":"has-post-thumbnail","6":"product_cat-altres","7":"product_cat-otros","9":"first","10":"instock","11":"taxable","12":"shipping-taxable","13":"purchasable","14":"product-type-simple"},"acf":{"autor":"CONFERENCIA EPISCOPAL ESPA\u00d1OLA, \/ ALTABA GARGALLO, VICENTE","codart":"842882887","libros-coleccion":"","ediciones":"1","encuadernacion":"R\u00fastica","fecha_de_publicacion":"01\/09\/2015","novedad":"0","paginas":"0","subtitulo":"","orden":"999","portada":"0","idioma":"spa","editorial":[{"ID":6335,"post_author":"3","post_date":"2022-07-28 17:49:59","post_date_gmt":"2022-07-28 15:49:59","post_content":"","post_title":"PPC altres","post_excerpt":"","post_status":"publish","comment_status":"closed","ping_status":"closed","post_password":"","post_name":"ppc-altres","to_ping":"","pinged":"","post_modified":"2022-07-28 17:49:59","post_modified_gmt":"2022-07-28 15:49:59","post_content_filtered":"","post_parent":0,"guid":"http:\/\/dev.claret.cat\/editorial\/ppc-altres\/","menu_order":0,"post_type":"editorial","post_mime_type":"","comment_count":"0","filter":"raw"}],"autores-libros":[{"ID":8450,"post_author":"3","post_date":"2022-09-30 09:48:40","post_date_gmt":"2022-09-30 07:48:40","post_content":"","post_title":"VICENTE ALTABA GARGALLO","post_excerpt":"","post_status":"publish","comment_status":"closed","ping_status":"closed","post_password":"","post_name":"vicente-altaba-gargallo","to_ping":"","pinged":"","post_modified":"2022-09-30 09:48:40","post_modified_gmt":"2022-09-30 07:48:40","post_content_filtered":"","post_parent":0,"guid":"http:\/\/dev.claret.cat\/autor\/vicente-altaba-gargallo\/","menu_order":0,"post_type":"autor","post_mime_type":"","comment_count":"0","filter":"raw"},{"ID":153208,"post_author":"3","post_date":"2022-10-14 14:54:56","post_date_gmt":"2022-10-14 12:54:56","post_content":"","post_title":"CONFERENCIA EPISCOPAL ESPA\u00d1OLA","post_excerpt":"","post_status":"publish","comment_status":"closed","ping_status":"closed","post_password":"","post_name":"conferencia-episcopal-espanola-3","to_ping":"","pinged":"","post_modified":"2022-10-14 14:54:56","post_modified_gmt":"2022-10-14 12:54:56","post_content_filtered":"","post_parent":0,"guid":"http:\/\/dev.claret.cat\/autor\/conferencia-episcopal-espanola-3\/","menu_order":0,"post_type":"autor","post_mime_type":"","comment_count":"0","filter":"raw"}]},"aioseo_notices":[],"_links":{"self":[{"href":"https:\/\/www.claret.cat\/es\/wp-json\/wp\/v2\/product\/31162","targetHints":{"allow":["GET"]}}],"collection":[{"href":"https:\/\/www.claret.cat\/es\/wp-json\/wp\/v2\/product"}],"about":[{"href":"https:\/\/www.claret.cat\/es\/wp-json\/wp\/v2\/types\/product"}],"wp:featuredmedia":[{"embeddable":true,"href":"https:\/\/www.claret.cat\/es\/wp-json\/wp\/v2\/media\/337441"}],"wp:attachment":[{"href":"https:\/\/www.claret.cat\/es\/wp-json\/wp\/v2\/media?parent=31162"}],"wp:term":[{"taxonomy":"product_brand","embeddable":true,"href":"https:\/\/www.claret.cat\/es\/wp-json\/wp\/v2\/product_brand?post=31162"},{"taxonomy":"product_cat","embeddable":true,"href":"https:\/\/www.claret.cat\/es\/wp-json\/wp\/v2\/product_cat?post=31162"},{"taxonomy":"product_tag","embeddable":true,"href":"https:\/\/www.claret.cat\/es\/wp-json\/wp\/v2\/product_tag?post=31162"}],"curies":[{"name":"wp","href":"https:\/\/api.w.org\/{rel}","templated":true}]}}