{"id":31171,"date":"2022-10-02T11:48:59","date_gmt":"2022-10-02T09:48:59","guid":{"rendered":"http:\/\/dev.claret.cat\/producte\/alumnos-competentes-en-religion\/"},"modified":"2024-05-02T06:28:27","modified_gmt":"2024-05-02T04:28:27","slug":"alumnos-competentes-en-religion-9788428828901","status":"publish","type":"product","link":"https:\/\/www.claret.cat\/es\/libro\/alumnos-competentes-en-religion-9788428828901\/","title":{"rendered":"ALUMNOS COMPETENTES EN RELIGI\u00d3N"},"content":{"rendered":"<p>Este libro es una propuesta para este tiempo que consideramos oportuno para la mejora de la ERE. Se trata de una doble propuesta de mejora e innovaci\u00f3n para la clase de Religi\u00f3n: la primera busca facilitar procesos de renovaci\u00f3n de las programaciones desde el contexto de cada centro educativo, la situaci\u00f3n real de sus alumnos y los rasgos de identidad de su car\u00e1cter propio; la segunda propuesta pretende impulsar una renovaci\u00f3n metodol\u00f3gica que mejore los procesos de aprendizaje de la ERE. Ambas propuestas buscan de manera complementaria acercar los aprendizajes de las clases de Religi\u00f3n a la realizaci\u00f3n personal de la vida de los alumnos y una mayor aplicabilidad de estos conocimientos en las situaciones de la vida real.<\/p>\n","protected":false},"excerpt":{"rendered":"<p>ESTEBAN GARC\u00c9S, CARLOS; PRIETO CHAPARRO, RUB\u00c9N<\/p>\n","protected":false},"featured_media":337447,"template":"","meta":{"_acf_changed":false,"om_disable_all_campaigns":false,"rs_blank_template":"","rs_page_bg_color":"","slide_template_v7":"","inline_featured_image":false,"_monsterinsights_skip_tracking":false,"_monsterinsights_sitenote_active":false,"_monsterinsights_sitenote_note":"","_monsterinsights_sitenote_category":0},"product_brand":[],"product_cat":[90,540],"product_tag":[],"class_list":{"0":"post-31171","1":"product","2":"type-product","3":"status-publish","4":"has-post-thumbnail","6":"product_cat-altres","7":"product_cat-otros","9":"first","10":"outofstock","11":"taxable","12":"shipping-taxable","13":"purchasable","14":"product-type-simple"},"acf":{"autor":"ESTEBAN GARC\u00c9S, CARLOS; PRIETO CHAPARRO, RUB\u00c9N","codart":"842882890","libros-coleccion":"","ediciones":"1","encuadernacion":"R\u00fastica","fecha_de_publicacion":"30\/11\/2015","novedad":"0","paginas":"416","subtitulo":"PROPUESTAS PARA LA PROGRAMACI\u00d3N B\u00c1SICA","orden":"999","portada":"0","idioma":"spa","editorial":[{"ID":6335,"post_author":"3","post_date":"2022-07-28 17:49:59","post_date_gmt":"2022-07-28 15:49:59","post_content":"","post_title":"PPC altres","post_excerpt":"","post_status":"publish","comment_status":"closed","ping_status":"closed","post_password":"","post_name":"ppc-altres","to_ping":"","pinged":"","post_modified":"2022-07-28 17:49:59","post_modified_gmt":"2022-07-28 15:49:59","post_content_filtered":"","post_parent":0,"guid":"http:\/\/dev.claret.cat\/editorial\/ppc-altres\/","menu_order":0,"post_type":"editorial","post_mime_type":"","comment_count":"0","filter":"raw"}],"autores-libros":[{"ID":168648,"post_author":"3","post_date":"2022-10-14 22:20:48","post_date_gmt":"2022-10-14 20:20:48","post_content":"","post_title":"RUB\u00c9N PRIETO CHAPARRO","post_excerpt":"","post_status":"publish","comment_status":"closed","ping_status":"closed","post_password":"","post_name":"ruben-prieto-chaparro","to_ping":"","pinged":"","post_modified":"2022-10-14 22:20:48","post_modified_gmt":"2022-10-14 20:20:48","post_content_filtered":"","post_parent":0,"guid":"http:\/\/dev.claret.cat\/autor\/ruben-prieto-chaparro\/","menu_order":0,"post_type":"autor","post_mime_type":"","comment_count":"0","filter":"raw"},{"ID":152247,"post_author":"3","post_date":"2022-10-14 14:47:15","post_date_gmt":"2022-10-14 12:47:15","post_content":"","post_title":"CARLOS ESTEBAN GARCES","post_excerpt":"","post_status":"publish","comment_status":"closed","ping_status":"closed","post_password":"","post_name":"carlos-esteban-garces","to_ping":"","pinged":"","post_modified":"2022-10-14 14:47:15","post_modified_gmt":"2022-10-14 12:47:15","post_content_filtered":"","post_parent":0,"guid":"http:\/\/dev.claret.cat\/autor\/carlos-esteban-garces\/","menu_order":0,"post_type":"autor","post_mime_type":"","comment_count":"0","filter":"raw"}]},"aioseo_notices":[],"_links":{"self":[{"href":"https:\/\/www.claret.cat\/es\/wp-json\/wp\/v2\/product\/31171","targetHints":{"allow":["GET"]}}],"collection":[{"href":"https:\/\/www.claret.cat\/es\/wp-json\/wp\/v2\/product"}],"about":[{"href":"https:\/\/www.claret.cat\/es\/wp-json\/wp\/v2\/types\/product"}],"wp:featuredmedia":[{"embeddable":true,"href":"https:\/\/www.claret.cat\/es\/wp-json\/wp\/v2\/media\/337447"}],"wp:attachment":[{"href":"https:\/\/www.claret.cat\/es\/wp-json\/wp\/v2\/media?parent=31171"}],"wp:term":[{"taxonomy":"product_brand","embeddable":true,"href":"https:\/\/www.claret.cat\/es\/wp-json\/wp\/v2\/product_brand?post=31171"},{"taxonomy":"product_cat","embeddable":true,"href":"https:\/\/www.claret.cat\/es\/wp-json\/wp\/v2\/product_cat?post=31171"},{"taxonomy":"product_tag","embeddable":true,"href":"https:\/\/www.claret.cat\/es\/wp-json\/wp\/v2\/product_tag?post=31171"}],"curies":[{"name":"wp","href":"https:\/\/api.w.org\/{rel}","templated":true}]}}