{"id":31180,"date":"2022-10-02T11:49:06","date_gmt":"2022-10-02T09:49:06","guid":{"rendered":"http:\/\/dev.claret.cat\/producte\/entranas-de-misericordia\/"},"modified":"2024-05-02T06:26:59","modified_gmt":"2024-05-02T04:26:59","slug":"entranas-de-misericordia-9788428828949","status":"publish","type":"product","link":"https:\/\/www.claret.cat\/es\/libro\/entranas-de-misericordia-9788428828949\/","title":{"rendered":"ENTRA\u00d1AS DE MISERICORDIA"},"content":{"rendered":"<p>Estas p\u00e1ginas tratan de indagar en la afirmaci\u00f3n b\u00edblica sobre la misericordia de Dios. La Biblia, le\u00edda como Escritura tanto por el pueblo jud\u00edo en su primera parte como por el pueblo cristiano en su totalidad, afirma sin rubor y sin titubeos que la misericordia no es un atributo m\u00e1s de Dios, sino su fundamento, su forma de expresarse y de actuar en el mundo y con los hombres. \u00bfC\u00f3mo compaginar esta afirmaci\u00f3n con el hecho de que en la Biblia tambi\u00e9n leemos c\u00f3mo Dios manda castigar a pueblos enteros?\u00a0 Este libro est\u00e1 dirigido a aquellas personas que piensan que la teolog\u00eda no es \u00abterreno particular\u00bb de nadie. Los que est\u00e1n buscando una imagen y una experiencia de Dios que sintonice con lo m\u00e1s profundo de ellos mismos, con la gran tradici\u00f3n de la Iglesia y con los retos que nos presenta el mundo moderno.<\/p>\n","protected":false},"excerpt":{"rendered":"<p>FRAILE Y\u00c9CORA, PEDRO<\/p>\n","protected":false},"featured_media":337453,"template":"","meta":{"_acf_changed":false,"om_disable_all_campaigns":false,"rs_blank_template":"","rs_page_bg_color":"","slide_template_v7":"","inline_featured_image":false,"_monsterinsights_skip_tracking":false,"_monsterinsights_sitenote_active":false,"_monsterinsights_sitenote_note":"","_monsterinsights_sitenote_category":0},"product_brand":[],"product_cat":[90,540],"product_tag":[],"class_list":{"0":"post-31180","1":"product","2":"type-product","3":"status-publish","4":"has-post-thumbnail","6":"product_cat-altres","7":"product_cat-otros","9":"first","10":"outofstock","11":"taxable","12":"shipping-taxable","13":"purchasable","14":"product-type-simple"},"acf":{"autor":"FRAILE Y\u00c9CORA, PEDRO","codart":"842882894","libros-coleccion":"","ediciones":"1","encuadernacion":"R\u00fastica","fecha_de_publicacion":"01\/11\/2015","novedad":"0","paginas":"175","subtitulo":"JES\u00daS, TERNURA DE DIOS","orden":"999","portada":"0","idioma":"spa","editorial":[{"ID":6335,"post_author":"3","post_date":"2022-07-28 17:49:59","post_date_gmt":"2022-07-28 15:49:59","post_content":"","post_title":"PPC altres","post_excerpt":"","post_status":"publish","comment_status":"closed","ping_status":"closed","post_password":"","post_name":"ppc-altres","to_ping":"","pinged":"","post_modified":"2022-07-28 17:49:59","post_modified_gmt":"2022-07-28 15:49:59","post_content_filtered":"","post_parent":0,"guid":"http:\/\/dev.claret.cat\/editorial\/ppc-altres\/","menu_order":0,"post_type":"editorial","post_mime_type":"","comment_count":"0","filter":"raw"}],"autores-libros":[{"ID":5930,"post_author":"3","post_date":"2022-07-28 17:34:32","post_date_gmt":"2022-07-28 15:34:32","post_content":"","post_title":"PEDRO FRAILE Y\u00c9CORA","post_excerpt":"","post_status":"publish","comment_status":"closed","ping_status":"closed","post_password":"","post_name":"pedro-fraile-yecora","to_ping":"","pinged":"","post_modified":"2022-07-28 17:34:32","post_modified_gmt":"2022-07-28 15:34:32","post_content_filtered":"","post_parent":0,"guid":"http:\/\/dev.claret.cat\/autor\/pedro-fraile-yecora\/","menu_order":0,"post_type":"autor","post_mime_type":"","comment_count":"0","filter":"raw"}]},"aioseo_notices":[],"_links":{"self":[{"href":"https:\/\/www.claret.cat\/es\/wp-json\/wp\/v2\/product\/31180","targetHints":{"allow":["GET"]}}],"collection":[{"href":"https:\/\/www.claret.cat\/es\/wp-json\/wp\/v2\/product"}],"about":[{"href":"https:\/\/www.claret.cat\/es\/wp-json\/wp\/v2\/types\/product"}],"wp:featuredmedia":[{"embeddable":true,"href":"https:\/\/www.claret.cat\/es\/wp-json\/wp\/v2\/media\/337453"}],"wp:attachment":[{"href":"https:\/\/www.claret.cat\/es\/wp-json\/wp\/v2\/media?parent=31180"}],"wp:term":[{"taxonomy":"product_brand","embeddable":true,"href":"https:\/\/www.claret.cat\/es\/wp-json\/wp\/v2\/product_brand?post=31180"},{"taxonomy":"product_cat","embeddable":true,"href":"https:\/\/www.claret.cat\/es\/wp-json\/wp\/v2\/product_cat?post=31180"},{"taxonomy":"product_tag","embeddable":true,"href":"https:\/\/www.claret.cat\/es\/wp-json\/wp\/v2\/product_tag?post=31180"}],"curies":[{"name":"wp","href":"https:\/\/api.w.org\/{rel}","templated":true}]}}