{"id":31190,"date":"2022-10-02T11:49:13","date_gmt":"2022-10-02T09:49:13","guid":{"rendered":"http:\/\/dev.claret.cat\/producte\/educar-con-co-razon\/"},"modified":"2025-09-19T18:11:01","modified_gmt":"2025-09-19T16:11:01","slug":"educar-con-corazon-9788433020116","status":"publish","type":"product","link":"https:\/\/www.claret.cat\/es\/libro\/educar-con-corazon-9788433020116\/","title":{"rendered":"EDUCAR CON CO-RAZ\u00d3N"},"content":{"rendered":"<p>En los diversos espacios educativos, y m\u00e1s concretamente en las escuelas, hay mucha m\u00e1s &#8216;cabeza &#8216; que &#8216; coraz\u00f3n &#8216; mucha m\u00e1s &#8216; mente&#8217; que &#8216;cuerpo&#8217;, mucha m\u00e1s &#8216;ciencia&#8217; que &#8216;arte&#8217;, mucho m\u00e1s &#8216;trabajo&#8217; que &#8216;vida&#8217;, muchos m\u00e1s&#8217; ejercicios&#8217; que&#8217; experiencias&#8217; &#8230; mucha m\u00e1s pesadumbre y aburrimiento que alegr\u00eda yentusiasmo. &#8216;Co-raz\u00f3n&#8217; es reivindicar para la educaci\u00f3n un coraz\u00f3n que no est\u00e1 re\u00f1ido con la raz\u00f3n sino que la contiene y trasciende. No es un libro de recursos ni, mucho menos, un recetario de actividades porque, no lo olvides, querido educador o educadora, el recurso por excelencia eres t\u00fa. Abre al azar cualquiera de las p\u00e1ginas del libro. Lee lo primero que te encuentres. S\u00f3lo si sientes que algo resuena, vibra, late en tu coraz\u00f3n al leerlo podr\u00e1s reconocer que \u00e9ste es un libro para ti.<\/p>\n","protected":false},"excerpt":{"rendered":"<p>TORO,JOSE MARIA<\/p>\n","protected":false},"featured_media":345545,"template":"","meta":{"_acf_changed":false,"om_disable_all_campaigns":false,"rs_blank_template":"","rs_page_bg_color":"","slide_template_v7":"","inline_featured_image":false,"_monsterinsights_skip_tracking":false,"_monsterinsights_sitenote_active":false,"_monsterinsights_sitenote_note":"","_monsterinsights_sitenote_category":0},"product_brand":[],"product_cat":[449,181,191,143,454,576,381,188],"product_tag":[],"class_list":{"0":"post-31190","1":"product","2":"type-product","3":"status-publish","4":"has-post-thumbnail","6":"product_cat-de-la-personalidad-y-del-desarrollo","7":"product_cat-de-la-personalitat-i-del-desenvolupament","8":"product_cat-educacio-en-valors-pedagogia-2_humanitats","9":"product_cat-educacio-en-valors","10":"product_cat-educacion-en-valores","11":"product_cat-educacion-en-valores-escolar-4_escolar-spa","12":"product_cat-psicopedagogia-pedagogia-2_humanidades","13":"product_cat-psicopedagogia","15":"first","16":"instock","17":"taxable","18":"shipping-taxable","19":"purchasable","20":"product-type-simple"},"acf":{"autor":"TORO,JOSE MARIA","codart":"843302011","libros-coleccion":"Aprender a ser. Educaci\u00f3n en valores","ediciones":"1","encuadernacion":"R\u00fastica","fecha_de_publicacion":"28\/10\/2005","novedad":"0","paginas":"290","subtitulo":"","orden":"999","portada":"0","idioma":"spa","editorial":[{"ID":6179,"post_author":"3","post_date":"2022-07-28 17:46:36","post_date_gmt":"2022-07-28 15:46:36","post_content":"","post_title":"DESCLEE DE BROUWER","post_excerpt":"","post_status":"publish","comment_status":"closed","ping_status":"closed","post_password":"","post_name":"desclee-de-brouwer","to_ping":"","pinged":"","post_modified":"2022-07-28 17:46:36","post_modified_gmt":"2022-07-28 15:46:36","post_content_filtered":"","post_parent":0,"guid":"http:\/\/dev.claret.cat\/editorial\/desclee-de-brouwer\/","menu_order":0,"post_type":"editorial","post_mime_type":"","comment_count":"0","filter":"raw"}],"autores-libros":[{"ID":160499,"post_author":"3","post_date":"2022-10-14 15:53:34","post_date_gmt":"2022-10-14 13:53:34","post_content":"","post_title":"JOSE MARIA TORO","post_excerpt":"","post_status":"publish","comment_status":"closed","ping_status":"closed","post_password":"","post_name":"jose-maria-toro","to_ping":"","pinged":"","post_modified":"2022-10-14 15:53:34","post_modified_gmt":"2022-10-14 13:53:34","post_content_filtered":"","post_parent":0,"guid":"http:\/\/dev.claret.cat\/autor\/jose-maria-toro\/","menu_order":0,"post_type":"autor","post_mime_type":"","comment_count":"0","filter":"raw"}],"booktrailer":"","resenas":""},"aioseo_notices":[],"_links":{"self":[{"href":"https:\/\/www.claret.cat\/es\/wp-json\/wp\/v2\/product\/31190","targetHints":{"allow":["GET"]}}],"collection":[{"href":"https:\/\/www.claret.cat\/es\/wp-json\/wp\/v2\/product"}],"about":[{"href":"https:\/\/www.claret.cat\/es\/wp-json\/wp\/v2\/types\/product"}],"wp:featuredmedia":[{"embeddable":true,"href":"https:\/\/www.claret.cat\/es\/wp-json\/wp\/v2\/media\/345545"}],"wp:attachment":[{"href":"https:\/\/www.claret.cat\/es\/wp-json\/wp\/v2\/media?parent=31190"}],"wp:term":[{"taxonomy":"product_brand","embeddable":true,"href":"https:\/\/www.claret.cat\/es\/wp-json\/wp\/v2\/product_brand?post=31190"},{"taxonomy":"product_cat","embeddable":true,"href":"https:\/\/www.claret.cat\/es\/wp-json\/wp\/v2\/product_cat?post=31190"},{"taxonomy":"product_tag","embeddable":true,"href":"https:\/\/www.claret.cat\/es\/wp-json\/wp\/v2\/product_tag?post=31190"}],"curies":[{"name":"wp","href":"https:\/\/api.w.org\/{rel}","templated":true}]}}