{"id":31196,"date":"2022-10-02T11:49:17","date_gmt":"2022-10-02T09:49:17","guid":{"rendered":"http:\/\/dev.claret.cat\/producte\/la-etica-de-cristo\/"},"modified":"2026-01-28T14:21:12","modified_gmt":"2026-01-28T13:21:12","slug":"la-etica-de-cristo-9788433020277","status":"publish","type":"product","link":"https:\/\/www.claret.cat\/es\/libro\/la-etica-de-cristo-9788433020277\/","title":{"rendered":"LA \u00c9TICA DE CRISTO"},"content":{"rendered":"<p>En tiempos de tanta crispaci\u00f3n, de fracturas y confrontaciones, como los que estamos viviendo, ha llegado la hora de preguntarnos por nuestra \u00e9tica, por los principios y convicciones que rigen nuestra conducta. Es evidente que, a poco que se piense en este asunto, pronto nos damos cuenta de que algo funciona mal. No porque seamos peores personas que las gentes de otros tiempos. No es cuesti\u00f3n de mejor o peor voluntad, de mayor o menor generosidad. El problema est\u00e1 en que los tiempos han cambiado y nuestra cultura es distinta. La sociedad evoluciona a un ritmo tan r\u00e1pido y toca zonas tan hondas de nuestras vidas, que se impone una nueva comprensi\u00f3n del principio rector de nuestras conductas. La propuesta que hace este libro es que, en la forma de vivir y en las ense\u00f1anzas de Jes\u00fas de Nazaret, encontramos un criterio determinante que ilumina, de forma sorprendente, el camino que nos puede llevar a una situaci\u00f3n mejor y a una convivencia m\u00e1s humana. Se trata de comprender que el principio del deber ha de ser sustituido por el principio de la necesidad. No, por supuesto, las necesidades que nos crean la publicidad y los intereses de las marcas. Hablamos de las necesidades b\u00e1sicas de la vida, las que nos son comunes a todos y que casi nadie tiene debidamente cubiertas. El principio del deber nos ha acarreado demasiados sufrimientos y ha demostrado sobradamente su ineficacia. Ya es hora de que pensemos que, en lugar de ser yo un buen cumplidor de mi deber, lo que importa es que todos nos desvivamos por satisfacer las necesidades de los dem\u00e1s. Seguramente en esto reside el legado mejor que nos dej\u00f3 Cristo.<\/p>\n","protected":false},"excerpt":{"rendered":"<p>CASTILLO, JOS\u00c9 M.<\/p>\n","protected":false},"featured_media":345547,"template":"","meta":{"_acf_changed":false,"om_disable_all_campaigns":false,"rs_blank_template":"","rs_page_bg_color":"","slide_template_v7":"","inline_featured_image":false,"_monsterinsights_skip_tracking":false,"_monsterinsights_sitenote_active":false,"_monsterinsights_sitenote_note":"","_monsterinsights_sitenote_category":0},"product_brand":[],"product_cat":[234,487,175,445,273,411,491,241],"product_tag":[],"class_list":{"0":"post-31196","1":"product","2":"type-product","3":"status-publish","4":"has-post-thumbnail","6":"product_cat-cristocentrica","7":"product_cat-cristocentrica-espiritualidad-1_espiritualidad","8":"product_cat-etica","9":"product_cat-etica-filosofia-2_humanidades","10":"product_cat-frontera","11":"product_cat-frontera-pastoral-1_espiritualidad","12":"product_cat-testimonios","13":"product_cat-testimonis","15":"first","16":"instock","17":"taxable","18":"shipping-taxable","19":"purchasable","20":"product-type-simple"},"acf":{"autor":"CASTILLO, JOS\u00c9 M.","codart":"843302027","libros-coleccion":"Biblioteca Manual Descl\u00e9e","ediciones":"1","encuadernacion":"Carton\u00e9","fecha_de_publicacion":"16\/12\/2005","novedad":"0","paginas":"227","subtitulo":"","orden":"999","portada":"0","idioma":"spa","editorial":[{"ID":6179,"post_author":"3","post_date":"2022-07-28 17:46:36","post_date_gmt":"2022-07-28 15:46:36","post_content":"","post_title":"DESCLEE DE BROUWER","post_excerpt":"","post_status":"publish","comment_status":"closed","ping_status":"closed","post_password":"","post_name":"desclee-de-brouwer","to_ping":"","pinged":"","post_modified":"2022-07-28 17:46:36","post_modified_gmt":"2022-07-28 15:46:36","post_content_filtered":"","post_parent":0,"guid":"http:\/\/dev.claret.cat\/editorial\/desclee-de-brouwer\/","menu_order":0,"post_type":"editorial","post_mime_type":"","comment_count":"0","filter":"raw"}],"autores-libros":[{"ID":160383,"post_author":"3","post_date":"2022-10-14 15:52:37","post_date_gmt":"2022-10-14 13:52:37","post_content":"","post_title":"JOS\u00c9 M. CASTILLO","post_excerpt":"","post_status":"publish","comment_status":"closed","ping_status":"closed","post_password":"","post_name":"jose-m-castillo-2","to_ping":"","pinged":"","post_modified":"2022-10-14 15:52:37","post_modified_gmt":"2022-10-14 13:52:37","post_content_filtered":"","post_parent":0,"guid":"http:\/\/dev.claret.cat\/autor\/jose-m-castillo-2\/","menu_order":0,"post_type":"autor","post_mime_type":"","comment_count":"0","filter":"raw"}],"booktrailer":"","resenas":""},"aioseo_notices":[],"_links":{"self":[{"href":"https:\/\/www.claret.cat\/es\/wp-json\/wp\/v2\/product\/31196","targetHints":{"allow":["GET"]}}],"collection":[{"href":"https:\/\/www.claret.cat\/es\/wp-json\/wp\/v2\/product"}],"about":[{"href":"https:\/\/www.claret.cat\/es\/wp-json\/wp\/v2\/types\/product"}],"wp:featuredmedia":[{"embeddable":true,"href":"https:\/\/www.claret.cat\/es\/wp-json\/wp\/v2\/media\/345547"}],"wp:attachment":[{"href":"https:\/\/www.claret.cat\/es\/wp-json\/wp\/v2\/media?parent=31196"}],"wp:term":[{"taxonomy":"product_brand","embeddable":true,"href":"https:\/\/www.claret.cat\/es\/wp-json\/wp\/v2\/product_brand?post=31196"},{"taxonomy":"product_cat","embeddable":true,"href":"https:\/\/www.claret.cat\/es\/wp-json\/wp\/v2\/product_cat?post=31196"},{"taxonomy":"product_tag","embeddable":true,"href":"https:\/\/www.claret.cat\/es\/wp-json\/wp\/v2\/product_tag?post=31196"}],"curies":[{"name":"wp","href":"https:\/\/api.w.org\/{rel}","templated":true}]}}