{"id":311989,"date":"2022-12-23T12:55:01","date_gmt":"2022-12-23T11:55:01","guid":{"rendered":"https:\/\/www.claret.cat\/llibre\/la-sirenita-9788414041710\/"},"modified":"2025-04-08T12:05:54","modified_gmt":"2025-04-08T10:05:54","slug":"la-sirenita-9788414041710","status":"publish","type":"product","link":"https:\/\/www.claret.cat\/es\/libro\/la-sirenita-9788414041710\/","title":{"rendered":"LA SIRENITA"},"content":{"rendered":"<p>La Sirenita vive en las profundidades del mar con su familia. Un d\u00eda, se dirige a la superficie y ve a un joven pr\u00edncipe, del que se enamora. A partir de entonces, su \u00fanica obsesi\u00f3n es convertirse en un ser humano para unirse a este joven, por lo que decide beber una poci\u00f3n m\u00e1gica que le proporciona una bruja.<\/p>\n","protected":false},"excerpt":{"rendered":"<p>ANDERSEN, HANS CHRISTIAN<\/p>\n","protected":false},"featured_media":326227,"template":"","meta":{"_acf_changed":false,"om_disable_all_campaigns":false,"rs_blank_template":"","rs_page_bg_color":"","slide_template_v7":"","inline_featured_image":false,"_monsterinsights_skip_tracking":false,"_monsterinsights_sitenote_active":false,"_monsterinsights_sitenote_note":"","_monsterinsights_sitenote_category":0},"product_brand":[],"product_cat":[131,133,132,361,362,363],"product_tag":[],"class_list":{"0":"post-311989","1":"product","2":"type-product","3":"status-publish","4":"has-post-thumbnail","6":"product_cat-contes-per-infants-0-6-anys","7":"product_cat-lectures-per-adolescents-12-18-anys","8":"product_cat-lectures-per-preadolescents-6-12-anys","9":"product_cat-cuentos-para-ninos-0-6-anos","10":"product_cat-libros-preadolescentes-6-12-anos","11":"product_cat-lecturas-por-adolescentes-12-18-anos","13":"first","14":"instock","15":"taxable","16":"shipping-taxable","17":"purchasable","18":"product-type-simple"},"acf":{"editorial":[{"ID":6229,"post_author":"3","post_date":"2022-07-28 17:47:40","post_date_gmt":"2022-07-28 15:47:40","post_content":"","post_title":"Editorial Luis Vives (Edelvives)","post_excerpt":"","post_status":"publish","comment_status":"closed","ping_status":"closed","post_password":"","post_name":"editorial-luis-vives-edelvives","to_ping":"","pinged":"","post_modified":"2022-07-28 17:47:40","post_modified_gmt":"2022-07-28 15:47:40","post_content_filtered":"","post_parent":0,"guid":"http:\/\/dev.claret.cat\/editorial\/editorial-luis-vives-edelvives\/","menu_order":0,"post_type":"editorial","post_mime_type":"","comment_count":"0","filter":"raw"}],"autor":"ANDERSEN, HANS CHRISTIAN","codart":"841404171","libros-coleccion":"CL\u00c1SICOS ILUSTRADOS","ediciones":"1","encuadernacion":"Carton\u00e9","fecha_de_publicacion":"01\/11\/2022","novedad":"1","paginas":"96","subtitulo":"","orden":"0","portada":"0","idioma":"spa","autores-libros":[{"ID":157350,"post_author":"3","post_date":"2022-10-14 15:28:08","post_date_gmt":"2022-10-14 13:28:08","post_content":"","post_title":"HANS CHRISTIAN ANDERSEN","post_excerpt":"","post_status":"publish","comment_status":"closed","ping_status":"closed","post_password":"","post_name":"hans-christian-andersen","to_ping":"","pinged":"","post_modified":"2022-10-14 15:28:08","post_modified_gmt":"2022-10-14 13:28:08","post_content_filtered":"","post_parent":0,"guid":"http:\/\/dev.claret.cat\/autor\/hans-christian-andersen\/","menu_order":0,"post_type":"autor","post_mime_type":"","comment_count":"0","filter":"raw"}]},"aioseo_notices":[],"_links":{"self":[{"href":"https:\/\/www.claret.cat\/es\/wp-json\/wp\/v2\/product\/311989","targetHints":{"allow":["GET"]}}],"collection":[{"href":"https:\/\/www.claret.cat\/es\/wp-json\/wp\/v2\/product"}],"about":[{"href":"https:\/\/www.claret.cat\/es\/wp-json\/wp\/v2\/types\/product"}],"wp:featuredmedia":[{"embeddable":true,"href":"https:\/\/www.claret.cat\/es\/wp-json\/wp\/v2\/media\/326227"}],"wp:attachment":[{"href":"https:\/\/www.claret.cat\/es\/wp-json\/wp\/v2\/media?parent=311989"}],"wp:term":[{"taxonomy":"product_brand","embeddable":true,"href":"https:\/\/www.claret.cat\/es\/wp-json\/wp\/v2\/product_brand?post=311989"},{"taxonomy":"product_cat","embeddable":true,"href":"https:\/\/www.claret.cat\/es\/wp-json\/wp\/v2\/product_cat?post=311989"},{"taxonomy":"product_tag","embeddable":true,"href":"https:\/\/www.claret.cat\/es\/wp-json\/wp\/v2\/product_tag?post=311989"}],"curies":[{"name":"wp","href":"https:\/\/api.w.org\/{rel}","templated":true}]}}