{"id":311996,"date":"2022-12-23T13:00:08","date_gmt":"2022-12-23T12:00:08","guid":{"rendered":"https:\/\/www.claret.cat\/llibre\/la-reina-de-las-nieves-9788414041727\/"},"modified":"2023-10-06T07:18:19","modified_gmt":"2023-10-06T05:18:19","slug":"la-reina-de-las-nieves-9788414041727","status":"publish","type":"product","link":"https:\/\/www.claret.cat\/es\/libro\/la-reina-de-las-nieves-9788414041727\/","title":{"rendered":"LA REINA DE LAS NIEVES"},"content":{"rendered":"<p>Un duende perverso crea un espejo m\u00e1gico en el que todo lo bueno que se refleja en \u00e9l desaparece y todo lo malo se agranda e intensifica. Cuando quiere subirlo al cielo, se le cae y se rompe en millones de fragmentos de hielo, que se esparcen por todo el planeta. Gerda y Kai, dos ni\u00f1os muy amigos, pasan mucho tiempo escuchando las historias sobre la Reina de las Nieves que les cuenta la abuela de Gerda. Un d\u00eda, una esquirla de hielo del espejo m\u00e1gico le entra por el ojo a Kai y se posa en su coraz\u00f3n. Su dulce car\u00e1cter cambiar\u00e1 por completo.<\/p>\n","protected":false},"excerpt":{"rendered":"<p>ANDERSEN, HANS CHRISTIAN<\/p>\n","protected":false},"featured_media":374187,"template":"","meta":{"_acf_changed":false,"om_disable_all_campaigns":false,"rs_blank_template":"","rs_page_bg_color":"","slide_template_v7":"","inline_featured_image":false,"_monsterinsights_skip_tracking":false,"_monsterinsights_sitenote_active":false,"_monsterinsights_sitenote_note":"","_monsterinsights_sitenote_category":0},"product_brand":[],"product_cat":[361,362,363],"product_tag":[],"class_list":{"0":"post-311996","1":"product","2":"type-product","3":"status-publish","4":"has-post-thumbnail","6":"product_cat-cuentos-para-ninos-0-6-anos","7":"product_cat-libros-preadolescentes-6-12-anos","8":"product_cat-lecturas-por-adolescentes-12-18-anos","10":"first","11":"instock","12":"taxable","13":"shipping-taxable","14":"purchasable","15":"product-type-simple"},"acf":{"editorial":[{"ID":6229,"post_author":"3","post_date":"2022-07-28 17:47:40","post_date_gmt":"2022-07-28 15:47:40","post_content":"","post_title":"Editorial Luis Vives (Edelvives)","post_excerpt":"","post_status":"publish","comment_status":"closed","ping_status":"closed","post_password":"","post_name":"editorial-luis-vives-edelvives","to_ping":"","pinged":"","post_modified":"2022-07-28 17:47:40","post_modified_gmt":"2022-07-28 15:47:40","post_content_filtered":"","post_parent":0,"guid":"http:\/\/dev.claret.cat\/editorial\/editorial-luis-vives-edelvives\/","menu_order":0,"post_type":"editorial","post_mime_type":"","comment_count":"0","filter":"raw"}],"autor":"ANDERSEN, HANS CHRISTIAN","codart":"841404172","libros-coleccion":"CL\u00c1SICOS ILUSTRADOS","ediciones":"1","encuadernacion":"Carton\u00e9","fecha_de_publicacion":"01\/11\/2022","novedad":"1","paginas":"96","subtitulo":"","orden":"0","portada":"0","idioma":"spa","autores-libros":[{"ID":157350,"post_author":"3","post_date":"2022-10-14 15:28:08","post_date_gmt":"2022-10-14 13:28:08","post_content":"","post_title":"HANS CHRISTIAN ANDERSEN","post_excerpt":"","post_status":"publish","comment_status":"closed","ping_status":"closed","post_password":"","post_name":"hans-christian-andersen","to_ping":"","pinged":"","post_modified":"2022-10-14 15:28:08","post_modified_gmt":"2022-10-14 13:28:08","post_content_filtered":"","post_parent":0,"guid":"http:\/\/dev.claret.cat\/autor\/hans-christian-andersen\/","menu_order":0,"post_type":"autor","post_mime_type":"","comment_count":"0","filter":"raw"}]},"aioseo_notices":[],"_links":{"self":[{"href":"https:\/\/www.claret.cat\/es\/wp-json\/wp\/v2\/product\/311996","targetHints":{"allow":["GET"]}}],"collection":[{"href":"https:\/\/www.claret.cat\/es\/wp-json\/wp\/v2\/product"}],"about":[{"href":"https:\/\/www.claret.cat\/es\/wp-json\/wp\/v2\/types\/product"}],"wp:featuredmedia":[{"embeddable":true,"href":"https:\/\/www.claret.cat\/es\/wp-json\/wp\/v2\/media\/374187"}],"wp:attachment":[{"href":"https:\/\/www.claret.cat\/es\/wp-json\/wp\/v2\/media?parent=311996"}],"wp:term":[{"taxonomy":"product_brand","embeddable":true,"href":"https:\/\/www.claret.cat\/es\/wp-json\/wp\/v2\/product_brand?post=311996"},{"taxonomy":"product_cat","embeddable":true,"href":"https:\/\/www.claret.cat\/es\/wp-json\/wp\/v2\/product_cat?post=311996"},{"taxonomy":"product_tag","embeddable":true,"href":"https:\/\/www.claret.cat\/es\/wp-json\/wp\/v2\/product_tag?post=311996"}],"curies":[{"name":"wp","href":"https:\/\/api.w.org\/{rel}","templated":true}]}}