{"id":31221,"date":"2022-10-02T11:49:36","date_gmt":"2022-10-02T09:49:36","guid":{"rendered":"http:\/\/dev.claret.cat\/producte\/donde-esta-wally-el-viaje-fantastico\/"},"modified":"2026-02-25T18:30:55","modified_gmt":"2026-02-25T17:30:55","slug":"donde-esta-wally-el-viaje-fantastico-9788415579724","status":"publish","type":"product","link":"https:\/\/www.claret.cat\/es\/libro\/donde-esta-wally-el-viaje-fantastico-9788415579724\/","title":{"rendered":"D\u00d3NDE EST\u00c1 WALLY? EL VIAJE FANT\u00c1STICO"},"content":{"rendered":"<p>Dos fant\u00e1sticos t\u00edtulos de la colecci\u00f3n Wally cuya sobrecubierta se convierte en un espectacular p\u00f3ster de los personajes.<\/p>\n","protected":false},"excerpt":{"rendered":"<p>HANDFORD, MARTIN<\/p>\n","protected":false},"featured_media":295239,"template":"","meta":{"_acf_changed":false,"om_disable_all_campaigns":false,"rs_blank_template":"","rs_page_bg_color":"","slide_template_v7":"","inline_featured_image":false,"_monsterinsights_skip_tracking":false,"_monsterinsights_sitenote_active":false,"_monsterinsights_sitenote_note":"","_monsterinsights_sitenote_category":0},"product_brand":[],"product_cat":[131,361,86,352],"product_tag":[],"class_list":{"0":"post-31221","1":"product","2":"type-product","3":"status-publish","4":"has-post-thumbnail","6":"product_cat-contes-per-infants-0-6-anys","7":"product_cat-cuentos-para-ninos-0-6-anos","8":"product_cat-infantil","9":"product_cat-infantil-3_infantil-juvenil-spa","11":"first","12":"instock","13":"taxable","14":"shipping-taxable","15":"purchasable","16":"product-type-simple"},"acf":{"autor":"HANDFORD, MARTIN","codart":"841557972","libros-coleccion":"","ediciones":"1","encuadernacion":"Carton\u00e9","fecha_de_publicacion":"01\/04\/2014","novedad":"0","paginas":"32","subtitulo":"NUEVA EDICI\u00d3N. INCLUYE P\u00d3STER","orden":"999","portada":"0","idioma":"spa","editorial":[{"ID":147506,"post_author":"3","post_date":"2022-10-14 11:51:06","post_date_gmt":"2022-10-14 09:51:06","post_content":"","post_title":"B EDICIONES","post_excerpt":"","post_status":"publish","comment_status":"closed","ping_status":"closed","post_password":"","post_name":"b-ediciones","to_ping":"","pinged":"","post_modified":"2022-10-14 11:51:06","post_modified_gmt":"2022-10-14 09:51:06","post_content_filtered":"","post_parent":0,"guid":"http:\/\/dev.claret.cat\/editorial\/b-ediciones\/","menu_order":0,"post_type":"editorial","post_mime_type":"","comment_count":"0","filter":"raw"}],"autores-libros":[{"ID":164289,"post_author":"3","post_date":"2022-10-14 17:45:53","post_date_gmt":"2022-10-14 15:45:53","post_content":"","post_title":"MARTIN HANDFORD","post_excerpt":"","post_status":"publish","comment_status":"closed","ping_status":"closed","post_password":"","post_name":"martin-handford","to_ping":"","pinged":"","post_modified":"2022-10-14 17:45:53","post_modified_gmt":"2022-10-14 15:45:53","post_content_filtered":"","post_parent":0,"guid":"http:\/\/dev.claret.cat\/autor\/martin-handford\/","menu_order":0,"post_type":"autor","post_mime_type":"","comment_count":"0","filter":"raw"}],"booktrailer":"","resenas":""},"aioseo_notices":[],"_links":{"self":[{"href":"https:\/\/www.claret.cat\/es\/wp-json\/wp\/v2\/product\/31221","targetHints":{"allow":["GET"]}}],"collection":[{"href":"https:\/\/www.claret.cat\/es\/wp-json\/wp\/v2\/product"}],"about":[{"href":"https:\/\/www.claret.cat\/es\/wp-json\/wp\/v2\/types\/product"}],"wp:featuredmedia":[{"embeddable":true,"href":"https:\/\/www.claret.cat\/es\/wp-json\/wp\/v2\/media\/295239"}],"wp:attachment":[{"href":"https:\/\/www.claret.cat\/es\/wp-json\/wp\/v2\/media?parent=31221"}],"wp:term":[{"taxonomy":"product_brand","embeddable":true,"href":"https:\/\/www.claret.cat\/es\/wp-json\/wp\/v2\/product_brand?post=31221"},{"taxonomy":"product_cat","embeddable":true,"href":"https:\/\/www.claret.cat\/es\/wp-json\/wp\/v2\/product_cat?post=31221"},{"taxonomy":"product_tag","embeddable":true,"href":"https:\/\/www.claret.cat\/es\/wp-json\/wp\/v2\/product_tag?post=31221"}],"curies":[{"name":"wp","href":"https:\/\/api.w.org\/{rel}","templated":true}]}}