{"id":312464,"date":"2022-12-24T11:25:09","date_gmt":"2022-12-24T10:25:09","guid":{"rendered":"https:\/\/www.claret.cat\/llibre\/la-sagrada-familia-9788484788935\/"},"modified":"2025-07-09T16:31:00","modified_gmt":"2025-07-09T14:31:00","slug":"la-sagrada-familia-9788484788935","status":"publish","type":"product","link":"https:\/\/www.claret.cat\/es\/libro\/la-sagrada-familia-9788484788935\/","title":{"rendered":"LA SAGRADA FAMILIA"},"content":{"rendered":"<p>Chiara Curti, arquitecta y doctora en Historia del arte, es especialista en Gaud\u00ed y su obra, y ha trabajado como arquitecta en la cripta y en la fachada del Nacimiento.<\/p>\n<p> En este libro, La Sagrada Familia, catedral de la luz, Curti nos gu\u00eda por la bas\u00edlica de la mano de Gaud\u00ed, en una visita que trasciende la materia que la conforma y nos muestra la luz que la ilumina en un camino hacia la belleza, esto es, hacia la verdad, porque si, como dice la autora, ?la belleza es la materia iluminada?, Gaud\u00ed nos se\u00f1ala que ?la belleza es el resplandor de la verdad?.<\/p>\n<p> Y en este camino, Chiara Curti nos descubre aspectos e im\u00e1genes del templo que nunca se hab\u00edan dicho o visto antes y de los cuales ahora podemos participar gracias a sus palabras y a las excelentes fotograf\u00edas de Pere Vivas.<\/p>\n<p>Un libro de Chiara CurtiFotograf\u00edas de Pere VivasPr\u00f3logo de Jordi Faul\u00ed y Marko Ivan RupnikIm\u00e1genes de gran calidad a todo color<\/p>\n","protected":false},"excerpt":{"rendered":"<p>CURTI, CHIARA<\/p>\n","protected":false},"featured_media":312486,"template":"","meta":{"_acf_changed":false,"om_disable_all_campaigns":false,"rs_blank_template":"","rs_page_bg_color":"","slide_template_v7":"","inline_featured_image":false,"_monsterinsights_skip_tracking":false,"_monsterinsights_sitenote_active":false,"_monsterinsights_sitenote_note":"","_monsterinsights_sitenote_category":0},"product_brand":[],"product_cat":[105,555],"product_tag":[],"class_list":{"0":"post-312464","1":"product","2":"type-product","3":"status-publish","4":"has-post-thumbnail","6":"product_cat-regal","7":"product_cat-regalo","9":"first","10":"instock","11":"taxable","12":"shipping-taxable","13":"purchasable","14":"product-type-simple"},"acf":{"editorial":[{"ID":148898,"post_author":"3","post_date":"2022-10-14 12:01:51","post_date_gmt":"2022-10-14 10:01:51","post_content":"","post_title":"TRIANGLE POSTALS","post_excerpt":"","post_status":"publish","comment_status":"closed","ping_status":"closed","post_password":"","post_name":"triangle-postals","to_ping":"","pinged":"","post_modified":"2022-10-14 12:01:51","post_modified_gmt":"2022-10-14 10:01:51","post_content_filtered":"","post_parent":0,"guid":"http:\/\/dev.claret.cat\/editorial\/triangle-postals\/","menu_order":0,"post_type":"editorial","post_mime_type":"","comment_count":"0","filter":"raw"}],"autor":"CURTI, CHIARA","codart":"848478893","libros-coleccion":"","ediciones":"1","encuadernacion":"R\u00fastica","fecha_de_publicacion":"01\/12\/2022","novedad":"1","paginas":"210","subtitulo":"CATEDRAL DE LA LUZ","orden":"0","portada":"0","idioma":"spa","autores-libros":[{"ID":404296,"post_author":"3","post_date":"2023-02-27 13:51:54","post_date_gmt":"2023-02-27 12:51:54","post_content":"","post_title":"CHIARA CURTI","post_excerpt":"","post_status":"publish","comment_status":"closed","ping_status":"closed","post_password":"","post_name":"chiara-curti-2","to_ping":"","pinged":"","post_modified":"2023-02-27 13:51:54","post_modified_gmt":"2023-02-27 12:51:54","post_content_filtered":"","post_parent":0,"guid":"https:\/\/www.claret.cat\/autor\/chiara-curti-2\/","menu_order":0,"post_type":"autor","post_mime_type":"","comment_count":"0","filter":"raw"}],"booktrailer":"","resenas":""},"aioseo_notices":[],"_links":{"self":[{"href":"https:\/\/www.claret.cat\/es\/wp-json\/wp\/v2\/product\/312464","targetHints":{"allow":["GET"]}}],"collection":[{"href":"https:\/\/www.claret.cat\/es\/wp-json\/wp\/v2\/product"}],"about":[{"href":"https:\/\/www.claret.cat\/es\/wp-json\/wp\/v2\/types\/product"}],"wp:featuredmedia":[{"embeddable":true,"href":"https:\/\/www.claret.cat\/es\/wp-json\/wp\/v2\/media\/312486"}],"wp:attachment":[{"href":"https:\/\/www.claret.cat\/es\/wp-json\/wp\/v2\/media?parent=312464"}],"wp:term":[{"taxonomy":"product_brand","embeddable":true,"href":"https:\/\/www.claret.cat\/es\/wp-json\/wp\/v2\/product_brand?post=312464"},{"taxonomy":"product_cat","embeddable":true,"href":"https:\/\/www.claret.cat\/es\/wp-json\/wp\/v2\/product_cat?post=312464"},{"taxonomy":"product_tag","embeddable":true,"href":"https:\/\/www.claret.cat\/es\/wp-json\/wp\/v2\/product_tag?post=312464"}],"curies":[{"name":"wp","href":"https:\/\/api.w.org\/{rel}","templated":true}]}}