{"id":312471,"date":"2022-12-24T11:30:18","date_gmt":"2022-12-24T10:30:18","guid":{"rendered":"https:\/\/www.claret.cat\/llibre\/la-sagrada-familia-9788484788928\/"},"modified":"2026-04-17T17:35:06","modified_gmt":"2026-04-17T15:35:06","slug":"la-sagrada-familia-9788484788928","status":"publish","type":"product","link":"https:\/\/www.claret.cat\/es\/libro\/la-sagrada-familia-9788484788928\/","title":{"rendered":"LA SAGRADA FAM\u00cdLIA"},"content":{"rendered":"<p>Chiara Curti, arquitecta i doctora en Historia de l&#8221;art, \u00e9s especialista en Gaud\u00ed i la seva obra, i ha treballat com a arquitecta a la cripta i a la fa\u00e7ana del Naixement.<\/p>\n<p>En aquest llibre, La Sagrada Fam\u00edlia, catedral de la llum, Curti ens guia per la bas\u00edlica de la m\u00e0 de Gaud\u00ed, en una visita que transcendeix la mat\u00e8ria que la conforma i ens mostra la llum que la il\u00b7lumina en un cam\u00ed cap a la bellesa, aix\u00f2 \u00e9s cap la veritat, perqu\u00e8 si, com diu l&#8221;autora, \u00abla bellesa \u00e9s la mat\u00e8ria il\u00b7luminada\u00bb, Gaud\u00ed ens assenyala que \u00abla bellesa \u00e9s la resplendor de la veritat\u00bb.<\/p>\n<p>I en aquest cam\u00ed, ens descobreix aspectes i imatges del temple que mai no s&#8221;havien dit o vist abans i que ara gr\u00e0cies a les paraules de Curti i a les fotografies de Pere Vivas en podem ser part\u00edcips.<\/p>\n<p>Un llibre de Chiara CurtiFotografies de Pere VivasPr\u00f2leg de Jordi Faul\u00ed i Marko Ivan RupnikImatges de gran qualidad a tot color<\/p>\n","protected":false},"excerpt":{"rendered":"<p>CURTI, CHIARA<\/p>\n","protected":false},"featured_media":373545,"template":"","meta":{"_acf_changed":false,"om_disable_all_campaigns":false,"rs_blank_template":"","rs_page_bg_color":"","slide_template_v7":"","inline_featured_image":false,"_monsterinsights_skip_tracking":false,"_monsterinsights_sitenote_active":false,"_monsterinsights_sitenote_note":"","_monsterinsights_sitenote_category":0},"product_brand":[],"product_cat":[105,555],"product_tag":[],"class_list":{"0":"post-312471","1":"product","2":"type-product","3":"status-publish","4":"has-post-thumbnail","6":"product_cat-regal","7":"product_cat-regalo","9":"first","10":"instock","11":"taxable","12":"shipping-taxable","13":"purchasable","14":"product-type-simple"},"acf":{"editorial":[{"ID":148898,"post_author":"3","post_date":"2022-10-14 12:01:51","post_date_gmt":"2022-10-14 10:01:51","post_content":"","post_title":"TRIANGLE POSTALS","post_excerpt":"","post_status":"publish","comment_status":"closed","ping_status":"closed","post_password":"","post_name":"triangle-postals","to_ping":"","pinged":"","post_modified":"2022-10-14 12:01:51","post_modified_gmt":"2022-10-14 10:01:51","post_content_filtered":"","post_parent":0,"guid":"http:\/\/dev.claret.cat\/editorial\/triangle-postals\/","menu_order":0,"post_type":"editorial","post_mime_type":"","comment_count":"0","filter":"raw"}],"autor":"CURTI, CHIARA","codart":"848478892","libros-coleccion":"","ediciones":"1","encuadernacion":"R\u00fastica","fecha_de_publicacion":"01\/12\/2022","novedad":"1","paginas":"213","subtitulo":"CATEDRAL DE LA LLUM","orden":"0","portada":"0","idioma":"cat","autores-libros":[{"ID":404296,"post_author":"3","post_date":"2023-02-27 13:51:54","post_date_gmt":"2023-02-27 12:51:54","post_content":"","post_title":"CHIARA CURTI","post_excerpt":"","post_status":"publish","comment_status":"closed","ping_status":"closed","post_password":"","post_name":"chiara-curti-2","to_ping":"","pinged":"","post_modified":"2023-02-27 13:51:54","post_modified_gmt":"2023-02-27 12:51:54","post_content_filtered":"","post_parent":0,"guid":"https:\/\/www.claret.cat\/autor\/chiara-curti-2\/","menu_order":0,"post_type":"autor","post_mime_type":"","comment_count":"0","filter":"raw"}],"booktrailer":"","resenas":""},"aioseo_notices":[],"_links":{"self":[{"href":"https:\/\/www.claret.cat\/es\/wp-json\/wp\/v2\/product\/312471","targetHints":{"allow":["GET"]}}],"collection":[{"href":"https:\/\/www.claret.cat\/es\/wp-json\/wp\/v2\/product"}],"about":[{"href":"https:\/\/www.claret.cat\/es\/wp-json\/wp\/v2\/types\/product"}],"wp:featuredmedia":[{"embeddable":true,"href":"https:\/\/www.claret.cat\/es\/wp-json\/wp\/v2\/media\/373545"}],"wp:attachment":[{"href":"https:\/\/www.claret.cat\/es\/wp-json\/wp\/v2\/media?parent=312471"}],"wp:term":[{"taxonomy":"product_brand","embeddable":true,"href":"https:\/\/www.claret.cat\/es\/wp-json\/wp\/v2\/product_brand?post=312471"},{"taxonomy":"product_cat","embeddable":true,"href":"https:\/\/www.claret.cat\/es\/wp-json\/wp\/v2\/product_cat?post=312471"},{"taxonomy":"product_tag","embeddable":true,"href":"https:\/\/www.claret.cat\/es\/wp-json\/wp\/v2\/product_tag?post=312471"}],"curies":[{"name":"wp","href":"https:\/\/api.w.org\/{rel}","templated":true}]}}