{"id":31260,"date":"2022-10-02T11:50:11","date_gmt":"2022-10-02T09:50:11","guid":{"rendered":"http:\/\/dev.claret.cat\/producte\/cuadernos-japoneses-2\/"},"modified":"2023-01-28T13:04:12","modified_gmt":"2023-01-28T12:04:12","slug":"cuadernos-japoneses-9788416131402","status":"publish","type":"product","link":"https:\/\/www.claret.cat\/es\/libro\/cuadernos-japoneses-9788416131402\/","title":{"rendered":"CUADERNOS JAPONESES"},"content":{"rendered":"<p>A lo largo de los a\u00f1os hab\u00eda vuelto en varias ocasiones a Jap\u00f3n, un lugar que ya se me antojaba mi casa. Y, sin embargo, aqu\u00e9lla fue la primera vez que me abandon\u00e9 a un viaje sin objetivos. No hab\u00eda citas ni reuniones, viajaba por el placer de perderme. Y empec\u00e9 a entender que tal vez perderse en lugares desconocidos permit\u00eda acceder a las estancias secretas de un yo m\u00e1s profundo. Me prepar\u00e9 para acoger lo que el viaje me deparase, como Miyamoto Musashi se preparaba para sus duelos. Con la precisi\u00f3n que deja una puerta abierta al azar, para dar la bienvenida a lo inimaginable. El libro de los cinco anillos me acompa\u00f1ar\u00eda.<\/p>\n","protected":false},"excerpt":{"rendered":"<p>IGORT<\/p>\n","protected":false},"featured_media":69730,"template":"","meta":{"_acf_changed":false,"om_disable_all_campaigns":false,"rs_blank_template":"","rs_page_bg_color":"","slide_template_v7":"","inline_featured_image":false,"_monsterinsights_skip_tracking":false,"_monsterinsights_sitenote_active":false,"_monsterinsights_sitenote_note":"","_monsterinsights_sitenote_category":0},"product_brand":[],"product_cat":[108],"product_tag":[],"class_list":{"0":"post-31260","1":"product","2":"type-product","3":"status-publish","4":"has-post-thumbnail","6":"product_cat-comic","8":"first","9":"instock","10":"taxable","11":"shipping-taxable","12":"purchasable","13":"product-type-simple"},"acf":{"autor":"IGORT","codart":"841613140","libros-coleccion":"Salamandra Graphic","ediciones":"1","encuadernacion":"R\u00fastica","fecha_de_publicacion":"01\/10\/2018","novedad":"1","paginas":"181","subtitulo":"EL VAGABUNDO DEL MANGA","orden":"0","portada":"0","idioma":"spa","editorial":[{"ID":148771,"post_author":"3","post_date":"2022-10-14 12:00:51","post_date_gmt":"2022-10-14 10:00:51","post_content":"","post_title":"Salamandra Graphic","post_excerpt":"","post_status":"publish","comment_status":"closed","ping_status":"closed","post_password":"","post_name":"salamandra-graphic","to_ping":"","pinged":"","post_modified":"2022-10-14 12:00:51","post_modified_gmt":"2022-10-14 10:00:51","post_content_filtered":"","post_parent":0,"guid":"http:\/\/dev.claret.cat\/editorial\/salamandra-graphic\/","menu_order":0,"post_type":"editorial","post_mime_type":"","comment_count":"0","filter":"raw"}],"autores-libros":[{"ID":157822,"post_author":"3","post_date":"2022-10-14 15:31:55","post_date_gmt":"2022-10-14 13:31:55","post_content":"","post_title":"IGORT","post_excerpt":"","post_status":"publish","comment_status":"closed","ping_status":"closed","post_password":"","post_name":"igort","to_ping":"","pinged":"","post_modified":"2022-10-14 15:31:55","post_modified_gmt":"2022-10-14 13:31:55","post_content_filtered":"","post_parent":0,"guid":"http:\/\/dev.claret.cat\/autor\/igort\/","menu_order":0,"post_type":"autor","post_mime_type":"","comment_count":"0","filter":"raw"}]},"aioseo_notices":[],"_links":{"self":[{"href":"https:\/\/www.claret.cat\/es\/wp-json\/wp\/v2\/product\/31260","targetHints":{"allow":["GET"]}}],"collection":[{"href":"https:\/\/www.claret.cat\/es\/wp-json\/wp\/v2\/product"}],"about":[{"href":"https:\/\/www.claret.cat\/es\/wp-json\/wp\/v2\/types\/product"}],"wp:featuredmedia":[{"embeddable":true,"href":"https:\/\/www.claret.cat\/es\/wp-json\/wp\/v2\/media\/69730"}],"wp:attachment":[{"href":"https:\/\/www.claret.cat\/es\/wp-json\/wp\/v2\/media?parent=31260"}],"wp:term":[{"taxonomy":"product_brand","embeddable":true,"href":"https:\/\/www.claret.cat\/es\/wp-json\/wp\/v2\/product_brand?post=31260"},{"taxonomy":"product_cat","embeddable":true,"href":"https:\/\/www.claret.cat\/es\/wp-json\/wp\/v2\/product_cat?post=31260"},{"taxonomy":"product_tag","embeddable":true,"href":"https:\/\/www.claret.cat\/es\/wp-json\/wp\/v2\/product_tag?post=31260"}],"curies":[{"name":"wp","href":"https:\/\/api.w.org\/{rel}","templated":true}]}}