{"id":312674,"date":"2022-12-24T15:40:02","date_gmt":"2022-12-24T14:40:02","guid":{"rendered":"https:\/\/www.claret.cat\/llibre\/lanegueta-que-va-venir-a-sopar-lovelleta-que-va-venir-a-sopar-9788448862633\/"},"modified":"2026-01-03T12:55:13","modified_gmt":"2026-01-03T11:55:13","slug":"lanegueta-que-va-venir-a-sopar-lovelleta-que-va-venir-a-sopar-9788448862633","status":"publish","type":"product","link":"https:\/\/www.claret.cat\/es\/libro\/lanegueta-que-va-venir-a-sopar-lovelleta-que-va-venir-a-sopar-9788448862633\/","title":{"rendered":"L&#8217;ANEGUETA QUE VA VENIR A SOPAR (L&#8217;OVELLETA QUE VA VENIR A SOPAR)"},"content":{"rendered":"<p>El cinqu\u00e8 llibre de la saga supervendes que va comen\u00e7ar amb L&#8221;ovelleta que va venir a sopar, que s&#8221;ha convertit en tot un cl\u00e0ssic de la literatura infantil: una hist\u00f2ria plena de  valors com ara l&#8221;amistat, la generositat i l&#8221;acceptaci\u00f3 de les difer\u00e8ncies. Un dia molt i molt vent\u00f3s que amena\u00e7a de fer volar tota la roba  arrossega una anegueta. La pobra t\u00e9 una ala trencada, i l&#8221;Estofat, el  vell llop i en Truita s&#8221;encarregaran de cuidar-la fins que pugui volar de nou. Malgrat que \u00e9s petita, la Pometa, l&#8221;anegueta, no \u00e9s cap  damisel\u00b7la que calgui salvar, sin\u00f3 que \u00e9s capa\u00e7 de fer tot el que es proposa. Aquest llibre continua la hist\u00f2ria de la parella inversemblant que vam descobrir a L&#8221;ovelleta que va venir a sopar, que vam poder  con\u00e8ixer a fons a Els llops que van venir a sopar, que va esdevenir una peculiar fam\u00edlia quan es van trobar en Truita a El cocodril que va venir a sopar i que es va enfrontar a una aventura inesperada a El tigre que va venir a sopar . Cinc contes meravellosos sobre com fer amics i v\u00e8ncer els estereotips. Cinc hist\u00f2ries que ja han esdevingut aut\u00e8ntics cl\u00e0ssics de la literatura infantil.<\/p>\n","protected":false},"excerpt":{"rendered":"<p>SMALLMAN, STEVE \/ DREIDEMY, JO\u00cbLLE<\/p>\n","protected":false},"featured_media":326168,"template":"","meta":{"_acf_changed":false,"om_disable_all_campaigns":false,"rs_blank_template":"","rs_page_bg_color":"","slide_template_v7":"","inline_featured_image":false,"_monsterinsights_skip_tracking":false,"_monsterinsights_sitenote_active":false,"_monsterinsights_sitenote_note":"","_monsterinsights_sitenote_category":0},"product_brand":[],"product_cat":[132,362],"product_tag":[],"class_list":{"0":"post-312674","1":"product","2":"type-product","3":"status-publish","4":"has-post-thumbnail","6":"product_cat-lectures-per-preadolescents-6-12-anys","7":"product_cat-libros-preadolescentes-6-12-anos","9":"first","10":"instock","11":"taxable","12":"shipping-taxable","13":"purchasable","14":"product-type-simple"},"acf":{"editorial":[{"ID":6141,"post_author":"3","post_date":"2022-07-28 17:45:46","post_date_gmt":"2022-07-28 15:45:46","post_content":"","post_title":"BEASCOA","post_excerpt":"","post_status":"publish","comment_status":"closed","ping_status":"closed","post_password":"","post_name":"beascoa","to_ping":"","pinged":"","post_modified":"2022-07-28 17:45:46","post_modified_gmt":"2022-07-28 15:45:46","post_content_filtered":"","post_parent":0,"guid":"http:\/\/dev.claret.cat\/editorial\/beascoa\/","menu_order":0,"post_type":"editorial","post_mime_type":"","comment_count":"0","filter":"raw"}],"autor":"SMALLMAN, STEVE \/ DREIDEMY, JO\u00cbLLE","codart":"844886263","libros-coleccion":"FORA DE COL.LECCI\u00d3","ediciones":"1","encuadernacion":"Carton\u00e9","fecha_de_publicacion":"01\/10\/2022","novedad":"1","paginas":"32","subtitulo":"","orden":"0","portada":"0","idioma":"cat","autores-libros":[{"ID":6046,"post_author":"3","post_date":"2022-07-28 17:37:00","post_date_gmt":"2022-07-28 15:37:00","post_content":"","post_title":"STEVE SMALLMAN","post_excerpt":"","post_status":"publish","comment_status":"closed","ping_status":"closed","post_password":"","post_name":"steve-smallman","to_ping":"","pinged":"","post_modified":"2022-07-28 17:37:00","post_modified_gmt":"2022-07-28 15:37:00","post_content_filtered":"","post_parent":0,"guid":"http:\/\/dev.claret.cat\/autor\/steve-smallman\/","menu_order":0,"post_type":"autor","post_mime_type":"","comment_count":"0","filter":"raw"},{"ID":5608,"post_author":"3","post_date":"2022-07-28 17:27:39","post_date_gmt":"2022-07-28 15:27:39","post_content":"","post_title":"JO\u00cbLLE DREIDEMY","post_excerpt":"","post_status":"publish","comment_status":"closed","ping_status":"closed","post_password":"","post_name":"joelle-dreidemy","to_ping":"","pinged":"","post_modified":"2022-07-28 17:27:39","post_modified_gmt":"2022-07-28 15:27:39","post_content_filtered":"","post_parent":0,"guid":"http:\/\/dev.claret.cat\/autor\/joelle-dreidemy\/","menu_order":0,"post_type":"autor","post_mime_type":"","comment_count":"0","filter":"raw"}],"booktrailer":"","resenas":""},"aioseo_notices":[],"_links":{"self":[{"href":"https:\/\/www.claret.cat\/es\/wp-json\/wp\/v2\/product\/312674","targetHints":{"allow":["GET"]}}],"collection":[{"href":"https:\/\/www.claret.cat\/es\/wp-json\/wp\/v2\/product"}],"about":[{"href":"https:\/\/www.claret.cat\/es\/wp-json\/wp\/v2\/types\/product"}],"wp:featuredmedia":[{"embeddable":true,"href":"https:\/\/www.claret.cat\/es\/wp-json\/wp\/v2\/media\/326168"}],"wp:attachment":[{"href":"https:\/\/www.claret.cat\/es\/wp-json\/wp\/v2\/media?parent=312674"}],"wp:term":[{"taxonomy":"product_brand","embeddable":true,"href":"https:\/\/www.claret.cat\/es\/wp-json\/wp\/v2\/product_brand?post=312674"},{"taxonomy":"product_cat","embeddable":true,"href":"https:\/\/www.claret.cat\/es\/wp-json\/wp\/v2\/product_cat?post=312674"},{"taxonomy":"product_tag","embeddable":true,"href":"https:\/\/www.claret.cat\/es\/wp-json\/wp\/v2\/product_tag?post=312674"}],"curies":[{"name":"wp","href":"https:\/\/api.w.org\/{rel}","templated":true}]}}