{"id":313353,"date":"2022-12-27T11:41:37","date_gmt":"2022-12-27T10:41:37","guid":{"rendered":"https:\/\/www.claret.cat\/llibre\/366-textos-de-santa-teresita-del-nino-jesus-9788484079491\/"},"modified":"2026-03-17T11:19:08","modified_gmt":"2026-03-17T10:19:08","slug":"366-textos-de-santa-teresita-del-nino-jesus-9788484079491","status":"publish","type":"product","link":"https:\/\/www.claret.cat\/es\/libro\/366-textos-de-santa-teresita-del-nino-jesus-9788484079491\/","title":{"rendered":"366 TEXTOS DE SANTA TERESITA DEL NI\u00d1O JES\u00daS"},"content":{"rendered":"<p>Santa Tersa del ni\u00f1o Jes\u00fas (1873-1897) brilla en la galaxia de los santos con luz propia, dif\u00edcil de superar. Patrona de las Misiones y Doctora de la Iglesia, su vida y sus escritos -sobre todo, su autobiograf\u00eda, Historia de un Alma- constituyen un sendero rectil\u00edneo que lleva directamente a la vivencia profunda y gozosa (aunque no exenta de cruz) de la fe. Poder leer cada d\u00eda un pensamiento de Santa Teresita, es un privilegio del que gozar\u00e1n los lectores de este peque\u00f1o gran libro.<\/p>\n","protected":false},"excerpt":{"rendered":"<p>CERVERA BARRANCO, PABLO<\/p>\n","protected":false},"featured_media":1090362,"template":"","meta":{"_acf_changed":false,"om_disable_all_campaigns":false,"rs_blank_template":"","rs_page_bg_color":"","slide_template_v7":"","inline_featured_image":false,"_monsterinsights_skip_tracking":false,"_monsterinsights_sitenote_active":false,"_monsterinsights_sitenote_note":"","_monsterinsights_sitenote_category":0},"product_brand":[],"product_cat":[90,540],"product_tag":[],"class_list":{"0":"post-313353","1":"product","2":"type-product","3":"status-publish","4":"has-post-thumbnail","6":"product_cat-altres","7":"product_cat-otros","9":"first","10":"outofstock","11":"taxable","12":"shipping-taxable","13":"purchasable","14":"product-type-simple"},"acf":{"editorial":[{"ID":147774,"post_author":"3","post_date":"2022-10-14 11:53:07","post_date_gmt":"2022-10-14 09:53:07","post_content":"","post_title":"EDIBESA","post_excerpt":"","post_status":"publish","comment_status":"closed","ping_status":"closed","post_password":"","post_name":"edibesa","to_ping":"","pinged":"","post_modified":"2022-10-14 11:53:07","post_modified_gmt":"2022-10-14 09:53:07","post_content_filtered":"","post_parent":0,"guid":"http:\/\/dev.claret.cat\/editorial\/edibesa\/","menu_order":0,"post_type":"editorial","post_mime_type":"","comment_count":"0","filter":"raw"}],"autores-libros":[{"ID":166400,"post_author":"3","post_date":"2022-10-14 18:02:52","post_date_gmt":"2022-10-14 16:02:52","post_content":"","post_title":"PABLO CERVERA BARRANCO","post_excerpt":"","post_status":"publish","comment_status":"closed","ping_status":"closed","post_password":"","post_name":"pablo-cervera-barranco","to_ping":"","pinged":"","post_modified":"2022-10-14 18:02:52","post_modified_gmt":"2022-10-14 16:02:52","post_content_filtered":"","post_parent":0,"guid":"http:\/\/dev.claret.cat\/autor\/pablo-cervera-barranco\/","menu_order":0,"post_type":"autor","post_mime_type":"","comment_count":"0","filter":"raw"}],"autor":"CERVERA BARRANCO, PABLO","codart":"848407949","libros-coleccion":"","ediciones":"1","encuadernacion":"R\u00fastica","fecha_de_publicacion":"21\/01\/2011","novedad":"0","paginas":"180","subtitulo":"","orden":"999","portada":"0","idioma":"spa","booktrailer":"","resenas":""},"aioseo_notices":[],"_links":{"self":[{"href":"https:\/\/www.claret.cat\/es\/wp-json\/wp\/v2\/product\/313353","targetHints":{"allow":["GET"]}}],"collection":[{"href":"https:\/\/www.claret.cat\/es\/wp-json\/wp\/v2\/product"}],"about":[{"href":"https:\/\/www.claret.cat\/es\/wp-json\/wp\/v2\/types\/product"}],"wp:featuredmedia":[{"embeddable":true,"href":"https:\/\/www.claret.cat\/es\/wp-json\/wp\/v2\/media\/1090362"}],"wp:attachment":[{"href":"https:\/\/www.claret.cat\/es\/wp-json\/wp\/v2\/media?parent=313353"}],"wp:term":[{"taxonomy":"product_brand","embeddable":true,"href":"https:\/\/www.claret.cat\/es\/wp-json\/wp\/v2\/product_brand?post=313353"},{"taxonomy":"product_cat","embeddable":true,"href":"https:\/\/www.claret.cat\/es\/wp-json\/wp\/v2\/product_cat?post=313353"},{"taxonomy":"product_tag","embeddable":true,"href":"https:\/\/www.claret.cat\/es\/wp-json\/wp\/v2\/product_tag?post=313353"}],"curies":[{"name":"wp","href":"https:\/\/api.w.org\/{rel}","templated":true}]}}