{"id":313473,"date":"2022-12-27T11:55:24","date_gmt":"2022-12-27T10:55:24","guid":{"rendered":"https:\/\/www.claret.cat\/llibre\/salmos-para-sentir-y-gustar-internamente-9788429315561\/"},"modified":"2026-01-26T13:15:52","modified_gmt":"2026-01-26T12:15:52","slug":"salmos-para-sentir-y-gustar-internamente-9788429315561","status":"publish","type":"product","link":"https:\/\/www.claret.cat\/es\/libro\/salmos-para-sentir-y-gustar-internamente-9788429315561\/","title":{"rendered":"SALMOS PARA SENTIR Y GUSTAR INTERNAMENTE"},"content":{"rendered":"<p>La po\u00e9tica de Benjam\u00edn Gonz\u00e1lez Buelta tiene algunos &#8216;leit-motivs&#8217; que le dan su marca original: su sentido profundo de la belleza de la creaci\u00f3n, su amorosa ternura por las personas y su aguda sensibilidad ante la injusticia, la opresi\u00f3n y el pecado social. Sin embargo, no es tanto su propia manera de sentir la que anhela sobre todo transmitir en sus salmos. <br \/>Desea, antes que nada, abrir un camino a fin de que, a trav\u00e9s de aquello que es su experiencia, otros puedan descubrir y experimentar al propio Dios que les habla y desea apasionadamente revelarse en la belleza de la creaci\u00f3n, en la ternura de los sentimientos y de las relaciones amorosas y en la indignaci\u00f3n y el dolor que se hace oblaci\u00f3n sin retorno de la propia vida frente a la injusticia y el sufrimiento ajeno. Pone as\u00ed su experiencia al servicio de la experiencia de los lectores, que podr\u00e1n apoyarse en el camino que -cual hermano mayor y m\u00e1s experimentado- hace tanto tiempo viene ya trillando.<br \/>Por eso, para cada salmo aqu\u00ed traducido se ha escogido un ep\u00edgrafe tomado del libro de los Ejercicios de San Ignacio. Con ello se pretende que el ejercitante que tome estos poemas para que le ayuden en su oraci\u00f3n pueda m\u00e1s f\u00e1cilmente encontrar el pasaje de los Ejercicios al que refiere o pueda referir, nombrando as\u00ed su experiencia y la moci\u00f3n de su coraz\u00f3n.<\/p>\n","protected":false},"excerpt":{"rendered":"<p>GONZALEZ BUELTA, SJ, BENJAMIN<\/p>\n","protected":false},"featured_media":374629,"template":"","meta":{"_acf_changed":false,"om_disable_all_campaigns":false,"rs_blank_template":"","rs_page_bg_color":"","slide_template_v7":"","inline_featured_image":false,"_monsterinsights_skip_tracking":false,"_monsterinsights_sitenote_active":false,"_monsterinsights_sitenote_note":"","_monsterinsights_sitenote_category":0},"product_brand":[],"product_cat":[90,540],"product_tag":[],"class_list":{"0":"post-313473","1":"product","2":"type-product","3":"status-publish","4":"has-post-thumbnail","6":"product_cat-altres","7":"product_cat-otros","9":"first","10":"instock","11":"taxable","12":"shipping-taxable","13":"purchasable","14":"product-type-simple"},"acf":{"editorial":[{"ID":6351,"post_author":"3","post_date":"2022-07-28 17:50:19","post_date_gmt":"2022-07-28 15:50:19","post_content":"","post_title":"Sal Terrae","post_excerpt":"","post_status":"publish","comment_status":"closed","ping_status":"closed","post_password":"","post_name":"sal-terrae","to_ping":"","pinged":"","post_modified":"2022-07-28 17:50:19","post_modified_gmt":"2022-07-28 15:50:19","post_content_filtered":"","post_parent":0,"guid":"http:\/\/dev.claret.cat\/editorial\/sal-terrae\/","menu_order":0,"post_type":"editorial","post_mime_type":"","comment_count":"0","filter":"raw"}],"autores-libros":[{"ID":151571,"post_author":"3","post_date":"2022-10-14 14:41:56","post_date_gmt":"2022-10-14 12:41:56","post_content":"","post_title":"BENJAMIN GONZALEZ BUELTA, SJ","post_excerpt":"","post_status":"publish","comment_status":"closed","ping_status":"closed","post_password":"","post_name":"benjamin-gonzalez-buelta-sj","to_ping":"","pinged":"","post_modified":"2022-10-14 14:41:56","post_modified_gmt":"2022-10-14 12:41:56","post_content_filtered":"","post_parent":0,"guid":"http:\/\/dev.claret.cat\/autor\/benjamin-gonzalez-buelta-sj\/","menu_order":0,"post_type":"autor","post_mime_type":"","comment_count":"0","filter":"raw"}],"autor":"GONZALEZ BUELTA, SJ, BENJAMIN","codart":"842931556","libros-coleccion":"SAL TERRAE- EL POZO DE SIQUEM","ediciones":"1","encuadernacion":"R\u00fastica","fecha_de_publicacion":"15\/09\/2004","novedad":"0","paginas":"182","subtitulo":"","orden":"999","portada":"0","idioma":"spa","booktrailer":"","resenas":""},"aioseo_notices":[],"_links":{"self":[{"href":"https:\/\/www.claret.cat\/es\/wp-json\/wp\/v2\/product\/313473","targetHints":{"allow":["GET"]}}],"collection":[{"href":"https:\/\/www.claret.cat\/es\/wp-json\/wp\/v2\/product"}],"about":[{"href":"https:\/\/www.claret.cat\/es\/wp-json\/wp\/v2\/types\/product"}],"wp:featuredmedia":[{"embeddable":true,"href":"https:\/\/www.claret.cat\/es\/wp-json\/wp\/v2\/media\/374629"}],"wp:attachment":[{"href":"https:\/\/www.claret.cat\/es\/wp-json\/wp\/v2\/media?parent=313473"}],"wp:term":[{"taxonomy":"product_brand","embeddable":true,"href":"https:\/\/www.claret.cat\/es\/wp-json\/wp\/v2\/product_brand?post=313473"},{"taxonomy":"product_cat","embeddable":true,"href":"https:\/\/www.claret.cat\/es\/wp-json\/wp\/v2\/product_cat?post=313473"},{"taxonomy":"product_tag","embeddable":true,"href":"https:\/\/www.claret.cat\/es\/wp-json\/wp\/v2\/product_tag?post=313473"}],"curies":[{"name":"wp","href":"https:\/\/api.w.org\/{rel}","templated":true}]}}