{"id":31359,"date":"2022-10-02T11:51:42","date_gmt":"2022-10-02T09:51:42","guid":{"rendered":"http:\/\/dev.claret.cat\/producte\/hamburguesas\/"},"modified":"2023-01-28T13:15:53","modified_gmt":"2023-01-28T12:15:53","slug":"hamburguesas-9788416138357","status":"publish","type":"product","link":"https:\/\/www.claret.cat\/es\/libro\/hamburguesas-9788416138357\/","title":{"rendered":"HAMBURGUESAS"},"content":{"rendered":"<p>Con un estilo contempor\u00e1neo, el chef Paul Gayler aporta un sabor internacional a una comida universalmente popular y familiar, proporcionando recetas innovadoras para todos los paladares que van desde las m\u00e1s cl\u00e1sicas hasta las m\u00e1s rompedoras. Desde una hamburguesa de pescado tailand\u00e9s de delicado sabor hasta la hamburguesa definitiva con \u00ablo que funciona\u00bb, Gayler devuelve a este plato el lugar que le corresponde por derecho en el coraz\u00f3n de la cocina familiar. Con algunas contribuciones de los expertos culinarios m\u00e1s destacados del mundo y una gran cantidad de salsas y aderezos, ensaladas y patatas que le har\u00e1n la boca agua, la popularidad de la hamburguesa casera quedar\u00e1 asegurada. Es imposible superar una buena hamburguesa, y por eso todos las adoran. Como ocurre con todas las ideas brillantes, su atractivo radica en su simplicidad. Una hamburguesa bien aderezada constituye la comida perfecta: nutritiva y saciante, con una combinaci\u00f3n de sabores dulces, salados y agridulces para despertar las papilas gustativas. Y a\u00fan hay m\u00e1s: se prepara r\u00e1pidamente, resulta reconfortante y puede comerse con las manos. \u00a0 Todos los chefs est\u00e1n redescubriendo la hamburguesa. Este libro le animar\u00e1 a hacer lo mismo y as\u00ed devolver la hamburguesa al lugar que le corresponde en la cocina.<\/p>\n","protected":false},"excerpt":{"rendered":"<p>RODR\u00cdGUEZ FISCHER, CRISTINA<\/p>\n","protected":false},"featured_media":74920,"template":"","meta":{"_acf_changed":false,"om_disable_all_campaigns":false,"rs_blank_template":"","rs_page_bg_color":"","slide_template_v7":"","inline_featured_image":false,"_monsterinsights_skip_tracking":false,"_monsterinsights_sitenote_active":false,"_monsterinsights_sitenote_note":"","_monsterinsights_sitenote_category":0},"product_brand":[],"product_cat":[103],"product_tag":[],"class_list":{"0":"post-31359","1":"product","2":"type-product","3":"status-publish","4":"has-post-thumbnail","6":"product_cat-cuina","8":"first","9":"instock","10":"taxable","11":"shipping-taxable","12":"purchasable","13":"product-type-simple"},"acf":{"autor":"RODR\u00cdGUEZ FISCHER, CRISTINA","codart":"841613835","libros-coleccion":"","ediciones":"1","encuadernacion":"Carton\u00e9","fecha_de_publicacion":"01\/04\/2015","novedad":"0","paginas":"140","subtitulo":"DESDE LA RANCHERA A LA BARBACOA HASTA LA DE SALM\u00d3N CON MISO","orden":"999","portada":"0","idioma":"spa","editorial":[{"ID":147556,"post_author":"3","post_date":"2022-10-14 11:51:28","post_date_gmt":"2022-10-14 09:51:28","post_content":"","post_title":"BLUME, EDITORIAL","post_excerpt":"","post_status":"publish","comment_status":"closed","ping_status":"closed","post_password":"","post_name":"blume-editorial-2","to_ping":"","pinged":"","post_modified":"2022-10-14 11:51:28","post_modified_gmt":"2022-10-14 09:51:28","post_content_filtered":"","post_parent":0,"guid":"http:\/\/dev.claret.cat\/editorial\/blume-editorial-2\/","menu_order":0,"post_type":"editorial","post_mime_type":"","comment_count":"0","filter":"raw"}],"autores-libros":[{"ID":153388,"post_author":"3","post_date":"2022-10-14 14:56:22","post_date_gmt":"2022-10-14 12:56:22","post_content":"","post_title":"CRISTINA RODR\u00cdGUEZ FISCHER","post_excerpt":"","post_status":"publish","comment_status":"closed","ping_status":"closed","post_password":"","post_name":"cristina-rodriguez-fischer","to_ping":"","pinged":"","post_modified":"2022-10-14 14:56:22","post_modified_gmt":"2022-10-14 12:56:22","post_content_filtered":"","post_parent":0,"guid":"http:\/\/dev.claret.cat\/autor\/cristina-rodriguez-fischer\/","menu_order":0,"post_type":"autor","post_mime_type":"","comment_count":"0","filter":"raw"}]},"aioseo_notices":[],"_links":{"self":[{"href":"https:\/\/www.claret.cat\/es\/wp-json\/wp\/v2\/product\/31359","targetHints":{"allow":["GET"]}}],"collection":[{"href":"https:\/\/www.claret.cat\/es\/wp-json\/wp\/v2\/product"}],"about":[{"href":"https:\/\/www.claret.cat\/es\/wp-json\/wp\/v2\/types\/product"}],"wp:featuredmedia":[{"embeddable":true,"href":"https:\/\/www.claret.cat\/es\/wp-json\/wp\/v2\/media\/74920"}],"wp:attachment":[{"href":"https:\/\/www.claret.cat\/es\/wp-json\/wp\/v2\/media?parent=31359"}],"wp:term":[{"taxonomy":"product_brand","embeddable":true,"href":"https:\/\/www.claret.cat\/es\/wp-json\/wp\/v2\/product_brand?post=31359"},{"taxonomy":"product_cat","embeddable":true,"href":"https:\/\/www.claret.cat\/es\/wp-json\/wp\/v2\/product_cat?post=31359"},{"taxonomy":"product_tag","embeddable":true,"href":"https:\/\/www.claret.cat\/es\/wp-json\/wp\/v2\/product_tag?post=31359"}],"curies":[{"name":"wp","href":"https:\/\/api.w.org\/{rel}","templated":true}]}}