{"id":31407,"date":"2022-10-02T11:52:29","date_gmt":"2022-10-02T09:52:29","guid":{"rendered":"http:\/\/dev.claret.cat\/producte\/el-problema-2\/"},"modified":"2023-01-28T21:57:14","modified_gmt":"2023-01-28T20:57:14","slug":"el-problema-9788416578917","status":"publish","type":"product","link":"https:\/\/www.claret.cat\/es\/libro\/el-problema-9788416578917\/","title":{"rendered":"EL PROBLEMA"},"content":{"rendered":"<p>L&#8217;Alfred est\u00e0 molt amo\u00efnat. Mil problemes li ronden pel cap. La discussi\u00f3 del dia anterior al pati amb el seu millor amic, l&#8217;examen d&#8217;angl\u00e8s que li toca aquest mat\u00ed, la visita al metge de la tarda&#8230; Nom\u00e9s de pensar en tot el que l&#8217;espera, l&#8217;Alfredo es posa tan nervi\u00f3s que li suen les mans, li fa mal la panxa i es mareja.<\/p>\n","protected":false},"excerpt":{"rendered":"<p>SERRANO, PILAR<\/p>\n","protected":false},"featured_media":71222,"template":"","meta":{"_acf_changed":false,"om_disable_all_campaigns":false,"rs_blank_template":"","rs_page_bg_color":"","slide_template_v7":"","inline_featured_image":false,"_monsterinsights_skip_tracking":false,"_monsterinsights_sitenote_active":false,"_monsterinsights_sitenote_note":"","_monsterinsights_sitenote_category":0},"product_brand":[],"product_cat":[86],"product_tag":[],"class_list":{"0":"post-31407","1":"product","2":"type-product","3":"status-publish","4":"has-post-thumbnail","6":"product_cat-infantil","8":"first","9":"instock","10":"taxable","11":"shipping-taxable","12":"purchasable","13":"product-type-simple"},"acf":{"autor":"SERRANO, PILAR","codart":"841657891","libros-coleccion":"","ediciones":"1","encuadernacion":"Carton\u00e9","fecha_de_publicacion":"01\/02\/2018","novedad":"1","paginas":"35","subtitulo":"","orden":"0","portada":"0","idioma":"cat","editorial":[{"ID":148890,"post_author":"3","post_date":"2022-10-14 12:01:47","post_date_gmt":"2022-10-14 10:01:47","post_content":"","post_title":"TRAMUNTANA","post_excerpt":"","post_status":"publish","comment_status":"closed","ping_status":"closed","post_password":"","post_name":"tramuntana","to_ping":"","pinged":"","post_modified":"2022-10-14 12:01:47","post_modified_gmt":"2022-10-14 10:01:47","post_content_filtered":"","post_parent":0,"guid":"http:\/\/dev.claret.cat\/editorial\/tramuntana\/","menu_order":0,"post_type":"editorial","post_mime_type":"","comment_count":"0","filter":"raw"}],"autores-libros":[{"ID":167335,"post_author":"3","post_date":"2022-10-14 18:10:23","post_date_gmt":"2022-10-14 16:10:23","post_content":"","post_title":"PILAR SERRANO","post_excerpt":"","post_status":"publish","comment_status":"closed","ping_status":"closed","post_password":"","post_name":"pilar-serrano","to_ping":"","pinged":"","post_modified":"2022-10-14 18:10:23","post_modified_gmt":"2022-10-14 16:10:23","post_content_filtered":"","post_parent":0,"guid":"http:\/\/dev.claret.cat\/autor\/pilar-serrano\/","menu_order":0,"post_type":"autor","post_mime_type":"","comment_count":"0","filter":"raw"}]},"aioseo_notices":[],"_links":{"self":[{"href":"https:\/\/www.claret.cat\/es\/wp-json\/wp\/v2\/product\/31407","targetHints":{"allow":["GET"]}}],"collection":[{"href":"https:\/\/www.claret.cat\/es\/wp-json\/wp\/v2\/product"}],"about":[{"href":"https:\/\/www.claret.cat\/es\/wp-json\/wp\/v2\/types\/product"}],"wp:featuredmedia":[{"embeddable":true,"href":"https:\/\/www.claret.cat\/es\/wp-json\/wp\/v2\/media\/71222"}],"wp:attachment":[{"href":"https:\/\/www.claret.cat\/es\/wp-json\/wp\/v2\/media?parent=31407"}],"wp:term":[{"taxonomy":"product_brand","embeddable":true,"href":"https:\/\/www.claret.cat\/es\/wp-json\/wp\/v2\/product_brand?post=31407"},{"taxonomy":"product_cat","embeddable":true,"href":"https:\/\/www.claret.cat\/es\/wp-json\/wp\/v2\/product_cat?post=31407"},{"taxonomy":"product_tag","embeddable":true,"href":"https:\/\/www.claret.cat\/es\/wp-json\/wp\/v2\/product_tag?post=31407"}],"curies":[{"name":"wp","href":"https:\/\/api.w.org\/{rel}","templated":true}]}}