{"id":314105,"date":"2022-12-28T17:35:18","date_gmt":"2022-12-28T16:35:18","guid":{"rendered":"https:\/\/www.claret.cat\/llibre\/la-catedral-del-mar-9788499088044\/"},"modified":"2026-03-17T11:21:02","modified_gmt":"2026-03-17T10:21:02","slug":"la-catedral-del-mar-9788499088044","status":"publish","type":"product","link":"https:\/\/www.claret.cat\/es\/libro\/la-catedral-del-mar-9788499088044\/","title":{"rendered":"LA CATEDRAL DEL MAR"},"content":{"rendered":"<p>Siglo XIV. La ciudad de Barcelona se encuentra en su momento de mayor prosperidad; ha crecido hacia la Ribera, el humilde barrio de los pescadores, cuyos habitantes deciden construir, con el dinero de unos y el esfuerzo de otros, el mayor templo mariano jam\u00e1s conocido: Santa Mar\u00eda de la Mar. Una construcci\u00f3n que es paralela a la azarosa historia de Arnau, un siervo de la tierra que huye de los abusos de su se\u00f1or feudal y se refugia en Barcelona, donde se convierte en ciudadano y, con ello, en hombre libre. El joven Arnau trabaja como palafrenero, estibador, soldado y cambista. Una vida extenuante, siempre al amparo de la catedral de la Mar, que le iba a llevar de la miseria del fugitivo a la nobleza y la riqueza. Pero con esta posici\u00f3n privilegiada tambi\u00e9n le llega la envidia de sus pares, que urden una s\u00f3rdida conjura que pone su vida en manos de la Inquisici\u00f3n&#8230; La catedral del mar es una trama en la que se entrecruzan lealtad y venganza, traici\u00f3n y amor, guerra y peste, en un mundo marcado por la intolerancia religiosa, la ambici\u00f3n material y la segregaci\u00f3n social. Todo ello convierte a esta obra no solo en una novela absorbente, sino tambi\u00e9n en la m\u00e1s fascinante y ambiciosa recreaci\u00f3n de las luces y sombras de la \u00e9poca feudal.<\/p>\n","protected":false},"excerpt":{"rendered":"<p>FALCONES,ILDEFONSO<\/p>\n","protected":false},"featured_media":1004857,"template":"","meta":{"_acf_changed":false,"om_disable_all_campaigns":false,"rs_blank_template":"","rs_page_bg_color":"","slide_template_v7":"","inline_featured_image":false,"_monsterinsights_skip_tracking":false,"_monsterinsights_sitenote_active":false,"_monsterinsights_sitenote_note":"","_monsterinsights_sitenote_category":0},"product_brand":[],"product_cat":[87,353,130,360],"product_tag":[],"class_list":{"0":"post-314105","1":"product","2":"type-product","3":"status-publish","4":"has-post-thumbnail","6":"product_cat-literatura","7":"product_cat-literatura-2_humanidades","8":"product_cat-novella-historica-i-ficcio","9":"product_cat-novela-historica-y-ficcion","11":"first","12":"instock","13":"taxable","14":"shipping-taxable","15":"purchasable","16":"product-type-simple"},"acf":{"editorial":[{"ID":6178,"post_author":"3","post_date":"2022-07-28 17:46:34","post_date_gmt":"2022-07-28 15:46:34","post_content":"","post_title":"DEBOLSILLO","post_excerpt":"","post_status":"publish","comment_status":"closed","ping_status":"closed","post_password":"","post_name":"debolsillo","to_ping":"","pinged":"","post_modified":"2022-07-28 17:46:34","post_modified_gmt":"2022-07-28 15:46:34","post_content_filtered":"","post_parent":0,"guid":"http:\/\/dev.claret.cat\/editorial\/debolsillo\/","menu_order":0,"post_type":"editorial","post_mime_type":"","comment_count":"0","filter":"raw"}],"autores-libros":[{"ID":157840,"post_author":"3","post_date":"2022-10-14 15:32:03","post_date_gmt":"2022-10-14 13:32:03","post_content":"","post_title":"ILDEFONSO FALCONES","post_excerpt":"","post_status":"publish","comment_status":"closed","ping_status":"closed","post_password":"","post_name":"ildefonso-falcones","to_ping":"","pinged":"","post_modified":"2022-10-14 15:32:03","post_modified_gmt":"2022-10-14 13:32:03","post_content_filtered":"","post_parent":0,"guid":"http:\/\/dev.claret.cat\/autor\/ildefonso-falcones\/","menu_order":0,"post_type":"autor","post_mime_type":"","comment_count":"0","filter":"raw"}],"autor":"FALCONES,ILDEFONSO","codart":"849908804","libros-coleccion":"","ediciones":"1","encuadernacion":"R\u00fastica","fecha_de_publicacion":"01\/01\/2011","novedad":"0","paginas":"672","subtitulo":"","orden":"999","portada":"0","idioma":"spa","booktrailer":"","resenas":""},"aioseo_notices":[],"_links":{"self":[{"href":"https:\/\/www.claret.cat\/es\/wp-json\/wp\/v2\/product\/314105","targetHints":{"allow":["GET"]}}],"collection":[{"href":"https:\/\/www.claret.cat\/es\/wp-json\/wp\/v2\/product"}],"about":[{"href":"https:\/\/www.claret.cat\/es\/wp-json\/wp\/v2\/types\/product"}],"wp:featuredmedia":[{"embeddable":true,"href":"https:\/\/www.claret.cat\/es\/wp-json\/wp\/v2\/media\/1004857"}],"wp:attachment":[{"href":"https:\/\/www.claret.cat\/es\/wp-json\/wp\/v2\/media?parent=314105"}],"wp:term":[{"taxonomy":"product_brand","embeddable":true,"href":"https:\/\/www.claret.cat\/es\/wp-json\/wp\/v2\/product_brand?post=314105"},{"taxonomy":"product_cat","embeddable":true,"href":"https:\/\/www.claret.cat\/es\/wp-json\/wp\/v2\/product_cat?post=314105"},{"taxonomy":"product_tag","embeddable":true,"href":"https:\/\/www.claret.cat\/es\/wp-json\/wp\/v2\/product_tag?post=314105"}],"curies":[{"name":"wp","href":"https:\/\/api.w.org\/{rel}","templated":true}]}}