{"id":314687,"date":"2022-12-30T10:25:04","date_gmt":"2022-12-30T09:25:04","guid":{"rendered":"https:\/\/www.claret.cat\/llibre\/resistir-al-mal-9788413391199\/"},"modified":"2026-03-02T13:00:33","modified_gmt":"2026-03-02T12:00:33","slug":"resistir-al-mal-cartas-y-escritos-de-la-prision-9788413391199","status":"publish","type":"product","link":"https:\/\/www.claret.cat\/es\/libro\/resistir-al-mal-cartas-y-escritos-de-la-prision-9788413391199\/","title":{"rendered":"RESISTIR AL MAL. CARTAS Y ESCRITOS DE LA PRISI\u00d3N"},"content":{"rendered":"<p>Franz J\u00e4gerst\u00e4tter, campesino austriaco, casado, padre de tres ni\u00f1as y ferviente cat\u00f3lico, fue ejecutado en 1943 por negarse a servir en el ej\u00e9rcito nazi. Atendiendo a los dictados de su conciencia \u2014de los que no quiso sustraerse aun contraviniendo las recomendaciones de las autoridades eclesi\u00e1sticas\u2014, se neg\u00f3 a participar en una guerra que consideraba a todas luces injusta. Su valent\u00eda y su coherente actuaci\u00f3n como cristiano llevaron al papa Benedicto XVI a beatificarlo en octubre de 2007.<br \/> Se publican aqu\u00ed por primera vez en castellano todos los escritos de J\u00e4gerst\u00e4tter tanto durante el periodo de instrucci\u00f3n militar en la Wehrmacht como desde su posterior arresto hasta el d\u00eda de su ejecuci\u00f3n. La primera parte del libro recoge la conmovedora correspondencia mantenida con su esposa Franziska \u2014a trav\u00e9s de la cual Franz hab\u00eda sido conducido a un intenso camino espiritual\u2014, mientras que la segunda est\u00e1 formada por diversas reflexiones sobre la vida cristiana escritas en prisi\u00f3n. Se incluye adem\u00e1s un texto in\u00e9dito encontrado recientemente en Sankt Radegund, escrito probablemente unos d\u00edas antes de su arresto.<br \/> \u00abMe gustar\u00eda invitaros a conocer la extraordinaria figura de un joven objetor, un joven europeo de &#8221;ojos grandes&#8221;, que luch\u00f3 contra el nazismo durante la Segunda Guerra Mundial\u00bb (Mensaje del papa Francisco a los participantes en la conferencia europea de j\u00f3venes)<\/p>\n","protected":false},"excerpt":{"rendered":"<p>J\u00c4GERST\u00c4TTER, FRANZ<\/p>\n","protected":false},"featured_media":327800,"template":"","meta":{"_acf_changed":false,"om_disable_all_campaigns":false,"rs_blank_template":"","rs_page_bg_color":"","slide_template_v7":"","inline_featured_image":false,"_monsterinsights_skip_tracking":false,"_monsterinsights_sitenote_active":false,"_monsterinsights_sitenote_note":"","_monsterinsights_sitenote_category":0},"product_brand":[],"product_cat":[549,99],"product_tag":[],"class_list":{"0":"post-314687","1":"product","2":"type-product","3":"status-publish","4":"has-post-thumbnail","6":"product_cat-biografias","7":"product_cat-biografies","9":"first","10":"instock","11":"taxable","12":"shipping-taxable","13":"purchasable","14":"product-type-simple"},"acf":{"editorial":[{"ID":6201,"post_author":"3","post_date":"2022-07-28 17:47:01","post_date_gmt":"2022-07-28 15:47:01","post_content":"","post_title":"Ediciones Encuentro","post_excerpt":"","post_status":"publish","comment_status":"closed","ping_status":"closed","post_password":"","post_name":"ediciones-encuentro","to_ping":"","pinged":"","post_modified":"2022-07-28 17:47:01","post_modified_gmt":"2022-07-28 15:47:01","post_content_filtered":"","post_parent":0,"guid":"http:\/\/dev.claret.cat\/editorial\/ediciones-encuentro\/","menu_order":0,"post_type":"editorial","post_mime_type":"","comment_count":"0","filter":"raw"}],"autor":"J\u00c4GERST\u00c4TTER, FRANZ","codart":"841339119","libros-coleccion":"100XUNO","ediciones":"1","encuadernacion":"R\u00fastica","fecha_de_publicacion":"01\/10\/2022","novedad":"1","paginas":"356","subtitulo":"CARTAS Y ESCRITOS DE LA PRISI\u00d3N","orden":"0","portada":"1","idioma":"spa","autores-libros":[{"ID":422837,"post_author":"3","post_date":"2023-05-16 07:27:08","post_date_gmt":"2023-05-16 05:27:08","post_content":"","post_title":"FRANZ J\u00c4GERST\u00c4TTER","post_excerpt":"","post_status":"publish","comment_status":"closed","ping_status":"closed","post_password":"","post_name":"franz-jagerstatter","to_ping":"","pinged":"","post_modified":"2023-05-16 07:27:08","post_modified_gmt":"2023-05-16 05:27:08","post_content_filtered":"","post_parent":0,"guid":"https:\/\/www.claret.cat\/autor\/franz-jagerstatter\/","menu_order":0,"post_type":"autor","post_mime_type":"","comment_count":"0","filter":"raw"}],"booktrailer":"","resenas":""},"aioseo_notices":[],"_links":{"self":[{"href":"https:\/\/www.claret.cat\/es\/wp-json\/wp\/v2\/product\/314687","targetHints":{"allow":["GET"]}}],"collection":[{"href":"https:\/\/www.claret.cat\/es\/wp-json\/wp\/v2\/product"}],"about":[{"href":"https:\/\/www.claret.cat\/es\/wp-json\/wp\/v2\/types\/product"}],"wp:featuredmedia":[{"embeddable":true,"href":"https:\/\/www.claret.cat\/es\/wp-json\/wp\/v2\/media\/327800"}],"wp:attachment":[{"href":"https:\/\/www.claret.cat\/es\/wp-json\/wp\/v2\/media?parent=314687"}],"wp:term":[{"taxonomy":"product_brand","embeddable":true,"href":"https:\/\/www.claret.cat\/es\/wp-json\/wp\/v2\/product_brand?post=314687"},{"taxonomy":"product_cat","embeddable":true,"href":"https:\/\/www.claret.cat\/es\/wp-json\/wp\/v2\/product_cat?post=314687"},{"taxonomy":"product_tag","embeddable":true,"href":"https:\/\/www.claret.cat\/es\/wp-json\/wp\/v2\/product_tag?post=314687"}],"curies":[{"name":"wp","href":"https:\/\/api.w.org\/{rel}","templated":true}]}}