{"id":314932,"date":"2022-12-30T16:16:21","date_gmt":"2022-12-30T15:16:21","guid":{"rendered":"https:\/\/www.claret.cat\/llibre\/ambiguedades-del-amor-9788498790313\/"},"modified":"2025-06-30T20:55:09","modified_gmt":"2025-06-30T18:55:09","slug":"ambiguedades-del-amor-9788498790313","status":"publish","type":"product","link":"https:\/\/www.claret.cat\/es\/libro\/ambiguedades-del-amor-9788498790313\/","title":{"rendered":"AMBIG\u00dcEDADES DEL AMOR"},"content":{"rendered":"<p>Este volumen de la Antropolog\u00eda de la vida cotidiana analiza algunos aspectos de la primera \u00abestructura de acogida\u00bb, la familia, la codescendencia, que es de suma importancia en los procesos de transmisi\u00f3n del ser humano. Despu\u00e9s de ofrecer una historia esquem\u00e1tica de algunos modelos familiares que han tenido vigencia en Occidente, dedican su atenci\u00f3n a un conjunto de temas no habituales en los estudios sobre la instituci\u00f3n familiar, entre los que destaca la cuesti\u00f3n del \u00abespacio y el tiempo familiares\u00bb. Otro tema analizado con rigor es el de la \u00abmemoria familiar\u00bb, que posee un amplio abanico de modulaciones y registros. Se dedica adem\u00e1s un largo cap\u00edtulo a la problem\u00e1tica en torno a \u00ab\u00e9tica y familia\u00bb, en el que se abordan de manera espec\u00edfica las transmisiones familiares, el testimonio, el erotismo y la hospitalidad, sin olvidar el impacto de la sociedad tecnol\u00f3gica en la familia de nuestros d\u00edas. Tambi\u00e9n se ofrece una aproximaci\u00f3n a la comensalidad familiar y a sus correlatos: la cocina y la alimentaci\u00f3n, que son ?o tendr\u00edan que ser? manifestaciones de lo humano como tal.<\/p>\n","protected":false},"excerpt":{"rendered":"<p>DUCH, LLU\u00cdS; M\u00c8LICH, JOAN<\/p>\n","protected":false},"featured_media":368512,"template":"","meta":{"_acf_changed":false,"om_disable_all_campaigns":false,"rs_blank_template":"","rs_page_bg_color":"","slide_template_v7":"","inline_featured_image":false,"_monsterinsights_skip_tracking":false,"_monsterinsights_sitenote_active":false,"_monsterinsights_sitenote_note":"","_monsterinsights_sitenote_category":0},"product_brand":[],"product_cat":[174,375,445,175],"product_tag":[],"class_list":{"0":"post-314932","1":"product","2":"type-product","3":"status-publish","4":"has-post-thumbnail","6":"product_cat-antropologia","7":"product_cat-antropologia-filosofia-2_humanidades","8":"product_cat-etica-filosofia-2_humanidades","9":"product_cat-etica","11":"first","12":"instock","13":"taxable","14":"shipping-taxable","15":"purchasable","16":"product-type-simple"},"acf":{"editorial":[{"ID":148907,"post_author":"3","post_date":"2022-10-14 12:01:55","post_date_gmt":"2022-10-14 10:01:55","post_content":"","post_title":"TROTTA, EDITORIAL","post_excerpt":"","post_status":"publish","comment_status":"closed","ping_status":"closed","post_password":"","post_name":"trotta-editorial","to_ping":"","pinged":"","post_modified":"2022-10-14 12:01:55","post_modified_gmt":"2022-10-14 10:01:55","post_content_filtered":"","post_parent":0,"guid":"http:\/\/dev.claret.cat\/editorial\/trotta-editorial\/","menu_order":0,"post_type":"editorial","post_mime_type":"","comment_count":"0","filter":"raw"}],"autores-libros":[{"ID":314931,"post_author":"3","post_date":"2022-12-30 16:16:17","post_date_gmt":"2022-12-30 15:16:17","post_content":"","post_title":"LLUIS DUCH","post_excerpt":"","post_status":"publish","comment_status":"closed","ping_status":"closed","post_password":"","post_name":"lluis-duch-2","to_ping":"","pinged":"","post_modified":"2022-12-30 16:16:17","post_modified_gmt":"2022-12-30 15:16:17","post_content_filtered":"","post_parent":0,"guid":"https:\/\/www.claret.cat\/autor\/lluis-duch-2\/","menu_order":0,"post_type":"autor","post_mime_type":"","comment_count":"0","filter":"raw"},{"ID":159462,"post_author":"3","post_date":"2022-10-14 15:45:02","post_date_gmt":"2022-10-14 13:45:02","post_content":"","post_title":"JOAN-CARLES M\u00c8LICH","post_excerpt":"","post_status":"publish","comment_status":"closed","ping_status":"closed","post_password":"","post_name":"joan-carles-melich","to_ping":"","pinged":"","post_modified":"2022-10-14 15:45:02","post_modified_gmt":"2022-10-14 13:45:02","post_content_filtered":"","post_parent":0,"guid":"http:\/\/dev.claret.cat\/autor\/joan-carles-melich\/","menu_order":0,"post_type":"autor","post_mime_type":"","comment_count":"0","filter":"raw"}],"autor":"DUCH, LLU\u00cdS; M\u00c8LICH, JOAN","codart":"849879031","libros-coleccion":"","ediciones":"1","encuadernacion":"R\u00fastica","fecha_de_publicacion":"12\/07\/2010","novedad":"0","paginas":"312","subtitulo":"ANTROPOLOG\u00cdA DE LA VIDA COTIDIANA 2\/2","orden":"999","portada":"0","idioma":"spa","booktrailer":"","resenas":""},"aioseo_notices":[],"_links":{"self":[{"href":"https:\/\/www.claret.cat\/es\/wp-json\/wp\/v2\/product\/314932","targetHints":{"allow":["GET"]}}],"collection":[{"href":"https:\/\/www.claret.cat\/es\/wp-json\/wp\/v2\/product"}],"about":[{"href":"https:\/\/www.claret.cat\/es\/wp-json\/wp\/v2\/types\/product"}],"wp:featuredmedia":[{"embeddable":true,"href":"https:\/\/www.claret.cat\/es\/wp-json\/wp\/v2\/media\/368512"}],"wp:attachment":[{"href":"https:\/\/www.claret.cat\/es\/wp-json\/wp\/v2\/media?parent=314932"}],"wp:term":[{"taxonomy":"product_brand","embeddable":true,"href":"https:\/\/www.claret.cat\/es\/wp-json\/wp\/v2\/product_brand?post=314932"},{"taxonomy":"product_cat","embeddable":true,"href":"https:\/\/www.claret.cat\/es\/wp-json\/wp\/v2\/product_cat?post=314932"},{"taxonomy":"product_tag","embeddable":true,"href":"https:\/\/www.claret.cat\/es\/wp-json\/wp\/v2\/product_tag?post=314932"}],"curies":[{"name":"wp","href":"https:\/\/api.w.org\/{rel}","templated":true}]}}