{"id":31527,"date":"2022-10-02T11:54:22","date_gmt":"2022-10-02T09:54:22","guid":{"rendered":"http:\/\/dev.claret.cat\/producte\/bakunin\/"},"modified":"2025-01-31T15:05:34","modified_gmt":"2025-01-31T14:05:34","slug":"bakunin-9788416587049","status":"publish","type":"product","link":"https:\/\/www.claret.cat\/es\/libro\/bakunin-9788416587049\/","title":{"rendered":"BAKUNIN"},"content":{"rendered":"<p>Bakunin va ser una de les figures de m\u00e9s relleu del segle xix per la gran influ\u00e8ncia que el seu pensament exerc\u00ed en una gran part d\u2019Europa.<br \/>La biografia de Bakunin de Viatxeslav Polonski (traduit al catal\u00e0 per Andreu Nin) \u00e9s una gran s\u00edntesi exhaustiva de la vida i l\u2019obra del pensador anarquista i revolucionari.<br \/>Polonski no es deixa res essencial d\u2019un dels intel\u00b7lectuals m\u00e9s arrauxats del segle xix, anomenats tamb\u00e9 revolucionaris rom\u00e0ntics.<br \/>L\u2019autor narra la vida del pr\u00edncep rus des de la seva inf\u00e0ncia a la cort tsarista fins que fou capturat com a insubm\u00eds, condemnat al desterrament a Sib\u00e8ria i la seva evasi\u00f3 posterior.<br \/>La vida turbulenta de Bakunin ofereix un inter\u00e8s viu, i ajuda a entendre la gran rellev\u00e0ncia del seu pensament en el moviment anarquista al nostre pa\u00eds.<\/p>\n","protected":false},"excerpt":{"rendered":"<p>POLONSKI, VIATXESLAV<\/p>\n","protected":false},"featured_media":317021,"template":"","meta":{"_acf_changed":false,"om_disable_all_campaigns":false,"rs_blank_template":"","rs_page_bg_color":"","slide_template_v7":"","inline_featured_image":false,"_monsterinsights_skip_tracking":false,"_monsterinsights_sitenote_active":false,"_monsterinsights_sitenote_note":"","_monsterinsights_sitenote_category":0},"product_brand":[],"product_cat":[549,99],"product_tag":[],"class_list":{"0":"post-31527","1":"product","2":"type-product","3":"status-publish","4":"has-post-thumbnail","6":"product_cat-biografias","7":"product_cat-biografies","9":"first","10":"instock","11":"taxable","12":"shipping-taxable","13":"purchasable","14":"product-type-simple"},"acf":{"autor":"POLONSKI, VIATXESLAV","codart":"841658704","libros-coleccion":"","ediciones":"1","encuadernacion":"R\u00fastica","fecha_de_publicacion":"03\/03\/2016","novedad":"0","paginas":"206","subtitulo":"","orden":"999","portada":"0","idioma":"cat","editorial":[{"ID":147533,"post_author":"3","post_date":"2022-10-14 11:51:18","post_date_gmt":"2022-10-14 09:51:18","post_content":"","post_title":"BASE EDITORIAL","post_excerpt":"","post_status":"publish","comment_status":"closed","ping_status":"closed","post_password":"","post_name":"base-editorial","to_ping":"","pinged":"","post_modified":"2022-10-14 11:51:18","post_modified_gmt":"2022-10-14 09:51:18","post_content_filtered":"","post_parent":0,"guid":"http:\/\/dev.claret.cat\/editorial\/base-editorial\/","menu_order":0,"post_type":"editorial","post_mime_type":"","comment_count":"0","filter":"raw"}],"autores-libros":[{"ID":170908,"post_author":"3","post_date":"2022-10-14 22:39:07","post_date_gmt":"2022-10-14 20:39:07","post_content":"","post_title":"VIATXESLAV POLONSKI","post_excerpt":"","post_status":"publish","comment_status":"closed","ping_status":"closed","post_password":"","post_name":"viatxeslav-polonski","to_ping":"","pinged":"","post_modified":"2022-10-14 22:39:07","post_modified_gmt":"2022-10-14 20:39:07","post_content_filtered":"","post_parent":0,"guid":"http:\/\/dev.claret.cat\/autor\/viatxeslav-polonski\/","menu_order":0,"post_type":"autor","post_mime_type":"","comment_count":"0","filter":"raw"}]},"aioseo_notices":[],"_links":{"self":[{"href":"https:\/\/www.claret.cat\/es\/wp-json\/wp\/v2\/product\/31527","targetHints":{"allow":["GET"]}}],"collection":[{"href":"https:\/\/www.claret.cat\/es\/wp-json\/wp\/v2\/product"}],"about":[{"href":"https:\/\/www.claret.cat\/es\/wp-json\/wp\/v2\/types\/product"}],"wp:featuredmedia":[{"embeddable":true,"href":"https:\/\/www.claret.cat\/es\/wp-json\/wp\/v2\/media\/317021"}],"wp:attachment":[{"href":"https:\/\/www.claret.cat\/es\/wp-json\/wp\/v2\/media?parent=31527"}],"wp:term":[{"taxonomy":"product_brand","embeddable":true,"href":"https:\/\/www.claret.cat\/es\/wp-json\/wp\/v2\/product_brand?post=31527"},{"taxonomy":"product_cat","embeddable":true,"href":"https:\/\/www.claret.cat\/es\/wp-json\/wp\/v2\/product_cat?post=31527"},{"taxonomy":"product_tag","embeddable":true,"href":"https:\/\/www.claret.cat\/es\/wp-json\/wp\/v2\/product_tag?post=31527"}],"curies":[{"name":"wp","href":"https:\/\/api.w.org\/{rel}","templated":true}]}}