{"id":315390,"date":"2023-01-02T11:00:11","date_gmt":"2023-01-02T10:00:11","guid":{"rendered":"https:\/\/www.claret.cat\/llibre\/gitanjali-9788427135611\/"},"modified":"2026-04-01T04:45:47","modified_gmt":"2026-04-01T02:45:47","slug":"gitanjali-9788427135611","status":"publish","type":"product","link":"https:\/\/www.claret.cat\/es\/libro\/gitanjali-9788427135611\/","title":{"rendered":"GIT\u00c1NJALI"},"content":{"rendered":"<p>En noviembre de 2013 se cumplieron cien a\u00f1os de la concesi\u00f3n del Premio Nobel al eximio poeta indio Rabindranath Tagore (1861-1941). Dos a\u00f1os antes, en 2011, se hab\u00eda celebrado el 150 aniversario de su nacimiento. Con esta doble ocasi\u00f3n presentamos esta nueva traducci\u00f3n de su obra m\u00e1s conocida.<\/p>\n<p>Mientras que hasta ahora las versiones en castellano se han hecho a partir del Git\u00e1njali ingl\u00e9s, el presente libro ofrece la primera traducci\u00f3n espa\u00f1ola realizada directamente del texto original bengal\u00ed.<\/p>\n","protected":false},"excerpt":{"rendered":"<p>TAGORE, RABINDRANATH<\/p>\n","protected":false},"featured_media":976533,"template":"","meta":{"_acf_changed":false,"om_disable_all_campaigns":false,"rs_blank_template":"","rs_page_bg_color":"","slide_template_v7":"","inline_featured_image":false,"_monsterinsights_skip_tracking":false,"_monsterinsights_sitenote_active":false,"_monsterinsights_sitenote_note":"","_monsterinsights_sitenote_category":0},"product_brand":[],"product_cat":[354,123,121,340],"product_tag":[],"class_list":{"0":"post-315390","1":"product","2":"type-product","3":"status-publish","4":"has-post-thumbnail","6":"product_cat-clasica","7":"product_cat-classica","8":"product_cat-poesia","9":"product_cat-poesia-5_otras","11":"first","12":"instock","13":"taxable","14":"shipping-taxable","15":"purchasable","16":"product-type-simple"},"acf":{"editorial":[{"ID":8258,"post_author":"3","post_date":"2022-09-30 09:21:32","post_date_gmt":"2022-09-30 07:21:32","post_content":"","post_title":"MENSAJERO","post_excerpt":"","post_status":"publish","comment_status":"closed","ping_status":"closed","post_password":"","post_name":"mensajero","to_ping":"","pinged":"","post_modified":"2022-09-30 09:21:32","post_modified_gmt":"2022-09-30 07:21:32","post_content_filtered":"","post_parent":0,"guid":"http:\/\/dev.claret.cat\/editorial\/mensajero\/","menu_order":0,"post_type":"editorial","post_mime_type":"","comment_count":"0","filter":"raw"}],"autores-libros":[{"ID":167509,"post_author":"3","post_date":"2022-10-14 18:11:46","post_date_gmt":"2022-10-14 16:11:46","post_content":"","post_title":"RABINDRANATH TAGORE","post_excerpt":"","post_status":"publish","comment_status":"closed","ping_status":"closed","post_password":"","post_name":"rabindranath-tagore","to_ping":"","pinged":"","post_modified":"2022-10-14 18:11:46","post_modified_gmt":"2022-10-14 16:11:46","post_content_filtered":"","post_parent":0,"guid":"http:\/\/dev.claret.cat\/autor\/rabindranath-tagore\/","menu_order":0,"post_type":"autor","post_mime_type":"","comment_count":"0","filter":"raw"}],"autor":"TAGORE, RABINDRANATH","codart":"842713561","libros-coleccion":"","ediciones":"1","encuadernacion":"R\u00fastica","fecha_de_publicacion":"07\/02\/2014","novedad":"0","paginas":"164","subtitulo":"","orden":"999","portada":"0","idioma":"spa","booktrailer":"","resenas":""},"aioseo_notices":[],"_links":{"self":[{"href":"https:\/\/www.claret.cat\/es\/wp-json\/wp\/v2\/product\/315390","targetHints":{"allow":["GET"]}}],"collection":[{"href":"https:\/\/www.claret.cat\/es\/wp-json\/wp\/v2\/product"}],"about":[{"href":"https:\/\/www.claret.cat\/es\/wp-json\/wp\/v2\/types\/product"}],"wp:featuredmedia":[{"embeddable":true,"href":"https:\/\/www.claret.cat\/es\/wp-json\/wp\/v2\/media\/976533"}],"wp:attachment":[{"href":"https:\/\/www.claret.cat\/es\/wp-json\/wp\/v2\/media?parent=315390"}],"wp:term":[{"taxonomy":"product_brand","embeddable":true,"href":"https:\/\/www.claret.cat\/es\/wp-json\/wp\/v2\/product_brand?post=315390"},{"taxonomy":"product_cat","embeddable":true,"href":"https:\/\/www.claret.cat\/es\/wp-json\/wp\/v2\/product_cat?post=315390"},{"taxonomy":"product_tag","embeddable":true,"href":"https:\/\/www.claret.cat\/es\/wp-json\/wp\/v2\/product_tag?post=315390"}],"curies":[{"name":"wp","href":"https:\/\/api.w.org\/{rel}","templated":true}]}}